{"id":2703,"date":"2018-04-29T18:01:28","date_gmt":"2018-04-29T16:01:28","guid":{"rendered":"https:\/\/medikemosclinic.com\/?page_id=2703\/"},"modified":"2018-04-29T18:01:28","modified_gmt":"2018-04-29T16:01:28","slug":"medikamente","status":"publish","type":"page","link":"https:\/\/medikemosclinic.com\/de\/medikamente\/","title":{"rendered":"Medikamente"},"content":{"rendered":"<div class=\"fusion-fullwidth fullwidth-box fusion-builder-row-1 nonhundred-percent-fullwidth non-hundred-percent-height-scrolling\" style=\"--awb-border-radius-top-left:0px;--awb-border-radius-top-right:0px;--awb-border-radius-bottom-right:0px;--awb-border-radius-bottom-left:0px;--awb-padding-top:20px;--awb-padding-bottom:20px;--awb-flex-wrap:wrap;\" ><div class=\"fusion-builder-row fusion-row\"><div class=\"fusion-layout-column fusion_builder_column fusion-builder-column-0 fusion_builder_column_1_1 1_1 fusion-one-full fusion-column-first fusion-column-last\" style=\"--awb-bg-size:cover;\"><div class=\"fusion-column-wrapper fusion-flex-column-wrapper-legacy\"><div class=\"fusion-text fusion-text-1\"><h3>Medikamente gegen Haarausfall<\/h3>\n<p>Das Internet ist \u00fcbers\u00e4t mit Produkten, die versprechen Haarausfall einfach, schnell und g\u00fcnstig zu bek\u00e4mpfen. Wie oft haben Sie online geschaut und eine Werbung f\u00fcr ein Mittel gegen Haarausfall gefunden? Laserbehandlungen, nat\u00fcrliche Kr\u00e4uterextrakte, Pulver, Getr\u00e4nke, pflanzliche Tinkturen, Haarwuchsmittel, Nahrungserg\u00e4nzungsmittel, Elixiere &#8230; die Liste der Produkte, die versprechen das Haarwachstum zu stimulieren, ist schier unendlich. Die Haarausfall-Industrie ist Milliarden von Euros wert, aber die Wahrheit ist, dass es nur zwei Medikamente gegen Haarausfall gibt, die nachweislich funktionieren.<\/p>\n<h3>Minoxidil<\/h3>\n<p>Eines dieser beiden Medikamente hei\u00dft Minoxidil, das unter dem Markennamen Regaine\u00ae bzw. Rogaine\u00ae (in den USA) vermarktet wird. In den USA entwickelt, war es das erste Produkt zur Behandlung von Haarausfall, welches 1988 von der Food and Drug Administration (FDA) zugelassen wurde. Urspr\u00fcnglich war es in einer 2%igen topischen L\u00f6sung erh\u00e4ltlich, die auf die Kopfhaut aufgetragen wurde, um Haarausfall zu verlangsamen und das Haarwachstum zu f\u00f6rdern. Neun Jahre sp\u00e4ter wurde eine st\u00e4rkere Version mit einem Minoxidil-Gehalt von 5% zugelassen, was eine erstaunliche Wiederwachstumsrate von 45%, ein vielfaches des Vorg\u00e4ngers, erm\u00f6glichte. Minoxidil wurde urspr\u00fcnglich f\u00fcr M\u00e4nner vermarktet, aber die 2% Formel wird mittlerweile auch zur Behandlung von weiblichem Haarausfall eingesetzt.<\/p>\n<p><strong>Minoxidil ist das einzige Medikament, welches auch f\u00fcr Frauen empfohlen wird, da die Wirksamkeit von Finasterid bei Frauen umstritten ist und die m\u00f6glichen Nebenwirkungen gegen\u00fcber den Vorteilen \u00fcberwiegen.<\/strong><\/p>\n<h3>Finasteride<\/h3>\n<p>Finasterid ist das erste orale Medikament gegen Haarausfall. Es ist wirksamer als Minoxidil, da es f\u00fcr etwa 67% derjenigen, die das Medikament einnehmen, Wirksamkeit gezeigt hat. Nachfolgende Studien haben eine sogar noch gr\u00f6\u00dfere Reaktionsrate gezeigt.<\/p>\n<p>Finasterid, das unter anderem unter den Markennamen Proscar\u00ae und Propecia\u00ae vertrieben wird, wurde urspr\u00fcnglich zur Bek\u00e4mpfung von BPH (benigne Prostatahyperplasie &#8211; eine vergr\u00f6\u00dferte Prostata) entwickelt. Diese Erkrankung wird durch Dehydrotestosteron (DHT) verursacht, das die Prostata bei \u00e4lteren M\u00e4nnern vergr\u00f6\u00dfert. Selbiges Hormon ist f\u00fcr Haarausfall bei M\u00e4nnern verantwortlich. Finasterid blockiert die DHT-Produktion und ist das einzige zugelassene orale Medikament, das sich bei der Behandlung von m\u00e4nnlichem Haarausfall bew\u00e4hrt hat.<\/p>\n<p>Vielleicht glauben Sie, dass zwischen einer Haartransplantation und der Einnahme von Medikamenten eine Wahl getroffen werden muss, dies ist jedoch definitiv nicht der Fall. W\u00e4hrend eine Haartransplantation Ihnen hilft, bereits kahle Stellen wiederherzustellen, verhindert dies nicht, dass die anderen Bereiche Ihrer Kopfhaut durch Haarausfall beeintr\u00e4chtigt werden.<\/p>\n<p><strong>Daher wird Dr. Lupanzula Sie bei der Behandlung bei Medikemos \u00fcber Ihre Entscheidungen aufkl\u00e4ren und einen individuellen Haarsanierungsplan f\u00fcr Sie entwickeln, so dass Sie langfristige Ergebnisse erzielen k\u00f6nnen.<\/strong><\/p>\n<\/div><div class=\"fusion-clearfix\"><\/div><\/div><\/div><\/div><\/div>\n","protected":false},"excerpt":{"rendered":"","protected":false},"author":1,"featured_media":0,"parent":0,"menu_order":0,"comment_status":"closed","ping_status":"closed","template":"100-width.php","meta":{"_monsterinsights_skip_tracking":false,"_monsterinsights_sitenote_active":false,"_monsterinsights_sitenote_note":"","_monsterinsights_sitenote_category":0,"footnotes":""},"class_list":["post-2703","page","type-page","status-publish","hentry"],"yoast_head":"<!-- This site is optimized with the Yoast SEO plugin v27.3 - https:\/\/yoast.com\/product\/yoast-seo-wordpress\/ -->\n<title>Medikamente - Medikemos Clinic<\/title>\n<meta name=\"robots\" content=\"index, follow, max-snippet:-1, max-image-preview:large, max-video-preview:-1\" \/>\n<link rel=\"canonical\" href=\"https:\/\/medikemosclinic.com\/de\/medikamente\/\" \/>\n<meta property=\"og:locale\" content=\"de_DE\" \/>\n<meta property=\"og:type\" content=\"article\" \/>\n<meta property=\"og:title\" content=\"Medikamente - Medikemos Clinic\" \/>\n<meta property=\"og:url\" content=\"https:\/\/medikemosclinic.com\/de\/medikamente\/\" \/>\n<meta property=\"og:site_name\" content=\"Medikemos Clinic\" \/>\n<meta property=\"article:publisher\" content=\"https:\/\/www.facebook.com\/medikemoshairtransplant\" \/>\n<meta name=\"twitter:card\" content=\"summary_large_image\" \/>\n<meta name=\"twitter:label1\" content=\"Gesch\u00e4tzte Lesezeit\" \/>\n\t<meta name=\"twitter:data1\" content=\"3\u00a0Minuten\" \/>\n<script type=\"application\/ld+json\" class=\"yoast-schema-graph\">{\"@context\":\"https:\\\/\\\/schema.org\",\"@graph\":[{\"@type\":\"WebPage\",\"@id\":\"https:\\\/\\\/medikemosclinic.com\\\/de\\\/medikamente\\\/\",\"url\":\"https:\\\/\\\/medikemosclinic.com\\\/de\\\/medikamente\\\/\",\"name\":\"Medikamente - Medikemos Clinic\",\"isPartOf\":{\"@id\":\"https:\\\/\\\/medikemosclinic.com\\\/#website\"},\"datePublished\":\"2018-04-29T16:01:28+00:00\",\"breadcrumb\":{\"@id\":\"https:\\\/\\\/medikemosclinic.com\\\/de\\\/medikamente\\\/#breadcrumb\"},\"inLanguage\":\"de\",\"potentialAction\":[{\"@type\":\"ReadAction\",\"target\":[\"https:\\\/\\\/medikemosclinic.com\\\/de\\\/medikamente\\\/\"]}]},{\"@type\":\"BreadcrumbList\",\"@id\":\"https:\\\/\\\/medikemosclinic.com\\\/de\\\/medikamente\\\/#breadcrumb\",\"itemListElement\":[{\"@type\":\"ListItem\",\"position\":1,\"name\":\"Accueil\",\"item\":\"https:\\\/\\\/medikemosclinic.com\\\/de\\\/\"},{\"@type\":\"ListItem\",\"position\":2,\"name\":\"Medikamente\"}]},{\"@type\":\"WebSite\",\"@id\":\"https:\\\/\\\/medikemosclinic.com\\\/#website\",\"url\":\"https:\\\/\\\/medikemosclinic.com\\\/\",\"name\":\"Medikemos Clinic\",\"description\":\"Solution et traitement contre la chute de cheveux\",\"publisher\":{\"@id\":\"https:\\\/\\\/medikemosclinic.com\\\/#organization\"},\"potentialAction\":[{\"@type\":\"SearchAction\",\"target\":{\"@type\":\"EntryPoint\",\"urlTemplate\":\"https:\\\/\\\/medikemosclinic.com\\\/?s={search_term_string}\"},\"query-input\":{\"@type\":\"PropertyValueSpecification\",\"valueRequired\":true,\"valueName\":\"search_term_string\"}}],\"inLanguage\":\"de\"},{\"@type\":\"Organization\",\"@id\":\"https:\\\/\\\/medikemosclinic.com\\\/#organization\",\"name\":\"MeDiKemos Clinic\",\"url\":\"https:\\\/\\\/medikemosclinic.com\\\/\",\"logo\":{\"@type\":\"ImageObject\",\"inLanguage\":\"de\",\"@id\":\"https:\\\/\\\/medikemosclinic.com\\\/#\\\/schema\\\/logo\\\/image\\\/\",\"url\":\"https:\\\/\\\/medikemosclinic.com\\\/wp-content\\\/uploads\\\/2017\\\/03\\\/Logo-MDK-sticky-retina.png\",\"contentUrl\":\"https:\\\/\\\/medikemosclinic.com\\\/wp-content\\\/uploads\\\/2017\\\/03\\\/Logo-MDK-sticky-retina.png\",\"width\":130,\"height\":130,\"caption\":\"MeDiKemos Clinic\"},\"image\":{\"@id\":\"https:\\\/\\\/medikemosclinic.com\\\/#\\\/schema\\\/logo\\\/image\\\/\"},\"sameAs\":[\"https:\\\/\\\/www.facebook.com\\\/medikemoshairtransplant\",\"https:\\\/\\\/www.linkedin.com\\\/company\\\/medikemos-clinic\",\"https:\\\/\\\/www.youtube.com\\\/user\\\/MHairTransplantation\\\/\"]}]}<\/script>\n<!-- \/ Yoast SEO plugin. -->","yoast_head_json":{"title":"Medikamente - Medikemos Clinic","robots":{"index":"index","follow":"follow","max-snippet":"max-snippet:-1","max-image-preview":"max-image-preview:large","max-video-preview":"max-video-preview:-1"},"canonical":"https:\/\/medikemosclinic.com\/de\/medikamente\/","og_locale":"de_DE","og_type":"article","og_title":"Medikamente - Medikemos Clinic","og_url":"https:\/\/medikemosclinic.com\/de\/medikamente\/","og_site_name":"Medikemos Clinic","article_publisher":"https:\/\/www.facebook.com\/medikemoshairtransplant","twitter_card":"summary_large_image","twitter_misc":{"Gesch\u00e4tzte Lesezeit":"3\u00a0Minuten"},"schema":{"@context":"https:\/\/schema.org","@graph":[{"@type":"WebPage","@id":"https:\/\/medikemosclinic.com\/de\/medikamente\/","url":"https:\/\/medikemosclinic.com\/de\/medikamente\/","name":"Medikamente - Medikemos Clinic","isPartOf":{"@id":"https:\/\/medikemosclinic.com\/#website"},"datePublished":"2018-04-29T16:01:28+00:00","breadcrumb":{"@id":"https:\/\/medikemosclinic.com\/de\/medikamente\/#breadcrumb"},"inLanguage":"de","potentialAction":[{"@type":"ReadAction","target":["https:\/\/medikemosclinic.com\/de\/medikamente\/"]}]},{"@type":"BreadcrumbList","@id":"https:\/\/medikemosclinic.com\/de\/medikamente\/#breadcrumb","itemListElement":[{"@type":"ListItem","position":1,"name":"Accueil","item":"https:\/\/medikemosclinic.com\/de\/"},{"@type":"ListItem","position":2,"name":"Medikamente"}]},{"@type":"WebSite","@id":"https:\/\/medikemosclinic.com\/#website","url":"https:\/\/medikemosclinic.com\/","name":"Medikemos Clinic","description":"Solution et traitement contre la chute de cheveux","publisher":{"@id":"https:\/\/medikemosclinic.com\/#organization"},"potentialAction":[{"@type":"SearchAction","target":{"@type":"EntryPoint","urlTemplate":"https:\/\/medikemosclinic.com\/?s={search_term_string}"},"query-input":{"@type":"PropertyValueSpecification","valueRequired":true,"valueName":"search_term_string"}}],"inLanguage":"de"},{"@type":"Organization","@id":"https:\/\/medikemosclinic.com\/#organization","name":"MeDiKemos Clinic","url":"https:\/\/medikemosclinic.com\/","logo":{"@type":"ImageObject","inLanguage":"de","@id":"https:\/\/medikemosclinic.com\/#\/schema\/logo\/image\/","url":"https:\/\/medikemosclinic.com\/wp-content\/uploads\/2017\/03\/Logo-MDK-sticky-retina.png","contentUrl":"https:\/\/medikemosclinic.com\/wp-content\/uploads\/2017\/03\/Logo-MDK-sticky-retina.png","width":130,"height":130,"caption":"MeDiKemos Clinic"},"image":{"@id":"https:\/\/medikemosclinic.com\/#\/schema\/logo\/image\/"},"sameAs":["https:\/\/www.facebook.com\/medikemoshairtransplant","https:\/\/www.linkedin.com\/company\/medikemos-clinic","https:\/\/www.youtube.com\/user\/MHairTransplantation\/"]}]}},"_links":{"self":[{"href":"https:\/\/medikemosclinic.com\/de\/wp-json\/wp\/v2\/pages\/2703","targetHints":{"allow":["GET"]}}],"collection":[{"href":"https:\/\/medikemosclinic.com\/de\/wp-json\/wp\/v2\/pages"}],"about":[{"href":"https:\/\/medikemosclinic.com\/de\/wp-json\/wp\/v2\/types\/page"}],"author":[{"embeddable":true,"href":"https:\/\/medikemosclinic.com\/de\/wp-json\/wp\/v2\/users\/1"}],"replies":[{"embeddable":true,"href":"https:\/\/medikemosclinic.com\/de\/wp-json\/wp\/v2\/comments?post=2703"}],"version-history":[{"count":1,"href":"https:\/\/medikemosclinic.com\/de\/wp-json\/wp\/v2\/pages\/2703\/revisions"}],"predecessor-version":[{"id":2704,"href":"https:\/\/medikemosclinic.com\/de\/wp-json\/wp\/v2\/pages\/2703\/revisions\/2704"}],"wp:attachment":[{"href":"https:\/\/medikemosclinic.com\/de\/wp-json\/wp\/v2\/media?parent=2703"}],"curies":[{"name":"wp","href":"https:\/\/api.w.org\/{rel}","templated":true}]}}