{"id":2764,"date":"2018-05-14T17:25:58","date_gmt":"2018-05-14T15:25:58","guid":{"rendered":"https:\/\/medikemosclinic.com\/?page_id=2764\/"},"modified":"2018-05-14T20:57:33","modified_gmt":"2018-05-14T18:57:33","slug":"maennliche-musterkahlheit","status":"publish","type":"page","link":"https:\/\/medikemosclinic.com\/de\/maennliche-musterkahlheit\/","title":{"rendered":"M\u00e4nnliche Musterkahlheit"},"content":{"rendered":"<p><div class=\"fusion-fullwidth fullwidth-box fusion-builder-row-1 nonhundred-percent-fullwidth non-hundred-percent-height-scrolling\" style=\"--awb-border-radius-top-left:0px;--awb-border-radius-top-right:0px;--awb-border-radius-bottom-right:0px;--awb-border-radius-bottom-left:0px;--awb-padding-top:20px;--awb-padding-bottom:20px;--awb-flex-wrap:wrap;\" ><div class=\"fusion-builder-row fusion-row\"><div class=\"fusion-layout-column fusion_builder_column fusion-builder-column-0 fusion_builder_column_1_1 1_1 fusion-one-full fusion-column-first fusion-column-last\" style=\"--awb-bg-size:cover;\"><div class=\"fusion-column-wrapper fusion-flex-column-wrapper-legacy\"><div class=\"fusion-text fusion-text-1\"><p><a title=\"Norwood Classification\" href=\"\/wp-content\/uploads\/2017\/03\/Norwood-Classification-B.jpg\" rel=\"prettyPhoto\"><img decoding=\"async\" class=\"alignright\" src=\"\/wp-content\/uploads\/2017\/03\/Norwood-Classification-S.jpg\" alt=\"Norwood Classification\" width=\"205\" height=\"159\"><\/a><\/p>\n<p><strong>M\u00e4nnlicher Haarausfall<\/strong> ist unter verschiedenen Namen bekannt, einschlie\u00dflich androgenetische Alopezie und m\u00e4nnliche Musterkahlheit. Der Hauptgrund sind hormonelle Ver\u00e4nderungen im K\u00f6rper, doch ist dies nicht der einzige Grund, weshalb M\u00e4nner an Haarausfall leiden. Jeder, der an androgenetischer Alopezie leidet, hat die genetische Veranlagung f\u00fcr eine solche Reaktion auf hormonelle Probleme. Es ist ein Mythos, dass diese Gene nur von der m\u00fctterlichen Seite der Familie weitergegeben werden, da ein oder beide Elternteile die genetische Information in sich tragen und es an ihre Nachkommen weitergeben k\u00f6nnen.<\/p>\n<\/div><div class=\"fusion-builder-row fusion-builder-row-inner fusion-row\"><div class=\"fusion-layout-column fusion_builder_column_inner fusion-builder-nested-column-0 fusion_builder_column_inner_1_3 1_3 fusion-one-third fusion-column-first\" style=\"--awb-bg-size:cover;width:33.333333333333%;width:calc(33.333333333333% - ( ( 4% + 4% ) * 0.33333333333333 ) );margin-right: 4%;\"><div class=\"fusion-column-wrapper fusion-flex-column-wrapper-legacy\"><div class=\"fusion-text fusion-text-2\">\t<div id=\"BAone-69f31a25e5eff\" class=\"baslider-main\" style=\"width:600px; border: 0px solid #ffffff;\">\n\t\t<ul class=\"slides-BAone-69f31a25e5eff\">\n\t\t\t\t\t<li class=\"baslideli\">\n\t\t\t\t<div class=\"beforeAfterSlidebar \">\n\t\t\t\t\t<div class=\"bottomImage\" >\n\t\t\t\t\t\t<img decoding=\"async\" src=\"https:\/\/medikemosclinic.com\/wp-content\/uploads\/2017\/03\/before-and-after-medikemos-3.jpg\" alt=\"Before-Medikemos\">\n\t\t\t\t\t<\/div>\n                    <div class=\"topImage\" style=\"border-left-color:#ffffff;-webkit-transition: 0ms;-moz-transition-duration: 0ms;-o-transition-duration: 0ms;-ms-transition-duration: 0ms;transition-duration: 0ms; \">\n\t\t\t\t\t\t<img decoding=\"async\" class=\"topImg\" style=\"-webkit-transition: 0ms;-moz-transition-duration: 0ms;-o-transition-duration: 0ms;-ms-transition-duration: 0ms;transition-duration: 0ms;\" src=\"https:\/\/medikemosclinic.com\/wp-content\/uploads\/2017\/03\/before-and-after-medikemos-4.jpg\" alt=\"After-Medikemos\">\n\t\t\t\t\t<\/div><h5 style=\"text-align:center;color:#ffffff !important;\"><span class=\"ba-before\" >Before<\/span><span class=\"ba-title\" style=\"font-size:13px; display:none !important;\">Medikemos<\/span><span class=\"ba-after\" >After<\/span><\/h5><\/div>\n\t\t\t<\/li>\n\t\t\t\t\t<\/ul>\n\t<\/div>\n\t<div class=\"ba-outside\" style=\"width:600px;display:none !important;\">\n\t\t<span id=\"slider-next-BAone-69f31a25e5eff\" class=\"slide-nex\"><\/span><span id=\"slider-prev-BAone-69f31a25e5eff\" class=\"slide-pre\"><\/span>\n\t<\/div>\n\t<div style=\"clear:both\"><\/div>\n\t\t<script type=\"text\/javascript\">\n\t\t(function($){\n\t\t\t\t\t\t\t\tvar bxslider_BAone;\n                $(document).ready(function(){\n                        var BAone_l = get_width('#BAone-69f31a25e5eff');\n                        var BAone_r = get_width('#BAone-69f31a25e5eff');\n                        var BAone_l = BAone_l-2;\n                        var BAone_r = BAone_r;\n                        var BAone_auto = false;\n                        var BAone_delay = '5000';\n                        var BAone_effect = 'fade';\n\t\t\t\t\t\tvar BAone_pager = false;\n                    \treset_images('BAone-69f31a25e5eff');\n                        bxslider_BAone = start_slider('BAone-69f31a25e5eff',BAone_delay, BAone_auto, BAone_effect, BAone_l, BAone_r, BAone_pager);\n                });\n                $(window).on(\"resize\", function(event){\n                    reset_images('BAone-69f31a25e5eff');\n                });\n\t\t\t\t$( \".wpb_accordion .wpb_accordion_wrapper\" ).on( \"accordionactivate\", function( event, ui ) {\n\t\t\t\t\tbxslider_BAone.redrawSlider();\n\t\t\t\t\treset_images('BAone-69f31a25e5eff');\n\t\t\t\t} );\n\t\t\t\t$(document).on(\"ultAdvancedTabClicked\", function(){\n\t\t\t\t\tbxslider_BAone.destroySlider();\n\t\t\t\t\tvar BAone_l = get_width('#BAone-69f31a25e5eff');\n\t\t\t\t\tvar BAone_r = get_width('#BAone-69f31a25e5eff');\n\t\t\t\t\tvar BAone_l = BAone_l-2;\n\t\t\t\t\tvar BAone_r = BAone_r;\n\t\t\t\t\tvar BAone_auto = false;\n\t\t\t\t\tvar BAone_delay = '5000';\n\t\t\t\t\tvar BAone_effect = 'fade';\n\t\t\t\t\tvar BAone_pager = false;\n\t\t\t\t\treset_images('BAone-69f31a25e5eff');\n\t\t\t\t\tstart_slider('BAone-69f31a25e5eff',BAone_delay, BAone_auto, BAone_effect, BAone_l, BAone_r, BAone_pager);\n\t\t\t\t});\n\t\t\t\t$(document).ajaxComplete(function(e, xhr, settings){\n\t\t\t\t\tvar BAone_l = get_width('#BAone-69f31a25e5eff');\n\t\t\t\t\tvar BAone_r = get_width('#BAone-69f31a25e5eff');\n\t\t\t\t\tvar BAone_l = BAone_l-2;\n\t\t\t\t\tvar BAone_r = BAone_r;\n\t\t\t\t\tvar BAone_auto = false;\n\t\t\t\t\tvar BAone_delay = '5000';\n\t\t\t\t\tvar BAone_effect = 'fade';\n\t\t\t\t\tvar BAone_pager = false;\n\t\t\t\t\treset_images('BAone-69f31a25e5eff');\n\t\t\t\t\tstart_slider('BAone-69f31a25e5eff',BAone_delay, BAone_auto, BAone_effect, BAone_l, BAone_r, BAone_pager);\n\t\t\t\t});\n\t\t})(jQuery);\n        <\/script>\n\t\n<\/div><div class=\"fusion-clearfix\"><\/div><\/div><\/div><div class=\"fusion-layout-column fusion_builder_column_inner fusion-builder-nested-column-1 fusion_builder_column_inner_1_3 1_3 fusion-one-third\" style=\"--awb-bg-size:cover;width:33.333333333333%;width:calc(33.333333333333% - ( ( 4% + 4% ) * 0.33333333333333 ) );margin-right: 4%;\"><div class=\"fusion-column-wrapper fusion-flex-column-wrapper-legacy\"><div class=\"fusion-text fusion-text-3\">\t<div id=\"BAtwo-69f31a25e6900\" class=\"baslider-main\" style=\"width:600px; border: 0px solid #ffffff;\">\n\t\t<ul class=\"slides-BAtwo-69f31a25e6900\">\n\t\t\t\t\t<li class=\"baslideli\">\n\t\t\t\t<div class=\"beforeAfterSlidebar \">\n\t\t\t\t\t<div class=\"bottomImage\" >\n\t\t\t\t\t\t<img decoding=\"async\" src=\"https:\/\/medikemosclinic.com\/wp-content\/uploads\/2017\/03\/before-and-after-medikemos-7.jpg\" alt=\"Before-Medikemos\">\n\t\t\t\t\t<\/div>\n                    <div class=\"topImage\" style=\"border-left-color:#ffffff;-webkit-transition: 0ms;-moz-transition-duration: 0ms;-o-transition-duration: 0ms;-ms-transition-duration: 0ms;transition-duration: 0ms; \">\n\t\t\t\t\t\t<img decoding=\"async\" class=\"topImg\" style=\"-webkit-transition: 0ms;-moz-transition-duration: 0ms;-o-transition-duration: 0ms;-ms-transition-duration: 0ms;transition-duration: 0ms;\" src=\"https:\/\/medikemosclinic.com\/wp-content\/uploads\/2017\/03\/before-and-after-medikemos-8.jpg\" alt=\"After-Medikemos\">\n\t\t\t\t\t<\/div><h5 style=\"text-align:center;color:#ffffff !important;\"><span class=\"ba-before\" >Before<\/span><span class=\"ba-title\" style=\"font-size:13px; display:none !important;\">Medikemos<\/span><span class=\"ba-after\" >After<\/span><\/h5><\/div>\n\t\t\t<\/li>\n\t\t\t\t\t<\/ul>\n\t<\/div>\n\t<div class=\"ba-outside\" style=\"width:600px;display:none !important;\">\n\t\t<span id=\"slider-next-BAtwo-69f31a25e6900\" class=\"slide-nex\"><\/span><span id=\"slider-prev-BAtwo-69f31a25e6900\" class=\"slide-pre\"><\/span>\n\t<\/div>\n\t<div style=\"clear:both\"><\/div>\n\t\t<script type=\"text\/javascript\">\n\t\t(function($){\n\t\t\t\t\t\t\t\tvar bxslider_BAtwo;\n                $(document).ready(function(){\n                        var BAtwo_l = get_width('#BAtwo-69f31a25e6900');\n                        var BAtwo_r = get_width('#BAtwo-69f31a25e6900');\n                        var BAtwo_l = BAtwo_l-2;\n                        var BAtwo_r = BAtwo_r;\n                        var BAtwo_auto = false;\n                        var BAtwo_delay = '5000';\n                        var BAtwo_effect = 'fade';\n\t\t\t\t\t\tvar BAtwo_pager = false;\n                    \treset_images('BAtwo-69f31a25e6900');\n                        bxslider_BAtwo = start_slider('BAtwo-69f31a25e6900',BAtwo_delay, BAtwo_auto, BAtwo_effect, BAtwo_l, BAtwo_r, BAtwo_pager);\n                });\n                $(window).on(\"resize\", function(event){\n                    reset_images('BAtwo-69f31a25e6900');\n                });\n\t\t\t\t$( \".wpb_accordion .wpb_accordion_wrapper\" ).on( \"accordionactivate\", function( event, ui ) {\n\t\t\t\t\tbxslider_BAtwo.redrawSlider();\n\t\t\t\t\treset_images('BAtwo-69f31a25e6900');\n\t\t\t\t} );\n\t\t\t\t$(document).on(\"ultAdvancedTabClicked\", function(){\n\t\t\t\t\tbxslider_BAtwo.destroySlider();\n\t\t\t\t\tvar BAtwo_l = get_width('#BAtwo-69f31a25e6900');\n\t\t\t\t\tvar BAtwo_r = get_width('#BAtwo-69f31a25e6900');\n\t\t\t\t\tvar BAtwo_l = BAtwo_l-2;\n\t\t\t\t\tvar BAtwo_r = BAtwo_r;\n\t\t\t\t\tvar BAtwo_auto = false;\n\t\t\t\t\tvar BAtwo_delay = '5000';\n\t\t\t\t\tvar BAtwo_effect = 'fade';\n\t\t\t\t\tvar BAtwo_pager = false;\n\t\t\t\t\treset_images('BAtwo-69f31a25e6900');\n\t\t\t\t\tstart_slider('BAtwo-69f31a25e6900',BAtwo_delay, BAtwo_auto, BAtwo_effect, BAtwo_l, BAtwo_r, BAtwo_pager);\n\t\t\t\t});\n\t\t\t\t$(document).ajaxComplete(function(e, xhr, settings){\n\t\t\t\t\tvar BAtwo_l = get_width('#BAtwo-69f31a25e6900');\n\t\t\t\t\tvar BAtwo_r = get_width('#BAtwo-69f31a25e6900');\n\t\t\t\t\tvar BAtwo_l = BAtwo_l-2;\n\t\t\t\t\tvar BAtwo_r = BAtwo_r;\n\t\t\t\t\tvar BAtwo_auto = false;\n\t\t\t\t\tvar BAtwo_delay = '5000';\n\t\t\t\t\tvar BAtwo_effect = 'fade';\n\t\t\t\t\tvar BAtwo_pager = false;\n\t\t\t\t\treset_images('BAtwo-69f31a25e6900');\n\t\t\t\t\tstart_slider('BAtwo-69f31a25e6900',BAtwo_delay, BAtwo_auto, BAtwo_effect, BAtwo_l, BAtwo_r, BAtwo_pager);\n\t\t\t\t});\n\t\t})(jQuery);\n        <\/script>\n\t\n<\/div><div class=\"fusion-clearfix\"><\/div><\/div><\/div><div class=\"fusion-layout-column fusion_builder_column_inner fusion-builder-nested-column-2 fusion_builder_column_inner_1_3 1_3 fusion-one-third fusion-column-last\" style=\"--awb-bg-size:cover;width:33.333333333333%;width:calc(33.333333333333% - ( ( 4% + 4% ) * 0.33333333333333 ) );\"><div class=\"fusion-column-wrapper fusion-flex-column-wrapper-legacy\"><div class=\"fusion-text fusion-text-4\">\t<div id=\"BAthree-69f31a25e725d\" class=\"baslider-main\" style=\"width:600px; border: 0px solid #ffffff;\">\n\t\t<ul class=\"slides-BAthree-69f31a25e725d\">\n\t\t\t\t\t<li class=\"baslideli\">\n\t\t\t\t<div class=\"beforeAfterSlidebar \">\n\t\t\t\t\t<div class=\"bottomImage\" >\n\t\t\t\t\t\t<img decoding=\"async\" src=\"https:\/\/medikemosclinic.com\/wp-content\/uploads\/2017\/03\/Medikemos-hair-transplantation-2002.jpg\" alt=\"Before-Medikemos\">\n\t\t\t\t\t<\/div>\n                    <div class=\"topImage\" style=\"border-left-color:#ffffff;-webkit-transition: 0ms;-moz-transition-duration: 0ms;-o-transition-duration: 0ms;-ms-transition-duration: 0ms;transition-duration: 0ms; \">\n\t\t\t\t\t\t<img decoding=\"async\" class=\"topImg\" style=\"-webkit-transition: 0ms;-moz-transition-duration: 0ms;-o-transition-duration: 0ms;-ms-transition-duration: 0ms;transition-duration: 0ms;\" src=\"https:\/\/medikemosclinic.com\/wp-content\/uploads\/2017\/03\/Medikemos-hair-transplantation-2012.jpg\" alt=\"After-Medikemos\">\n\t\t\t\t\t<\/div><h5 style=\"text-align:center;color:#ffffff !important;\"><span class=\"ba-before\" >Before<\/span><span class=\"ba-title\" style=\"font-size:13px; display:none !important;\">Medikemos<\/span><span class=\"ba-after\" >After<\/span><\/h5><\/div>\n\t\t\t<\/li>\n\t\t\t\t\t<\/ul>\n\t<\/div>\n\t<div class=\"ba-outside\" style=\"width:600px;display:none !important;\">\n\t\t<span id=\"slider-next-BAthree-69f31a25e725d\" class=\"slide-nex\"><\/span><span id=\"slider-prev-BAthree-69f31a25e725d\" class=\"slide-pre\"><\/span>\n\t<\/div>\n\t<div style=\"clear:both\"><\/div>\n\t\t<script type=\"text\/javascript\">\n\t\t(function($){\n\t\t\t\t\t\t\t\tvar bxslider_BAthree;\n                $(document).ready(function(){\n                        var BAthree_l = get_width('#BAthree-69f31a25e725d');\n                        var BAthree_r = get_width('#BAthree-69f31a25e725d');\n                        var BAthree_l = BAthree_l-2;\n                        var BAthree_r = BAthree_r;\n                        var BAthree_auto = false;\n                        var BAthree_delay = '5000';\n                        var BAthree_effect = 'fade';\n\t\t\t\t\t\tvar BAthree_pager = false;\n                    \treset_images('BAthree-69f31a25e725d');\n                        bxslider_BAthree = start_slider('BAthree-69f31a25e725d',BAthree_delay, BAthree_auto, BAthree_effect, BAthree_l, BAthree_r, BAthree_pager);\n                });\n                $(window).on(\"resize\", function(event){\n                    reset_images('BAthree-69f31a25e725d');\n                });\n\t\t\t\t$( \".wpb_accordion .wpb_accordion_wrapper\" ).on( \"accordionactivate\", function( event, ui ) {\n\t\t\t\t\tbxslider_BAthree.redrawSlider();\n\t\t\t\t\treset_images('BAthree-69f31a25e725d');\n\t\t\t\t} );\n\t\t\t\t$(document).on(\"ultAdvancedTabClicked\", function(){\n\t\t\t\t\tbxslider_BAthree.destroySlider();\n\t\t\t\t\tvar BAthree_l = get_width('#BAthree-69f31a25e725d');\n\t\t\t\t\tvar BAthree_r = get_width('#BAthree-69f31a25e725d');\n\t\t\t\t\tvar BAthree_l = BAthree_l-2;\n\t\t\t\t\tvar BAthree_r = BAthree_r;\n\t\t\t\t\tvar BAthree_auto = false;\n\t\t\t\t\tvar BAthree_delay = '5000';\n\t\t\t\t\tvar BAthree_effect = 'fade';\n\t\t\t\t\tvar BAthree_pager = false;\n\t\t\t\t\treset_images('BAthree-69f31a25e725d');\n\t\t\t\t\tstart_slider('BAthree-69f31a25e725d',BAthree_delay, BAthree_auto, BAthree_effect, BAthree_l, BAthree_r, BAthree_pager);\n\t\t\t\t});\n\t\t\t\t$(document).ajaxComplete(function(e, xhr, settings){\n\t\t\t\t\tvar BAthree_l = get_width('#BAthree-69f31a25e725d');\n\t\t\t\t\tvar BAthree_r = get_width('#BAthree-69f31a25e725d');\n\t\t\t\t\tvar BAthree_l = BAthree_l-2;\n\t\t\t\t\tvar BAthree_r = BAthree_r;\n\t\t\t\t\tvar BAthree_auto = false;\n\t\t\t\t\tvar BAthree_delay = '5000';\n\t\t\t\t\tvar BAthree_effect = 'fade';\n\t\t\t\t\tvar BAthree_pager = false;\n\t\t\t\t\treset_images('BAthree-69f31a25e725d');\n\t\t\t\t\tstart_slider('BAthree-69f31a25e725d',BAthree_delay, BAthree_auto, BAthree_effect, BAthree_l, BAthree_r, BAthree_pager);\n\t\t\t\t});\n\t\t})(jQuery);\n        <\/script>\n\t\n<\/div><div class=\"fusion-clearfix\"><\/div><\/div><\/div><\/div><div class=\"fusion-clearfix\"><\/div><\/div><\/div><\/div><\/div><div class=\"fusion-bg-parallax\" data-bg-align=\"center center\" data-direction=\"up\" data-mute=\"false\" data-opacity=\"100\" data-velocity=\"-0.3\" data-mobile-enabled=\"false\" data-break_parents=\"0\" data-bg-image=\"https:\/\/medikemosclinic.com\/wp-content\/uploads\/2017\/03\/Under-Stripe-BIGGER.jpg\" data-bg-repeat=\"false\" ><\/div><div class=\"fusion-fullwidth fullwidth-box fusion-builder-row-2 fusion-parallax-up nonhundred-percent-fullwidth non-hundred-percent-height-scrolling\" style=\"--awb-border-radius-top-left:0px;--awb-border-radius-top-right:0px;--awb-border-radius-bottom-right:0px;--awb-border-radius-bottom-left:0px;--awb-padding-top:35px;--awb-padding-bottom:35px;--awb-background-image:url(&quot;https:\/\/medikemosclinic.com\/wp-content\/uploads\/2017\/03\/Under-Stripe-BIGGER.jpg&quot;);--awb-background-size:cover;--awb-flex-wrap:wrap;\" ><div class=\"fusion-builder-row fusion-row\"><div class=\"fusion-layout-column fusion_builder_column fusion-builder-column-1 fusion_builder_column_1_1 1_1 fusion-one-full fusion-column-first fusion-column-last\" style=\"--awb-bg-size:cover;\"><div class=\"fusion-column-wrapper fusion-flex-column-wrapper-legacy\"><div class=\"fusion-text fusion-text-5\"><h3 style=\"text-align: center;\"><span style=\"color: #ffffff;\">Haarausfall bedeutet, dass das Haar auf der Kopfhaut mit der Zeit sichtbar d\u00fcnner wird. Haarausfall kann tempor\u00e4rer Natur sein, oder permanent.<\/span><\/h3>\n<\/div><div class=\"fusion-clearfix\"><\/div><\/div><\/div><\/div><\/div><\/p>\n","protected":false},"excerpt":{"rendered":"","protected":false},"author":1,"featured_media":0,"parent":0,"menu_order":0,"comment_status":"closed","ping_status":"closed","template":"100-width.php","meta":{"_monsterinsights_skip_tracking":false,"_monsterinsights_sitenote_active":false,"_monsterinsights_sitenote_note":"","_monsterinsights_sitenote_category":0,"footnotes":""},"class_list":["post-2764","page","type-page","status-publish","hentry"],"yoast_head":"<!-- This site is optimized with the Yoast SEO plugin v27.5 - https:\/\/yoast.com\/product\/yoast-seo-wordpress\/ -->\n<title>M\u00e4nnliche Musterkahlheit - Medikemos Clinic<\/title>\n<meta name=\"robots\" content=\"index, follow, max-snippet:-1, max-image-preview:large, max-video-preview:-1\" \/>\n<link rel=\"canonical\" href=\"https:\/\/medikemosclinic.com\/de\/maennliche-musterkahlheit\/\" \/>\n<meta property=\"og:locale\" content=\"de_DE\" \/>\n<meta property=\"og:type\" content=\"article\" \/>\n<meta property=\"og:title\" content=\"M\u00e4nnliche Musterkahlheit - Medikemos Clinic\" \/>\n<meta property=\"og:url\" content=\"https:\/\/medikemosclinic.com\/de\/maennliche-musterkahlheit\/\" \/>\n<meta property=\"og:site_name\" content=\"Medikemos Clinic\" \/>\n<meta property=\"article:publisher\" content=\"https:\/\/www.facebook.com\/medikemoshairtransplant\" \/>\n<meta property=\"article:modified_time\" content=\"2018-05-14T18:57:33+00:00\" \/>\n<meta property=\"og:image\" content=\"https:\/\/medikemosclinic.com\/wp-content\/uploads\/2017\/03\/Norwood-Classification-S.jpg\" \/>\n<meta name=\"twitter:card\" content=\"summary_large_image\" \/>\n<meta name=\"twitter:label1\" content=\"Gesch\u00e4tzte Lesezeit\" \/>\n\t<meta name=\"twitter:data1\" content=\"3\u00a0Minuten\" \/>\n<script type=\"application\/ld+json\" class=\"yoast-schema-graph\">{\"@context\":\"https:\\\/\\\/schema.org\",\"@graph\":[{\"@type\":\"WebPage\",\"@id\":\"https:\\\/\\\/medikemosclinic.com\\\/de\\\/maennliche-musterkahlheit\\\/\",\"url\":\"https:\\\/\\\/medikemosclinic.com\\\/de\\\/maennliche-musterkahlheit\\\/\",\"name\":\"M\u00e4nnliche Musterkahlheit - Medikemos Clinic\",\"isPartOf\":{\"@id\":\"https:\\\/\\\/medikemosclinic.com\\\/#website\"},\"datePublished\":\"2018-05-14T15:25:58+00:00\",\"dateModified\":\"2018-05-14T18:57:33+00:00\",\"breadcrumb\":{\"@id\":\"https:\\\/\\\/medikemosclinic.com\\\/de\\\/maennliche-musterkahlheit\\\/#breadcrumb\"},\"inLanguage\":\"de\",\"potentialAction\":[{\"@type\":\"ReadAction\",\"target\":[\"https:\\\/\\\/medikemosclinic.com\\\/de\\\/maennliche-musterkahlheit\\\/\"]}]},{\"@type\":\"BreadcrumbList\",\"@id\":\"https:\\\/\\\/medikemosclinic.com\\\/de\\\/maennliche-musterkahlheit\\\/#breadcrumb\",\"itemListElement\":[{\"@type\":\"ListItem\",\"position\":1,\"name\":\"Accueil\",\"item\":\"https:\\\/\\\/medikemosclinic.com\\\/de\\\/\"},{\"@type\":\"ListItem\",\"position\":2,\"name\":\"M\u00e4nnliche Musterkahlheit\"}]},{\"@type\":\"WebSite\",\"@id\":\"https:\\\/\\\/medikemosclinic.com\\\/#website\",\"url\":\"https:\\\/\\\/medikemosclinic.com\\\/\",\"name\":\"Medikemos Clinic\",\"description\":\"Solution et traitement contre la chute de cheveux\",\"publisher\":{\"@id\":\"https:\\\/\\\/medikemosclinic.com\\\/#organization\"},\"potentialAction\":[{\"@type\":\"SearchAction\",\"target\":{\"@type\":\"EntryPoint\",\"urlTemplate\":\"https:\\\/\\\/medikemosclinic.com\\\/?s={search_term_string}\"},\"query-input\":{\"@type\":\"PropertyValueSpecification\",\"valueRequired\":true,\"valueName\":\"search_term_string\"}}],\"inLanguage\":\"de\"},{\"@type\":\"Organization\",\"@id\":\"https:\\\/\\\/medikemosclinic.com\\\/#organization\",\"name\":\"MeDiKemos Clinic\",\"url\":\"https:\\\/\\\/medikemosclinic.com\\\/\",\"logo\":{\"@type\":\"ImageObject\",\"inLanguage\":\"de\",\"@id\":\"https:\\\/\\\/medikemosclinic.com\\\/#\\\/schema\\\/logo\\\/image\\\/\",\"url\":\"https:\\\/\\\/medikemosclinic.com\\\/wp-content\\\/uploads\\\/2017\\\/03\\\/Logo-MDK-sticky-retina.png\",\"contentUrl\":\"https:\\\/\\\/medikemosclinic.com\\\/wp-content\\\/uploads\\\/2017\\\/03\\\/Logo-MDK-sticky-retina.png\",\"width\":130,\"height\":130,\"caption\":\"MeDiKemos Clinic\"},\"image\":{\"@id\":\"https:\\\/\\\/medikemosclinic.com\\\/#\\\/schema\\\/logo\\\/image\\\/\"},\"sameAs\":[\"https:\\\/\\\/www.facebook.com\\\/medikemoshairtransplant\",\"https:\\\/\\\/www.linkedin.com\\\/company\\\/medikemos-clinic\",\"https:\\\/\\\/www.youtube.com\\\/user\\\/MHairTransplantation\\\/\"]}]}<\/script>\n<!-- \/ Yoast SEO plugin. -->","yoast_head_json":{"title":"M\u00e4nnliche Musterkahlheit - Medikemos Clinic","robots":{"index":"index","follow":"follow","max-snippet":"max-snippet:-1","max-image-preview":"max-image-preview:large","max-video-preview":"max-video-preview:-1"},"canonical":"https:\/\/medikemosclinic.com\/de\/maennliche-musterkahlheit\/","og_locale":"de_DE","og_type":"article","og_title":"M\u00e4nnliche Musterkahlheit - Medikemos Clinic","og_url":"https:\/\/medikemosclinic.com\/de\/maennliche-musterkahlheit\/","og_site_name":"Medikemos Clinic","article_publisher":"https:\/\/www.facebook.com\/medikemoshairtransplant","article_modified_time":"2018-05-14T18:57:33+00:00","og_image":[{"url":"https:\/\/medikemosclinic.com\/wp-content\/uploads\/2017\/03\/Norwood-Classification-S.jpg","type":"","width":"","height":""}],"twitter_card":"summary_large_image","twitter_misc":{"Gesch\u00e4tzte Lesezeit":"3\u00a0Minuten"},"schema":{"@context":"https:\/\/schema.org","@graph":[{"@type":"WebPage","@id":"https:\/\/medikemosclinic.com\/de\/maennliche-musterkahlheit\/","url":"https:\/\/medikemosclinic.com\/de\/maennliche-musterkahlheit\/","name":"M\u00e4nnliche Musterkahlheit - Medikemos Clinic","isPartOf":{"@id":"https:\/\/medikemosclinic.com\/#website"},"datePublished":"2018-05-14T15:25:58+00:00","dateModified":"2018-05-14T18:57:33+00:00","breadcrumb":{"@id":"https:\/\/medikemosclinic.com\/de\/maennliche-musterkahlheit\/#breadcrumb"},"inLanguage":"de","potentialAction":[{"@type":"ReadAction","target":["https:\/\/medikemosclinic.com\/de\/maennliche-musterkahlheit\/"]}]},{"@type":"BreadcrumbList","@id":"https:\/\/medikemosclinic.com\/de\/maennliche-musterkahlheit\/#breadcrumb","itemListElement":[{"@type":"ListItem","position":1,"name":"Accueil","item":"https:\/\/medikemosclinic.com\/de\/"},{"@type":"ListItem","position":2,"name":"M\u00e4nnliche Musterkahlheit"}]},{"@type":"WebSite","@id":"https:\/\/medikemosclinic.com\/#website","url":"https:\/\/medikemosclinic.com\/","name":"Medikemos Clinic","description":"Solution et traitement contre la chute de cheveux","publisher":{"@id":"https:\/\/medikemosclinic.com\/#organization"},"potentialAction":[{"@type":"SearchAction","target":{"@type":"EntryPoint","urlTemplate":"https:\/\/medikemosclinic.com\/?s={search_term_string}"},"query-input":{"@type":"PropertyValueSpecification","valueRequired":true,"valueName":"search_term_string"}}],"inLanguage":"de"},{"@type":"Organization","@id":"https:\/\/medikemosclinic.com\/#organization","name":"MeDiKemos Clinic","url":"https:\/\/medikemosclinic.com\/","logo":{"@type":"ImageObject","inLanguage":"de","@id":"https:\/\/medikemosclinic.com\/#\/schema\/logo\/image\/","url":"https:\/\/medikemosclinic.com\/wp-content\/uploads\/2017\/03\/Logo-MDK-sticky-retina.png","contentUrl":"https:\/\/medikemosclinic.com\/wp-content\/uploads\/2017\/03\/Logo-MDK-sticky-retina.png","width":130,"height":130,"caption":"MeDiKemos Clinic"},"image":{"@id":"https:\/\/medikemosclinic.com\/#\/schema\/logo\/image\/"},"sameAs":["https:\/\/www.facebook.com\/medikemoshairtransplant","https:\/\/www.linkedin.com\/company\/medikemos-clinic","https:\/\/www.youtube.com\/user\/MHairTransplantation\/"]}]}},"_links":{"self":[{"href":"https:\/\/medikemosclinic.com\/de\/wp-json\/wp\/v2\/pages\/2764","targetHints":{"allow":["GET"]}}],"collection":[{"href":"https:\/\/medikemosclinic.com\/de\/wp-json\/wp\/v2\/pages"}],"about":[{"href":"https:\/\/medikemosclinic.com\/de\/wp-json\/wp\/v2\/types\/page"}],"author":[{"embeddable":true,"href":"https:\/\/medikemosclinic.com\/de\/wp-json\/wp\/v2\/users\/1"}],"replies":[{"embeddable":true,"href":"https:\/\/medikemosclinic.com\/de\/wp-json\/wp\/v2\/comments?post=2764"}],"version-history":[{"count":4,"href":"https:\/\/medikemosclinic.com\/de\/wp-json\/wp\/v2\/pages\/2764\/revisions"}],"predecessor-version":[{"id":2818,"href":"https:\/\/medikemosclinic.com\/de\/wp-json\/wp\/v2\/pages\/2764\/revisions\/2818"}],"wp:attachment":[{"href":"https:\/\/medikemosclinic.com\/de\/wp-json\/wp\/v2\/media?parent=2764"}],"curies":[{"name":"wp","href":"https:\/\/api.w.org\/{rel}","templated":true}]}}