{"id":2813,"date":"2018-05-14T20:36:23","date_gmt":"2018-05-14T18:36:23","guid":{"rendered":"https:\/\/medikemosclinic.com\/?page_id=2813\/"},"modified":"2018-05-14T20:36:23","modified_gmt":"2018-05-14T18:36:23","slug":"der-haarzyklus","status":"publish","type":"page","link":"https:\/\/medikemosclinic.com\/de\/der-haarzyklus\/","title":{"rendered":"Der Haarzyklus"},"content":{"rendered":"<div class=\"fusion-fullwidth fullwidth-box fusion-builder-row-1 nonhundred-percent-fullwidth non-hundred-percent-height-scrolling\" style=\"--awb-border-radius-top-left:0px;--awb-border-radius-top-right:0px;--awb-border-radius-bottom-right:0px;--awb-border-radius-bottom-left:0px;--awb-padding-top:20px;--awb-padding-bottom:20px;--awb-flex-wrap:wrap;\" ><div class=\"fusion-builder-row fusion-row\"><div class=\"fusion-layout-column fusion_builder_column fusion-builder-column-0 fusion_builder_column_1_1 1_1 fusion-one-full fusion-column-first fusion-column-last\" style=\"--awb-bg-size:cover;\"><div class=\"fusion-column-wrapper fusion-flex-column-wrapper-legacy\"><div class=\"fusion-text fusion-text-1\"><p>Das Haarwachstum ist ein langsamer Prozess. Das Haar w\u00e4chst in Zyklen und der Abschluss eines Zyklus kann drei bis f\u00fcnf Jahre dauern. Die Zyklen des Haarwachstums sind wie folgt:<\/p>\n<\/div><div class=\"fusion-image-element in-legacy-container\" style=\"--awb-caption-title-font-family:var(--h2_typography-font-family);--awb-caption-title-font-weight:var(--h2_typography-font-weight);--awb-caption-title-font-style:var(--h2_typography-font-style);--awb-caption-title-size:var(--h2_typography-font-size);--awb-caption-title-transform:var(--h2_typography-text-transform);--awb-caption-title-line-height:var(--h2_typography-line-height);--awb-caption-title-letter-spacing:var(--h2_typography-letter-spacing);\"><span class=\" fusion-imageframe imageframe-none imageframe-1 hover-type-none\"><a href=\"https:\/\/medikemosclinic.com\/wp-content\/uploads\/2017\/03\/anagen-catagen-telogen-B.jpg\" class=\"fusion-lightbox\" data-rel=\"iLightbox[c36b06035d82a08ebfa]\" data-title=\"anagen-catagen-telogen-B\" title=\"anagen-catagen-telogen\"><img decoding=\"async\" width=\"389\" height=\"240\" alt=\"anagen-catagen-telogen\" src=\"https:\/\/medikemosclinic.com\/wp-content\/uploads\/2017\/03\/anagen-catagen-telogen-1.jpg\" class=\"img-responsive wp-image-2201\" srcset=\"https:\/\/medikemosclinic.com\/wp-content\/uploads\/2017\/03\/anagen-catagen-telogen-1-200x123.jpg 200w, https:\/\/medikemosclinic.com\/wp-content\/uploads\/2017\/03\/anagen-catagen-telogen-1.jpg 389w\" sizes=\"(max-width: 1190px) 100vw, 389px\" \/><\/a><\/span><\/div><div class=\"fusion-text fusion-text-2\"><h3>Anagene Phase<\/h3>\n<p><strong>Diese aktive Phase ist auch die l\u00e4ngste im Haarwachstumszyklus.<\/strong> In der Zeit von drei bis f\u00fcnf Jahren wird das Haar jeden Tag l\u00e4nger.<br \/>\nSobald dieser Teil des Wachstumszyklus abgeschlossen ist, tritt der Follikel in die sogenannte Katagenphase ein:<\/p>\n<h3>Katagene Phase<\/h3>\n<p><strong>Diese Phase dauert nur ein paar Wochen.<\/strong><br \/>\nDies ist der Teil des Haarwachstumszyklus, bei dem der Haarfollikel schrumpft und sich von der Blutversorgung in der Kopfhaut l\u00f6st. Obwohl es logisch w\u00e4re anzunehmen, dass der Follikel jetzt tot ist, da er keine Blutversorgung hat, ist dies nicht so. Er geht einfach in einen Ruhezustand \u00fcber.<\/p>\n<h3>Telogene Phase<\/h3>\n<p><strong>Die nachfolgende Phase ist die sogenannte telogene oder &#8222;ruhende&#8220; Phase des Haarwuchses, die bei vielen Menschen Angst ausl\u00f6sen kann.<\/strong> Wenn das Haar von der Katalanen Phase in die Telegene Phase \u00fcbergeht, l\u00f6st der Follikel den Haarschaft und die Haare fallen aus der Kopfhaut.<br \/>\nIn der Regel wird sich der Follikel jedoch regenerieren, sich wieder an die Blutversorgung in der Kopfhaut anschlie\u00dfen und einen neuen Haarschaft bilden. Der Zyklus wiederholt sich dann selbst, es sei denn, er wird gest\u00f6rt, was dann zum Ausd\u00fcnnen der Haare oder gar Kahlheit f\u00fchren kann.<br \/>\nEtwa 10 bis 15% aller Haare befinden sich in der Telogenphase, und wir k\u00f6nnen t\u00e4glich zwischen 100 und 200 Haare verlieren. Dies ist vollkommen normal und kein Grund zur Besorgnis.<\/p>\n<\/div><div class=\"accordian fusion-accordian\" style=\"--awb-border-size:1px;--awb-icon-size:13px;--awb-content-font-size:20px;--awb-icon-alignment:left;--awb-hover-color:#f9f9f9;--awb-border-color:#cccccc;--awb-background-color:#ffffff;--awb-divider-color:#e0dede;--awb-divider-hover-color:#e0dede;--awb-icon-color:#ffffff;--awb-title-color:#df4b37;--awb-content-color:#333333;--awb-icon-box-color:rgba(25,66,102,0.65);--awb-toggle-hover-accent-color:#194266;--awb-title-font-family:Arial, Helvetica, sans-serif;--awb-title-font-weight:400;--awb-title-font-style:normal;--awb-title-font-size:20px;--awb-content-font-family:Arial, Helvetica, sans-serif;--awb-content-font-style:normal;--awb-content-font-weight:400;\"><div class=\"panel-group fusion-toggle-icon-boxed\" id=\"accordion-2813-1\"><div class=\"fusion-panel panel-default panel-94b21896fc043d9ab fusion-toggle-has-divider\"><div class=\"panel-heading\"><h4 class=\"panel-title toggle\" id=\"toggle_94b21896fc043d9ab\"><a aria-expanded=\"false\" aria-controls=\"94b21896fc043d9ab\" role=\"button\" data-toggle=\"collapse\" data-parent=\"#accordion-2813-1\" data-target=\"#94b21896fc043d9ab\" href=\"#94b21896fc043d9ab\"><span class=\"fusion-toggle-icon-wrapper\" aria-hidden=\"true\"><i class=\"fa-fusion-box active-icon awb-icon-minus\" aria-hidden=\"true\"><\/i><i class=\"fa-fusion-box inactive-icon awb-icon-plus\" aria-hidden=\"true\"><\/i><\/span><span class=\"fusion-toggle-heading\">Wann sollte ich mir Sorgen machen?<\/span><\/a><\/h4><\/div><div id=\"94b21896fc043d9ab\" class=\"panel-collapse collapse \" aria-labelledby=\"toggle_94b21896fc043d9ab\"><div class=\"panel-body toggle-content fusion-clearfix\">Wenn Sie bemerkt haben, dass Ihre Haare d\u00fcnner werden, haben Sie bereits etwa 50% der Haare im sichtbaren Bereich verloren. 50% !!!<br \/>\nWie kann das sein? Es hat alles mit visueller Wahrnehmung zu tun.<\/p>\n<p>H\u00e4ufig bedeckt die L\u00e4nge der Haare Bereiche, die von Haarausfall betroffen sind, zumindest bis zu einem gewissen Punkt. Sobald jedoch eine bestimmte Schwelle \u00fcberschritten wird, kann die L\u00e4nge der Haare die Ausd\u00fcnnung nicht mehr kompensieren und der Haarausfall wird sichtbar.<\/p>\n<p>Daher ist in den meisten F\u00e4llen ein \u00fcberm\u00e4\u00dfiger Haarausfall kaum bemerkbar, bis die Ausd\u00fcnnung ziemlich stark geworden ist.<\/div><\/div><\/div><div class=\"fusion-panel panel-default panel-0765bafe97167309c fusion-toggle-has-divider\"><div class=\"panel-heading\"><h4 class=\"panel-title toggle\" id=\"toggle_0765bafe97167309c\"><a aria-expanded=\"false\" aria-controls=\"0765bafe97167309c\" role=\"button\" data-toggle=\"collapse\" data-parent=\"#accordion-2813-1\" data-target=\"#0765bafe97167309c\" href=\"#0765bafe97167309c\"><span class=\"fusion-toggle-icon-wrapper\" aria-hidden=\"true\"><i class=\"fa-fusion-box active-icon awb-icon-minus\" aria-hidden=\"true\"><\/i><i class=\"fa-fusion-box inactive-icon awb-icon-plus\" aria-hidden=\"true\"><\/i><\/span><span class=\"fusion-toggle-heading\">Was verursacht Haarausfall?<\/span><\/a><\/h4><\/div><div id=\"0765bafe97167309c\" class=\"panel-collapse collapse \" aria-labelledby=\"toggle_0765bafe97167309c\"><div class=\"panel-body toggle-content fusion-clearfix\">\n<p><strong>Androgenetische Alopezie wird durch ein Hormon namens Dihydrotestosteron (DHT) verursacht.<\/strong> Dieses Hormon bindet sich auf zellul\u00e4rer Ebene an die Zwiebel des Follikels und beeinflusst, wie der Follikel ern\u00e4hrt wird. Mit der Zeit wird sich der Follikel nicht so robust von der Telogenphase erholen, wie es war, als er von DHT noch unbeeinflusst war. Die anagene Phase des Wachstums wird verk\u00fcrzt, so dass der Haarschaft nicht so lange wachsen kann und nicht zu seinem vollen Durchmesser heranreift. Dies wird als Miniaturisierung der Haarfollikel bezeichnet.<\/p>\n<p>In der Welt des Haarausfalls und der Haarwiederherstellung werden gesunde Haare als \u201cTerminal-Haare&#8220; bezeichnet, w\u00e4hrend die von DHT betroffenen Haare &#8222;miniaturisierte Haare&#8220; genannt werden.<\/p>\n<\/div><\/div><\/div><div class=\"fusion-panel panel-default panel-be086d256dfcdf1be fusion-toggle-has-divider\"><div class=\"panel-heading\"><h4 class=\"panel-title toggle\" id=\"toggle_be086d256dfcdf1be\"><a aria-expanded=\"false\" aria-controls=\"be086d256dfcdf1be\" role=\"button\" data-toggle=\"collapse\" data-parent=\"#accordion-2813-1\" data-target=\"#be086d256dfcdf1be\" href=\"#be086d256dfcdf1be\"><span class=\"fusion-toggle-icon-wrapper\" aria-hidden=\"true\"><i class=\"fa-fusion-box active-icon awb-icon-minus\" aria-hidden=\"true\"><\/i><i class=\"fa-fusion-box inactive-icon awb-icon-plus\" aria-hidden=\"true\"><\/i><\/span><span class=\"fusion-toggle-heading\">Wie kann ich feststellen, ob meine Haare miniaturisieren?<\/span><\/a><\/h4><\/div><div id=\"be086d256dfcdf1be\" class=\"panel-collapse collapse \" aria-labelledby=\"toggle_be086d256dfcdf1be\"><div class=\"panel-body toggle-content fusion-clearfix\">\n<p>Eine einfache Bewertung Ihrer Haare durch einen geschulten Fachmann kann Ihnen helfen zu lernen, wenn Sie Miniaturisierung der Haarfollikel erleben. Dies kann durch einen gut ausgebildeten Berater, der f\u00fcr eine Klinik arbeitet, ein erfahrener Haarausfall oder Haartransplantation Arzt oder Ihr Hautarzt sein. Sie k\u00f6nnen Ihr Haar unter Vergr\u00f6\u00dferung betrachten und mit ihren Augen sehen, dass Sie einen h\u00f6heren Anteil von miniaturisierten bis terminalen Haaren als normal haben und feststellen, dass Sie etwas haben, das Ihr Haar beeinflusst. Es k\u00f6nnen auch spezielle Mikroskope verwendet werden, die ein Bild auf einen Computerbildschirm projizieren, und die Miniaturisierung kann kartiert und berechnet werden. Dies ist in der Regel nicht notwendig, wenn es sich um eine Haartransplantation handelt, denn wenn Sie die Auswirkungen von DHT sehen k\u00f6nnen, kann ein erfahrener Haarpfleger das Problem schnell erkennen.<\/p>\n<\/div><\/div><\/div><\/div><\/div><div class=\"fusion-clearfix\"><\/div><\/div><\/div><\/div><\/div>\n","protected":false},"excerpt":{"rendered":"","protected":false},"author":1,"featured_media":0,"parent":0,"menu_order":0,"comment_status":"closed","ping_status":"closed","template":"","meta":{"_monsterinsights_skip_tracking":false,"_monsterinsights_sitenote_active":false,"_monsterinsights_sitenote_note":"","_monsterinsights_sitenote_category":0,"footnotes":""},"class_list":["post-2813","page","type-page","status-publish","hentry"],"yoast_head":"<!-- This site is optimized with the Yoast SEO plugin v27.4 - https:\/\/yoast.com\/product\/yoast-seo-wordpress\/ -->\n<title>Der Haarzyklus - Medikemos Clinic<\/title>\n<meta name=\"robots\" content=\"index, follow, max-snippet:-1, max-image-preview:large, max-video-preview:-1\" \/>\n<link rel=\"canonical\" href=\"https:\/\/medikemosclinic.com\/de\/der-haarzyklus\/\" \/>\n<meta property=\"og:locale\" content=\"de_DE\" \/>\n<meta property=\"og:type\" content=\"article\" \/>\n<meta property=\"og:title\" content=\"Der Haarzyklus - Medikemos Clinic\" \/>\n<meta property=\"og:url\" content=\"https:\/\/medikemosclinic.com\/de\/der-haarzyklus\/\" \/>\n<meta property=\"og:site_name\" content=\"Medikemos Clinic\" \/>\n<meta property=\"article:publisher\" content=\"https:\/\/www.facebook.com\/medikemoshairtransplant\" \/>\n<meta name=\"twitter:card\" content=\"summary_large_image\" \/>\n<meta name=\"twitter:label1\" content=\"Gesch\u00e4tzte Lesezeit\" \/>\n\t<meta name=\"twitter:data1\" content=\"4\u00a0Minuten\" \/>\n<script type=\"application\/ld+json\" class=\"yoast-schema-graph\">{\"@context\":\"https:\\\/\\\/schema.org\",\"@graph\":[{\"@type\":\"WebPage\",\"@id\":\"https:\\\/\\\/medikemosclinic.com\\\/de\\\/der-haarzyklus\\\/\",\"url\":\"https:\\\/\\\/medikemosclinic.com\\\/de\\\/der-haarzyklus\\\/\",\"name\":\"Der Haarzyklus - Medikemos Clinic\",\"isPartOf\":{\"@id\":\"https:\\\/\\\/medikemosclinic.com\\\/#website\"},\"datePublished\":\"2018-05-14T18:36:23+00:00\",\"breadcrumb\":{\"@id\":\"https:\\\/\\\/medikemosclinic.com\\\/de\\\/der-haarzyklus\\\/#breadcrumb\"},\"inLanguage\":\"de\",\"potentialAction\":[{\"@type\":\"ReadAction\",\"target\":[\"https:\\\/\\\/medikemosclinic.com\\\/de\\\/der-haarzyklus\\\/\"]}]},{\"@type\":\"BreadcrumbList\",\"@id\":\"https:\\\/\\\/medikemosclinic.com\\\/de\\\/der-haarzyklus\\\/#breadcrumb\",\"itemListElement\":[{\"@type\":\"ListItem\",\"position\":1,\"name\":\"Accueil\",\"item\":\"https:\\\/\\\/medikemosclinic.com\\\/de\\\/\"},{\"@type\":\"ListItem\",\"position\":2,\"name\":\"Der Haarzyklus\"}]},{\"@type\":\"WebSite\",\"@id\":\"https:\\\/\\\/medikemosclinic.com\\\/#website\",\"url\":\"https:\\\/\\\/medikemosclinic.com\\\/\",\"name\":\"Medikemos Clinic\",\"description\":\"Solution et traitement contre la chute de cheveux\",\"publisher\":{\"@id\":\"https:\\\/\\\/medikemosclinic.com\\\/#organization\"},\"potentialAction\":[{\"@type\":\"SearchAction\",\"target\":{\"@type\":\"EntryPoint\",\"urlTemplate\":\"https:\\\/\\\/medikemosclinic.com\\\/?s={search_term_string}\"},\"query-input\":{\"@type\":\"PropertyValueSpecification\",\"valueRequired\":true,\"valueName\":\"search_term_string\"}}],\"inLanguage\":\"de\"},{\"@type\":\"Organization\",\"@id\":\"https:\\\/\\\/medikemosclinic.com\\\/#organization\",\"name\":\"MeDiKemos Clinic\",\"url\":\"https:\\\/\\\/medikemosclinic.com\\\/\",\"logo\":{\"@type\":\"ImageObject\",\"inLanguage\":\"de\",\"@id\":\"https:\\\/\\\/medikemosclinic.com\\\/#\\\/schema\\\/logo\\\/image\\\/\",\"url\":\"https:\\\/\\\/medikemosclinic.com\\\/wp-content\\\/uploads\\\/2017\\\/03\\\/Logo-MDK-sticky-retina.png\",\"contentUrl\":\"https:\\\/\\\/medikemosclinic.com\\\/wp-content\\\/uploads\\\/2017\\\/03\\\/Logo-MDK-sticky-retina.png\",\"width\":130,\"height\":130,\"caption\":\"MeDiKemos Clinic\"},\"image\":{\"@id\":\"https:\\\/\\\/medikemosclinic.com\\\/#\\\/schema\\\/logo\\\/image\\\/\"},\"sameAs\":[\"https:\\\/\\\/www.facebook.com\\\/medikemoshairtransplant\",\"https:\\\/\\\/www.linkedin.com\\\/company\\\/medikemos-clinic\",\"https:\\\/\\\/www.youtube.com\\\/user\\\/MHairTransplantation\\\/\"]}]}<\/script>\n<!-- \/ Yoast SEO plugin. -->","yoast_head_json":{"title":"Der Haarzyklus - Medikemos Clinic","robots":{"index":"index","follow":"follow","max-snippet":"max-snippet:-1","max-image-preview":"max-image-preview:large","max-video-preview":"max-video-preview:-1"},"canonical":"https:\/\/medikemosclinic.com\/de\/der-haarzyklus\/","og_locale":"de_DE","og_type":"article","og_title":"Der Haarzyklus - Medikemos Clinic","og_url":"https:\/\/medikemosclinic.com\/de\/der-haarzyklus\/","og_site_name":"Medikemos Clinic","article_publisher":"https:\/\/www.facebook.com\/medikemoshairtransplant","twitter_card":"summary_large_image","twitter_misc":{"Gesch\u00e4tzte Lesezeit":"4\u00a0Minuten"},"schema":{"@context":"https:\/\/schema.org","@graph":[{"@type":"WebPage","@id":"https:\/\/medikemosclinic.com\/de\/der-haarzyklus\/","url":"https:\/\/medikemosclinic.com\/de\/der-haarzyklus\/","name":"Der Haarzyklus - Medikemos Clinic","isPartOf":{"@id":"https:\/\/medikemosclinic.com\/#website"},"datePublished":"2018-05-14T18:36:23+00:00","breadcrumb":{"@id":"https:\/\/medikemosclinic.com\/de\/der-haarzyklus\/#breadcrumb"},"inLanguage":"de","potentialAction":[{"@type":"ReadAction","target":["https:\/\/medikemosclinic.com\/de\/der-haarzyklus\/"]}]},{"@type":"BreadcrumbList","@id":"https:\/\/medikemosclinic.com\/de\/der-haarzyklus\/#breadcrumb","itemListElement":[{"@type":"ListItem","position":1,"name":"Accueil","item":"https:\/\/medikemosclinic.com\/de\/"},{"@type":"ListItem","position":2,"name":"Der Haarzyklus"}]},{"@type":"WebSite","@id":"https:\/\/medikemosclinic.com\/#website","url":"https:\/\/medikemosclinic.com\/","name":"Medikemos Clinic","description":"Solution et traitement contre la chute de cheveux","publisher":{"@id":"https:\/\/medikemosclinic.com\/#organization"},"potentialAction":[{"@type":"SearchAction","target":{"@type":"EntryPoint","urlTemplate":"https:\/\/medikemosclinic.com\/?s={search_term_string}"},"query-input":{"@type":"PropertyValueSpecification","valueRequired":true,"valueName":"search_term_string"}}],"inLanguage":"de"},{"@type":"Organization","@id":"https:\/\/medikemosclinic.com\/#organization","name":"MeDiKemos Clinic","url":"https:\/\/medikemosclinic.com\/","logo":{"@type":"ImageObject","inLanguage":"de","@id":"https:\/\/medikemosclinic.com\/#\/schema\/logo\/image\/","url":"https:\/\/medikemosclinic.com\/wp-content\/uploads\/2017\/03\/Logo-MDK-sticky-retina.png","contentUrl":"https:\/\/medikemosclinic.com\/wp-content\/uploads\/2017\/03\/Logo-MDK-sticky-retina.png","width":130,"height":130,"caption":"MeDiKemos Clinic"},"image":{"@id":"https:\/\/medikemosclinic.com\/#\/schema\/logo\/image\/"},"sameAs":["https:\/\/www.facebook.com\/medikemoshairtransplant","https:\/\/www.linkedin.com\/company\/medikemos-clinic","https:\/\/www.youtube.com\/user\/MHairTransplantation\/"]}]}},"_links":{"self":[{"href":"https:\/\/medikemosclinic.com\/de\/wp-json\/wp\/v2\/pages\/2813","targetHints":{"allow":["GET"]}}],"collection":[{"href":"https:\/\/medikemosclinic.com\/de\/wp-json\/wp\/v2\/pages"}],"about":[{"href":"https:\/\/medikemosclinic.com\/de\/wp-json\/wp\/v2\/types\/page"}],"author":[{"embeddable":true,"href":"https:\/\/medikemosclinic.com\/de\/wp-json\/wp\/v2\/users\/1"}],"replies":[{"embeddable":true,"href":"https:\/\/medikemosclinic.com\/de\/wp-json\/wp\/v2\/comments?post=2813"}],"version-history":[{"count":1,"href":"https:\/\/medikemosclinic.com\/de\/wp-json\/wp\/v2\/pages\/2813\/revisions"}],"predecessor-version":[{"id":2814,"href":"https:\/\/medikemosclinic.com\/de\/wp-json\/wp\/v2\/pages\/2813\/revisions\/2814"}],"wp:attachment":[{"href":"https:\/\/medikemosclinic.com\/de\/wp-json\/wp\/v2\/media?parent=2813"}],"curies":[{"name":"wp","href":"https:\/\/api.w.org\/{rel}","templated":true}]}}