{"id":2884,"date":"2018-09-13T21:41:18","date_gmt":"2018-09-13T19:41:18","guid":{"rendered":"https:\/\/medikemosclinic.com\/?page_id=2884"},"modified":"2020-05-25T20:10:15","modified_gmt":"2020-05-25T18:10:15","slug":"fue","status":"publish","type":"page","link":"https:\/\/medikemosclinic.com\/de\/fue\/","title":{"rendered":"FUE"},"content":{"rendered":"<p><div class=\"fusion-fullwidth fullwidth-box fusion-builder-row-1 nonhundred-percent-fullwidth non-hundred-percent-height-scrolling\" style=\"--awb-border-radius-top-left:0px;--awb-border-radius-top-right:0px;--awb-border-radius-bottom-right:0px;--awb-border-radius-bottom-left:0px;--awb-padding-top:20px;--awb-padding-bottom:20px;--awb-flex-wrap:wrap;\" ><div class=\"fusion-builder-row fusion-row\"><div class=\"fusion-layout-column fusion_builder_column fusion-builder-column-0 fusion_builder_column_1_1 1_1 fusion-one-full fusion-column-first fusion-column-last\" style=\"--awb-bg-size:cover;\"><div class=\"fusion-column-wrapper fusion-flex-column-wrapper-legacy\"><div class=\"fusion-text fusion-text-1\"><h3>\u00dcbersicht \u00fcber die verschiedenen FUE (Follicular Unit Extraction) Haartransplantationsm\u00f6glichkeiten<\/h3>\n<p>W\u00e4hrend des sogenannten FUE-Verfahrens werden die Haare einzeln aus der &#8222;sicheren Zone\u201d, der sogenannten \u201cSpenderzone&#8220;, entfernt. Das Spenderhaar ist resistent gegen das Hormon Dihydrotestosteron (DHT), welches Haarausfall verursacht. Die Follikel werden dann sorgf\u00e4ltig vorbereitet und behandelt, bevor sie wieder in die Kopfhaut eingepflanzt werden.<br \/>\nSelbst wenn es aus den sicheren Bereichen entfernt und dort platziert wird, wo Haare aufgrund von DHT verloren gehen, bleibt der Follikel resistent gegen den Einfluss und bleibt dauerhaft bestehen.<\/p>\n<\/div><div class=\"fusion-video fusion-youtube youtubev\" style=\"--awb-max-width:600px;--awb-max-height:360px;\"><div class=\"video-shortcode\"><div class=\"fluid-width-video-wrapper\" style=\"padding-top:60%;\" ><iframe title=\"YouTube video player 1\" src=\"https:\/\/www.youtube.com\/embed\/VTWp1xg2bSM?wmode=transparent&autoplay=0\" width=\"600\" height=\"360\" allowfullscreen allow=\"autoplay; clipboard-write; encrypted-media; gyroscope; picture-in-picture;\"><\/iframe><\/div><\/div><\/div><div class=\"fusion-text fusion-text-2\"><h3>Was ist eine follikul\u00e4re Einheit?<\/h3>\n<p>Eine follikul\u00e4re Einheit beschreibt die nat\u00fcrlichen Haargruppen auf der Kopfhaut von jeweils ein bis vier Haaren.<\/p>\n<\/div><div class=\"fusion-slider-sc fusion-flexslider-loading flexslider flexslider-hover-type-none youtubev\" data-slideshow_autoplay=\"1\" data-slideshow_smooth_height=\"0\" data-slideshow_speed=\"7000\" style=\"max-width:100%;height:100%;\"><ul class=\"slides\"><li class=\"image\"><span class=\"fusion-image-hover-element hover-type-none\"><img decoding=\"async\" src=\"https:\/\/medikemosclinic.com\/wp-content\/uploads\/2017\/03\/FUE1.jpg\" width=\"800\" height=\"500\" \/><\/span><\/li><li class=\"image\"><span class=\"fusion-image-hover-element hover-type-none\"><img decoding=\"async\" src=\"https:\/\/medikemosclinic.com\/wp-content\/uploads\/2017\/03\/FUE2.jpg\" width=\"800\" height=\"500\" \/><\/span><\/li><\/ul><\/div><div class=\"fusion-clearfix\"><\/div><\/div><\/div><\/div><\/div><div class=\"fusion-bg-parallax\" data-bg-align=\"center center\" data-direction=\"up\" data-mute=\"false\" data-opacity=\"100\" data-velocity=\"-0.3\" data-mobile-enabled=\"false\" data-break_parents=\"0\" data-bg-image=\"https:\/\/medikemosclinic.com\/wp-content\/uploads\/2017\/03\/Under-Stripe-BIGGER.jpg\" data-bg-repeat=\"false\" ><\/div><div class=\"fusion-fullwidth fullwidth-box fusion-builder-row-2 fusion-parallax-up nonhundred-percent-fullwidth non-hundred-percent-height-scrolling\" style=\"--awb-border-radius-top-left:0px;--awb-border-radius-top-right:0px;--awb-border-radius-bottom-right:0px;--awb-border-radius-bottom-left:0px;--awb-padding-top:35px;--awb-padding-bottom:35px;--awb-background-image:url(&quot;https:\/\/medikemosclinic.com\/wp-content\/uploads\/2017\/03\/Under-Stripe-BIGGER.jpg&quot;);--awb-background-size:cover;--awb-flex-wrap:wrap;\" ><div class=\"fusion-builder-row fusion-row\"><div class=\"fusion-layout-column fusion_builder_column fusion-builder-column-1 fusion_builder_column_1_1 1_1 fusion-one-full fusion-column-first fusion-column-last\" style=\"--awb-bg-size:cover;\"><div class=\"fusion-column-wrapper fusion-flex-column-wrapper-legacy\"><div class=\"fusion-text fusion-text-3\"><h3 style=\"text-align: center;\"><span style=\"color: #ffffff;\">Wie wird eine FUE durchgef\u00fchrt?<\/span><\/h3>\n<\/div><div class=\"fusion-clearfix\"><\/div><\/div><\/div><\/div><\/div><div class=\"fusion-fullwidth fullwidth-box fusion-builder-row-3 nonhundred-percent-fullwidth non-hundred-percent-height-scrolling\" style=\"--awb-border-radius-top-left:0px;--awb-border-radius-top-right:0px;--awb-border-radius-bottom-right:0px;--awb-border-radius-bottom-left:0px;--awb-padding-top:20px;--awb-padding-bottom:20px;--awb-flex-wrap:wrap;\" ><div class=\"fusion-builder-row fusion-row\"><div class=\"fusion-layout-column fusion_builder_column fusion-builder-column-2 fusion_builder_column_1_1 1_1 fusion-one-full fusion-column-first fusion-column-last\" style=\"--awb-bg-size:cover;\"><div class=\"fusion-column-wrapper fusion-flex-column-wrapper-legacy\"><div class=\"fusion-text fusion-text-4\"><p><strong>Dr. Lupanzula<\/strong> ist bekannt f\u00fcr sein manuelles FUE-Verfahren, bei dem Sie sicher sein k\u00f6nnen, dass nur der Doktor selbst die Follikeleinheiten im Spenderbereich extrahiert.<\/p>\n<p>Die follikul\u00e4ren Einheiten werden unter Lokalan\u00e4sthesie entfernt.<br \/>\nEine chirurgische Hohlnadel mit einem Durchmesser von 0,8 bis 0,9 mm wird verwendet, um jede follikul\u00e4re Einheit aus dem sicheren Bereich auf der R\u00fcckseite und an den Seiten des Kopfes zu extrahieren.<br \/>\nUnsere Techniker bereiten die extrahierten Einheiten sorgf\u00e4ltig vor und kontrollieren diese auf m\u00f6gliche Sch\u00e4den. Die intakten follikul\u00e4ren Einheiten werden dann in die vorbereiteten Stellen im Empf\u00e4ngerbereich der Kopfhaut implantiert.<\/p>\n<p>Im Gegensatz zum sogenannten STRIP-Verfahren werden Follikeleinheiten in einem Muster geerntet, das den Nachweis nach dem Eingriff nahezu unm\u00f6glich macht, da die L\u00f6cher winzig sind und die Extraktion verstreut ist. Daher ist die Narbenbildung begrenzt und f\u00fcr das Auge fast unsichtbar.<\/p>\n<p><strong>FUE Vorteile<\/strong><\/p>\n<ul>\n<li>Bereits 10 Tage nach der Operation ist der Spenderbereich praktisch nicht nachweisbar.<\/li>\n<li>Minimale, fast unsichtbare Narbenbildung<\/li>\n<li>Schnelle Erholung<\/li>\n<li>weniger schmerzhaft als FUT<\/li>\n<\/ul>\n<p><strong>FUE Nachteile<\/strong><\/p>\n<ul>\n<li>arbeitsintensiv<\/li>\n<li>h\u00f6here Kosten<\/li>\n<li>weniger Ausbeute pro Session im Vergleich zu FUT<\/li>\n<\/ul>\n<div class=\"fusion-aligncenter\"><a class=\"fusion-button button-flat fusion-button-default-size button-default fusion-button-default button-1 fusion-button-default-span fusion-button-default-type\" target=\"_self\" href=\"https:\/\/medikemosclinic.com\/de\/haartransplantationsvideos\/\"><span class=\"fusion-button-text awb-button__text awb-button__text--default\">VORHER\/NACHHER VIDEOS<\/span><\/a><\/div>\n<\/div><div class=\"fusion-clearfix\"><\/div><\/div><\/div><\/div><\/div><\/p>\n","protected":false},"excerpt":{"rendered":"","protected":false},"author":1,"featured_media":0,"parent":0,"menu_order":0,"comment_status":"closed","ping_status":"closed","template":"100-width.php","meta":{"_monsterinsights_skip_tracking":false,"_monsterinsights_sitenote_active":false,"_monsterinsights_sitenote_note":"","_monsterinsights_sitenote_category":0,"footnotes":""},"class_list":["post-2884","page","type-page","status-publish","hentry"],"yoast_head":"<!-- This site is optimized with the Yoast SEO plugin v27.5 - https:\/\/yoast.com\/product\/yoast-seo-wordpress\/ -->\n<title>FUE - Medikemos Clinic<\/title>\n<meta name=\"robots\" content=\"index, follow, max-snippet:-1, max-image-preview:large, max-video-preview:-1\" \/>\n<link rel=\"canonical\" href=\"https:\/\/medikemosclinic.com\/de\/fue\/\" \/>\n<meta property=\"og:locale\" content=\"de_DE\" \/>\n<meta property=\"og:type\" content=\"article\" \/>\n<meta property=\"og:title\" content=\"FUE - Medikemos Clinic\" \/>\n<meta property=\"og:url\" content=\"https:\/\/medikemosclinic.com\/de\/fue\/\" \/>\n<meta property=\"og:site_name\" content=\"Medikemos Clinic\" \/>\n<meta property=\"article:publisher\" content=\"https:\/\/www.facebook.com\/medikemoshairtransplant\" \/>\n<meta property=\"article:modified_time\" content=\"2020-05-25T18:10:15+00:00\" \/>\n<meta property=\"og:image\" content=\"https:\/\/medikemosclinic.com\/wp-content\/uploads\/2017\/03\/fue-hair-transplant-manual-punch-system.jpg\" \/>\n<meta name=\"twitter:card\" content=\"summary_large_image\" \/>\n<meta name=\"twitter:label1\" content=\"Gesch\u00e4tzte Lesezeit\" \/>\n\t<meta name=\"twitter:data1\" content=\"10\u00a0Minuten\" \/>\n<script type=\"application\/ld+json\" class=\"yoast-schema-graph\">{\"@context\":\"https:\\\/\\\/schema.org\",\"@graph\":[{\"@type\":\"WebPage\",\"@id\":\"https:\\\/\\\/medikemosclinic.com\\\/de\\\/fue\\\/\",\"url\":\"https:\\\/\\\/medikemosclinic.com\\\/de\\\/fue\\\/\",\"name\":\"FUE - Medikemos Clinic\",\"isPartOf\":{\"@id\":\"https:\\\/\\\/medikemosclinic.com\\\/#website\"},\"datePublished\":\"2018-09-13T19:41:18+00:00\",\"dateModified\":\"2020-05-25T18:10:15+00:00\",\"breadcrumb\":{\"@id\":\"https:\\\/\\\/medikemosclinic.com\\\/de\\\/fue\\\/#breadcrumb\"},\"inLanguage\":\"de\",\"potentialAction\":[{\"@type\":\"ReadAction\",\"target\":[\"https:\\\/\\\/medikemosclinic.com\\\/de\\\/fue\\\/\"]}]},{\"@type\":\"BreadcrumbList\",\"@id\":\"https:\\\/\\\/medikemosclinic.com\\\/de\\\/fue\\\/#breadcrumb\",\"itemListElement\":[{\"@type\":\"ListItem\",\"position\":1,\"name\":\"Accueil\",\"item\":\"https:\\\/\\\/medikemosclinic.com\\\/de\\\/\"},{\"@type\":\"ListItem\",\"position\":2,\"name\":\"FUE\"}]},{\"@type\":\"WebSite\",\"@id\":\"https:\\\/\\\/medikemosclinic.com\\\/#website\",\"url\":\"https:\\\/\\\/medikemosclinic.com\\\/\",\"name\":\"Medikemos Clinic\",\"description\":\"Solution et traitement contre la chute de cheveux\",\"publisher\":{\"@id\":\"https:\\\/\\\/medikemosclinic.com\\\/#organization\"},\"potentialAction\":[{\"@type\":\"SearchAction\",\"target\":{\"@type\":\"EntryPoint\",\"urlTemplate\":\"https:\\\/\\\/medikemosclinic.com\\\/?s={search_term_string}\"},\"query-input\":{\"@type\":\"PropertyValueSpecification\",\"valueRequired\":true,\"valueName\":\"search_term_string\"}}],\"inLanguage\":\"de\"},{\"@type\":\"Organization\",\"@id\":\"https:\\\/\\\/medikemosclinic.com\\\/#organization\",\"name\":\"MeDiKemos Clinic\",\"url\":\"https:\\\/\\\/medikemosclinic.com\\\/\",\"logo\":{\"@type\":\"ImageObject\",\"inLanguage\":\"de\",\"@id\":\"https:\\\/\\\/medikemosclinic.com\\\/#\\\/schema\\\/logo\\\/image\\\/\",\"url\":\"https:\\\/\\\/medikemosclinic.com\\\/wp-content\\\/uploads\\\/2017\\\/03\\\/Logo-MDK-sticky-retina.png\",\"contentUrl\":\"https:\\\/\\\/medikemosclinic.com\\\/wp-content\\\/uploads\\\/2017\\\/03\\\/Logo-MDK-sticky-retina.png\",\"width\":130,\"height\":130,\"caption\":\"MeDiKemos Clinic\"},\"image\":{\"@id\":\"https:\\\/\\\/medikemosclinic.com\\\/#\\\/schema\\\/logo\\\/image\\\/\"},\"sameAs\":[\"https:\\\/\\\/www.facebook.com\\\/medikemoshairtransplant\",\"https:\\\/\\\/www.linkedin.com\\\/company\\\/medikemos-clinic\",\"https:\\\/\\\/www.youtube.com\\\/user\\\/MHairTransplantation\\\/\"]}]}<\/script>\n<!-- \/ Yoast SEO plugin. -->","yoast_head_json":{"title":"FUE - Medikemos Clinic","robots":{"index":"index","follow":"follow","max-snippet":"max-snippet:-1","max-image-preview":"max-image-preview:large","max-video-preview":"max-video-preview:-1"},"canonical":"https:\/\/medikemosclinic.com\/de\/fue\/","og_locale":"de_DE","og_type":"article","og_title":"FUE - Medikemos Clinic","og_url":"https:\/\/medikemosclinic.com\/de\/fue\/","og_site_name":"Medikemos Clinic","article_publisher":"https:\/\/www.facebook.com\/medikemoshairtransplant","article_modified_time":"2020-05-25T18:10:15+00:00","og_image":[{"url":"https:\/\/medikemosclinic.com\/wp-content\/uploads\/2017\/03\/fue-hair-transplant-manual-punch-system.jpg","type":"","width":"","height":""}],"twitter_card":"summary_large_image","twitter_misc":{"Gesch\u00e4tzte Lesezeit":"10\u00a0Minuten"},"schema":{"@context":"https:\/\/schema.org","@graph":[{"@type":"WebPage","@id":"https:\/\/medikemosclinic.com\/de\/fue\/","url":"https:\/\/medikemosclinic.com\/de\/fue\/","name":"FUE - Medikemos Clinic","isPartOf":{"@id":"https:\/\/medikemosclinic.com\/#website"},"datePublished":"2018-09-13T19:41:18+00:00","dateModified":"2020-05-25T18:10:15+00:00","breadcrumb":{"@id":"https:\/\/medikemosclinic.com\/de\/fue\/#breadcrumb"},"inLanguage":"de","potentialAction":[{"@type":"ReadAction","target":["https:\/\/medikemosclinic.com\/de\/fue\/"]}]},{"@type":"BreadcrumbList","@id":"https:\/\/medikemosclinic.com\/de\/fue\/#breadcrumb","itemListElement":[{"@type":"ListItem","position":1,"name":"Accueil","item":"https:\/\/medikemosclinic.com\/de\/"},{"@type":"ListItem","position":2,"name":"FUE"}]},{"@type":"WebSite","@id":"https:\/\/medikemosclinic.com\/#website","url":"https:\/\/medikemosclinic.com\/","name":"Medikemos Clinic","description":"Solution et traitement contre la chute de cheveux","publisher":{"@id":"https:\/\/medikemosclinic.com\/#organization"},"potentialAction":[{"@type":"SearchAction","target":{"@type":"EntryPoint","urlTemplate":"https:\/\/medikemosclinic.com\/?s={search_term_string}"},"query-input":{"@type":"PropertyValueSpecification","valueRequired":true,"valueName":"search_term_string"}}],"inLanguage":"de"},{"@type":"Organization","@id":"https:\/\/medikemosclinic.com\/#organization","name":"MeDiKemos Clinic","url":"https:\/\/medikemosclinic.com\/","logo":{"@type":"ImageObject","inLanguage":"de","@id":"https:\/\/medikemosclinic.com\/#\/schema\/logo\/image\/","url":"https:\/\/medikemosclinic.com\/wp-content\/uploads\/2017\/03\/Logo-MDK-sticky-retina.png","contentUrl":"https:\/\/medikemosclinic.com\/wp-content\/uploads\/2017\/03\/Logo-MDK-sticky-retina.png","width":130,"height":130,"caption":"MeDiKemos Clinic"},"image":{"@id":"https:\/\/medikemosclinic.com\/#\/schema\/logo\/image\/"},"sameAs":["https:\/\/www.facebook.com\/medikemoshairtransplant","https:\/\/www.linkedin.com\/company\/medikemos-clinic","https:\/\/www.youtube.com\/user\/MHairTransplantation\/"]}]}},"_links":{"self":[{"href":"https:\/\/medikemosclinic.com\/de\/wp-json\/wp\/v2\/pages\/2884","targetHints":{"allow":["GET"]}}],"collection":[{"href":"https:\/\/medikemosclinic.com\/de\/wp-json\/wp\/v2\/pages"}],"about":[{"href":"https:\/\/medikemosclinic.com\/de\/wp-json\/wp\/v2\/types\/page"}],"author":[{"embeddable":true,"href":"https:\/\/medikemosclinic.com\/de\/wp-json\/wp\/v2\/users\/1"}],"replies":[{"embeddable":true,"href":"https:\/\/medikemosclinic.com\/de\/wp-json\/wp\/v2\/comments?post=2884"}],"version-history":[{"count":3,"href":"https:\/\/medikemosclinic.com\/de\/wp-json\/wp\/v2\/pages\/2884\/revisions"}],"predecessor-version":[{"id":3798,"href":"https:\/\/medikemosclinic.com\/de\/wp-json\/wp\/v2\/pages\/2884\/revisions\/3798"}],"wp:attachment":[{"href":"https:\/\/medikemosclinic.com\/de\/wp-json\/wp\/v2\/media?parent=2884"}],"curies":[{"name":"wp","href":"https:\/\/api.w.org\/{rel}","templated":true}]}}