{"id":2901,"date":"2018-09-13T22:25:42","date_gmt":"2018-09-13T20:25:42","guid":{"rendered":"https:\/\/medikemosclinic.com\/?page_id=2901"},"modified":"2018-09-13T22:25:42","modified_gmt":"2018-09-13T20:25:42","slug":"narbenabdeckung","status":"publish","type":"page","link":"https:\/\/medikemosclinic.com\/de\/narbenabdeckung\/","title":{"rendered":"Narbenabdeckung"},"content":{"rendered":"<div class=\"fusion-fullwidth fullwidth-box fusion-builder-row-1 nonhundred-percent-fullwidth non-hundred-percent-height-scrolling\" style=\"--awb-border-radius-top-left:0px;--awb-border-radius-top-right:0px;--awb-border-radius-bottom-right:0px;--awb-border-radius-bottom-left:0px;--awb-padding-top:20px;--awb-padding-bottom:20px;--awb-flex-wrap:wrap;\" ><div class=\"fusion-builder-row fusion-row\"><div class=\"fusion-layout-column fusion_builder_column fusion-builder-column-0 fusion_builder_column_1_1 1_1 fusion-one-full fusion-column-first fusion-column-last\" style=\"--awb-bg-size:cover;\"><div class=\"fusion-column-wrapper fusion-flex-column-wrapper-legacy\"><div class=\"fusion-text fusion-text-1\"><p>Die Abdeckung von Narben ist eine weitere St\u00e4rke von Dr. Lupanzula.<br \/>\nViele unserer Patienten kommen zu uns, um die Sichtbarkeit von Narben aus fr\u00fcheren Operationen zu reduzieren.<br \/>\nBei dem FUSS-Verfahren (follicular unit strip surgery) bleibt jeder Patient typischerweise mit einer sogenannten &#8222;linearen&#8220; oder &#8222;Streifen&#8220; -Narbe zur\u00fcck. Manchmal sind die Narben sehr hervorstehend, auch wenn die Haare nicht sehr kurz oder hochgesteckt sind.<br \/>\nIn diesem Fall wird der Arzt das FUE-Verfahren verwenden, um die Narbe des Bereichs, in dem die Haare f\u00fcr das FUSS-Verfahren entnommen wurden, zu &#8222;reparieren&#8220;.<\/p>\n<p>Die moderne Follicular Unit Strip Operation (FUT) ist weniger anf\u00e4llig f\u00fcr eine dicke Narbe und erm\u00f6glicht gute Haartransplantationsergebnisse.<\/p>\n<p>Narbenbildung ist eine nat\u00fcrliche Reaktion des K\u00f6rpers, wenn ein Einschnitt in die Epidermis und Dermis vorgenommen wird.<br \/>\nDaher ist auch FUE nicht gerade &#8222;narbenlos&#8220;. Da die Transplantate jedoch in verschiedenen Bereichen entnommen werden und die Inzision viel kleiner und weniger drastisch ist, sind die kleinen Narben gew\u00f6hnlich nicht sichtbar und kurze Frisuren k\u00f6nnen problemlos getragen werden, ohne dass es offensichtlich ist, dass eine Haartransplantation stattgefunden hat.<\/p>\n<\/div><div class=\"fusion-video fusion-youtube youtubev\" style=\"--awb-max-width:600px;--awb-max-height:360px;\"><div class=\"video-shortcode\"><div class=\"fluid-width-video-wrapper\" style=\"padding-top:60%;\" ><iframe title=\"YouTube video player 1\" src=\"https:\/\/www.youtube.com\/embed\/MVZu4YAZhGU?wmode=transparent&autoplay=0\" width=\"600\" height=\"360\" allowfullscreen allow=\"autoplay; clipboard-write; encrypted-media; gyroscope; picture-in-picture;\"><\/iframe><\/div><\/div><\/div><div class=\"fusion-clearfix\"><\/div><\/div><\/div><\/div><\/div>\n","protected":false},"excerpt":{"rendered":"","protected":false},"author":1,"featured_media":0,"parent":0,"menu_order":0,"comment_status":"closed","ping_status":"closed","template":"100-width.php","meta":{"_monsterinsights_skip_tracking":false,"_monsterinsights_sitenote_active":false,"_monsterinsights_sitenote_note":"","_monsterinsights_sitenote_category":0,"footnotes":""},"class_list":["post-2901","page","type-page","status-publish","hentry"],"yoast_head":"<!-- This site is optimized with the Yoast SEO plugin v27.5 - https:\/\/yoast.com\/product\/yoast-seo-wordpress\/ -->\n<title>Narbenabdeckung - Medikemos Clinic<\/title>\n<meta name=\"robots\" content=\"index, follow, max-snippet:-1, max-image-preview:large, max-video-preview:-1\" \/>\n<link rel=\"canonical\" href=\"https:\/\/medikemosclinic.com\/de\/narbenabdeckung\/\" \/>\n<meta property=\"og:locale\" content=\"de_DE\" \/>\n<meta property=\"og:type\" content=\"article\" \/>\n<meta property=\"og:title\" content=\"Narbenabdeckung - Medikemos Clinic\" \/>\n<meta property=\"og:url\" content=\"https:\/\/medikemosclinic.com\/de\/narbenabdeckung\/\" \/>\n<meta property=\"og:site_name\" content=\"Medikemos Clinic\" \/>\n<meta property=\"article:publisher\" content=\"https:\/\/www.facebook.com\/medikemoshairtransplant\" \/>\n<meta name=\"twitter:card\" content=\"summary_large_image\" \/>\n<meta name=\"twitter:label1\" content=\"Gesch\u00e4tzte Lesezeit\" \/>\n\t<meta name=\"twitter:data1\" content=\"2\u00a0Minuten\" \/>\n<script type=\"application\/ld+json\" class=\"yoast-schema-graph\">{\"@context\":\"https:\\\/\\\/schema.org\",\"@graph\":[{\"@type\":\"WebPage\",\"@id\":\"https:\\\/\\\/medikemosclinic.com\\\/de\\\/narbenabdeckung\\\/\",\"url\":\"https:\\\/\\\/medikemosclinic.com\\\/de\\\/narbenabdeckung\\\/\",\"name\":\"Narbenabdeckung - Medikemos Clinic\",\"isPartOf\":{\"@id\":\"https:\\\/\\\/medikemosclinic.com\\\/#website\"},\"datePublished\":\"2018-09-13T20:25:42+00:00\",\"breadcrumb\":{\"@id\":\"https:\\\/\\\/medikemosclinic.com\\\/de\\\/narbenabdeckung\\\/#breadcrumb\"},\"inLanguage\":\"de\",\"potentialAction\":[{\"@type\":\"ReadAction\",\"target\":[\"https:\\\/\\\/medikemosclinic.com\\\/de\\\/narbenabdeckung\\\/\"]}]},{\"@type\":\"BreadcrumbList\",\"@id\":\"https:\\\/\\\/medikemosclinic.com\\\/de\\\/narbenabdeckung\\\/#breadcrumb\",\"itemListElement\":[{\"@type\":\"ListItem\",\"position\":1,\"name\":\"Accueil\",\"item\":\"https:\\\/\\\/medikemosclinic.com\\\/de\\\/\"},{\"@type\":\"ListItem\",\"position\":2,\"name\":\"Narbenabdeckung\"}]},{\"@type\":\"WebSite\",\"@id\":\"https:\\\/\\\/medikemosclinic.com\\\/#website\",\"url\":\"https:\\\/\\\/medikemosclinic.com\\\/\",\"name\":\"Medikemos Clinic\",\"description\":\"Solution et traitement contre la chute de cheveux\",\"publisher\":{\"@id\":\"https:\\\/\\\/medikemosclinic.com\\\/#organization\"},\"potentialAction\":[{\"@type\":\"SearchAction\",\"target\":{\"@type\":\"EntryPoint\",\"urlTemplate\":\"https:\\\/\\\/medikemosclinic.com\\\/?s={search_term_string}\"},\"query-input\":{\"@type\":\"PropertyValueSpecification\",\"valueRequired\":true,\"valueName\":\"search_term_string\"}}],\"inLanguage\":\"de\"},{\"@type\":\"Organization\",\"@id\":\"https:\\\/\\\/medikemosclinic.com\\\/#organization\",\"name\":\"MeDiKemos Clinic\",\"url\":\"https:\\\/\\\/medikemosclinic.com\\\/\",\"logo\":{\"@type\":\"ImageObject\",\"inLanguage\":\"de\",\"@id\":\"https:\\\/\\\/medikemosclinic.com\\\/#\\\/schema\\\/logo\\\/image\\\/\",\"url\":\"https:\\\/\\\/medikemosclinic.com\\\/wp-content\\\/uploads\\\/2017\\\/03\\\/Logo-MDK-sticky-retina.png\",\"contentUrl\":\"https:\\\/\\\/medikemosclinic.com\\\/wp-content\\\/uploads\\\/2017\\\/03\\\/Logo-MDK-sticky-retina.png\",\"width\":130,\"height\":130,\"caption\":\"MeDiKemos Clinic\"},\"image\":{\"@id\":\"https:\\\/\\\/medikemosclinic.com\\\/#\\\/schema\\\/logo\\\/image\\\/\"},\"sameAs\":[\"https:\\\/\\\/www.facebook.com\\\/medikemoshairtransplant\",\"https:\\\/\\\/www.linkedin.com\\\/company\\\/medikemos-clinic\",\"https:\\\/\\\/www.youtube.com\\\/user\\\/MHairTransplantation\\\/\"]}]}<\/script>\n<!-- \/ Yoast SEO plugin. -->","yoast_head_json":{"title":"Narbenabdeckung - Medikemos Clinic","robots":{"index":"index","follow":"follow","max-snippet":"max-snippet:-1","max-image-preview":"max-image-preview:large","max-video-preview":"max-video-preview:-1"},"canonical":"https:\/\/medikemosclinic.com\/de\/narbenabdeckung\/","og_locale":"de_DE","og_type":"article","og_title":"Narbenabdeckung - Medikemos Clinic","og_url":"https:\/\/medikemosclinic.com\/de\/narbenabdeckung\/","og_site_name":"Medikemos Clinic","article_publisher":"https:\/\/www.facebook.com\/medikemoshairtransplant","twitter_card":"summary_large_image","twitter_misc":{"Gesch\u00e4tzte Lesezeit":"2\u00a0Minuten"},"schema":{"@context":"https:\/\/schema.org","@graph":[{"@type":"WebPage","@id":"https:\/\/medikemosclinic.com\/de\/narbenabdeckung\/","url":"https:\/\/medikemosclinic.com\/de\/narbenabdeckung\/","name":"Narbenabdeckung - Medikemos Clinic","isPartOf":{"@id":"https:\/\/medikemosclinic.com\/#website"},"datePublished":"2018-09-13T20:25:42+00:00","breadcrumb":{"@id":"https:\/\/medikemosclinic.com\/de\/narbenabdeckung\/#breadcrumb"},"inLanguage":"de","potentialAction":[{"@type":"ReadAction","target":["https:\/\/medikemosclinic.com\/de\/narbenabdeckung\/"]}]},{"@type":"BreadcrumbList","@id":"https:\/\/medikemosclinic.com\/de\/narbenabdeckung\/#breadcrumb","itemListElement":[{"@type":"ListItem","position":1,"name":"Accueil","item":"https:\/\/medikemosclinic.com\/de\/"},{"@type":"ListItem","position":2,"name":"Narbenabdeckung"}]},{"@type":"WebSite","@id":"https:\/\/medikemosclinic.com\/#website","url":"https:\/\/medikemosclinic.com\/","name":"Medikemos Clinic","description":"Solution et traitement contre la chute de cheveux","publisher":{"@id":"https:\/\/medikemosclinic.com\/#organization"},"potentialAction":[{"@type":"SearchAction","target":{"@type":"EntryPoint","urlTemplate":"https:\/\/medikemosclinic.com\/?s={search_term_string}"},"query-input":{"@type":"PropertyValueSpecification","valueRequired":true,"valueName":"search_term_string"}}],"inLanguage":"de"},{"@type":"Organization","@id":"https:\/\/medikemosclinic.com\/#organization","name":"MeDiKemos Clinic","url":"https:\/\/medikemosclinic.com\/","logo":{"@type":"ImageObject","inLanguage":"de","@id":"https:\/\/medikemosclinic.com\/#\/schema\/logo\/image\/","url":"https:\/\/medikemosclinic.com\/wp-content\/uploads\/2017\/03\/Logo-MDK-sticky-retina.png","contentUrl":"https:\/\/medikemosclinic.com\/wp-content\/uploads\/2017\/03\/Logo-MDK-sticky-retina.png","width":130,"height":130,"caption":"MeDiKemos Clinic"},"image":{"@id":"https:\/\/medikemosclinic.com\/#\/schema\/logo\/image\/"},"sameAs":["https:\/\/www.facebook.com\/medikemoshairtransplant","https:\/\/www.linkedin.com\/company\/medikemos-clinic","https:\/\/www.youtube.com\/user\/MHairTransplantation\/"]}]}},"_links":{"self":[{"href":"https:\/\/medikemosclinic.com\/de\/wp-json\/wp\/v2\/pages\/2901","targetHints":{"allow":["GET"]}}],"collection":[{"href":"https:\/\/medikemosclinic.com\/de\/wp-json\/wp\/v2\/pages"}],"about":[{"href":"https:\/\/medikemosclinic.com\/de\/wp-json\/wp\/v2\/types\/page"}],"author":[{"embeddable":true,"href":"https:\/\/medikemosclinic.com\/de\/wp-json\/wp\/v2\/users\/1"}],"replies":[{"embeddable":true,"href":"https:\/\/medikemosclinic.com\/de\/wp-json\/wp\/v2\/comments?post=2901"}],"version-history":[{"count":1,"href":"https:\/\/medikemosclinic.com\/de\/wp-json\/wp\/v2\/pages\/2901\/revisions"}],"predecessor-version":[{"id":2902,"href":"https:\/\/medikemosclinic.com\/de\/wp-json\/wp\/v2\/pages\/2901\/revisions\/2902"}],"wp:attachment":[{"href":"https:\/\/medikemosclinic.com\/de\/wp-json\/wp\/v2\/media?parent=2901"}],"curies":[{"name":"wp","href":"https:\/\/api.w.org\/{rel}","templated":true}]}}