{"id":2920,"date":"2018-09-13T23:20:57","date_gmt":"2018-09-13T21:20:57","guid":{"rendered":"https:\/\/medikemosclinic.com\/?page_id=2920"},"modified":"2023-11-15T09:33:01","modified_gmt":"2023-11-15T08:33:01","slug":"faktoren-des-haarausfalls","status":"publish","type":"page","link":"https:\/\/medikemosclinic.com\/de\/faktoren-des-haarausfalls\/","title":{"rendered":"Faktoren des Haarausfalls"},"content":{"rendered":"<div class=\"fusion-fullwidth fullwidth-box fusion-builder-row-1 nonhundred-percent-fullwidth non-hundred-percent-height-scrolling\" style=\"--awb-border-radius-top-left:0px;--awb-border-radius-top-right:0px;--awb-border-radius-bottom-right:0px;--awb-border-radius-bottom-left:0px;--awb-padding-top:20px;--awb-padding-bottom:20px;--awb-flex-wrap:wrap;\" ><div class=\"fusion-builder-row fusion-row\"><div class=\"fusion-layout-column fusion_builder_column fusion-builder-column-0 fusion_builder_column_1_1 1_1 fusion-one-full fusion-column-first fusion-column-last\" style=\"--awb-bg-size:cover;\"><div class=\"fusion-column-wrapper fusion-flex-column-wrapper-legacy\"><div class=\"fusion-text fusion-text-1\"><p>Verschiedene Faktoren m\u00fcssen ber\u00fccksichtigt werden, bevor eine Haartransplantation durchgef\u00fchrt wird, um sicherzustellen, dass jeder Patient die gew\u00fcnschten Ergebnisse erzielt &#8211; dauerhaft.<\/p>\n<p>Die wichtigsten Faktoren sind wie folgt:<\/p>\n<h3>Alter<\/h3>\n<p>H\u00e4ufig wird Haarausfall durch DHT schon fr\u00fch bemerkt. Jedoch wird nicht jeder, der ein Zur\u00fcckweichen des Haaransatzes wahrnimmt, unter Kahlheit leiden. Dies sollte also nicht unbedingt Anlass zur Sorge geben.<\/p>\n<p>Das Zur\u00fcckweichen des Haaransatzes geschieht h\u00e4ufig, auch bei M\u00e4nnern, die nicht kahl werden. Nur sehr wenige M\u00e4nner behalten w\u00e4hrend ihres gesamten Lebens einen niedrigen Haaransatz.<\/p>\n<p>Daher muss das Haar auf der gesamten Kopfhaut untersucht werden, um festzustellen, ob eine Miniaturisierung der Haare bereits stattfindet.<\/p>\n<p>Familiengeschichte<br \/> Haarausfall kann genetisch bedingt sein. Hier m\u00fcssen wir sehen, ob es bereits F\u00e4lle von Haarausfall in der Familie gibt bzw. gab.<\/p>\n<p>Wenn ja, wie viele Familienmitglieder hatten oder haben Haarausfall? Bis zu welchem Grad ist der Haarausfall fortgeschritten? Wie alt sind diejenigen in der Familie, die Haarausfall bekommen haben?<\/p>\n<p>Manchmal gab es in der Familie keinen Haarausfall, was darauf hinweisen kann, dass es einen anderen Grund f\u00fcr den Verlust des Haupthaares des Patienten geben kann, der nicht mit der Genetik zusammenh\u00e4ngt.<\/p>\n<p>Um die Ursache des Haarausfalls jedes einzelnen Patienten zu finden schauen wir uns alle Faktoren gut an, damit wir die richtige Behandlung f\u00fcr lang anhaltende Ergebnisse zur Verf\u00fcgung zu stellen.<\/p>\n<h3>Verlustgrad vs. Alter<\/h3>\n<p>Sobald ein Patient angefangen hat, Haare zu verlieren, k\u00f6nnen wir davon ausgehen, dass dieser Prozess weitergehen wird &#8211; auch wenn Geschwindigkeit und Schweregrad des Haarausfalls von Patient zu Patient variieren k\u00f6nnen.<\/p>\n<p>Wenn ein j\u00fcngerer Patient unter 30 Jahren bereits einen schweren Haarausfall jenseits eines NW3 auf der Norwood-Skala hat, ist mit Haarausfall bis NW6 zu rechnen.<\/p>\n<p><a href=\"https:\/\/medikemosclinic.com\/en\/male-pattern-baldness\/\" target=\"_blank\" rel=\"noopener\">NORWOOD SCALE<\/a><\/p>\n<p>Das bedeutet, dass diese Patienten Haare an ihrem vorderen Haaransatz, in der Mitte des Kopfes und an der Krone verlieren. Daher m\u00fcssen wir dies bei der Planung der Haartransplantation ber\u00fccksichtigen, um lang anhaltende Ergebnisse zu erzielen.<\/p>\n<p>Der Schl\u00fcssel zu einer erfolgreichen Haartransplantation ist nicht nur das unmittelbare Ergebnis, sondern auch ein nat\u00fcrliches kosmetisches Aussehen &#8211; langfristig!<\/p>\n<\/div><div class=\"fusion-text fusion-text-2\"><div class=\"mgl_tubelab mgl_tubelab_container mgl_tubelab_template_default\" data-mgl-tubelab-parameters=\"type=playlist&value=PLVd48WxAmq0omWTcnlxUI2GFq6qhv5VGU&user=MHairTransplantation&channel_id=&count=3&cols=3&mode=embed&template=default&display=title&pagination=true&size=medium&video_id=&playlists=all&mini=0\">\n\t<div class=\"mgl_tubelab mgl_tubelab_content mgl_tubelab_content-cols3\">\n\t<\/div>\n\t\t\t<div class=\"mgl_tubelab_pagination\">\n\t\t\t<div class=\"mgl_tubelab_pagination_item mgl_tubelab_pagination_item_prev\">\n\t\t\t\t<a href=\"#\" class=\"mgl_tubelab_pagination_prev\">Previous page<\/a>\n\t\t\t<\/div>\n\t\t\t<div class=\"mgl_tubelab_pagination_item mgl_tubelab_pagination_item_next\">\n\t\t\t\t<a href=\"#\" class=\"mgl_tubelab_pagination_next\">Next page<\/a>\n\t\t\t<\/div>\n\t\t<\/div>\n\t<\/div>\n<\/div><div class=\"fusion-clearfix\"><\/div><\/div><\/div><\/div><\/div>\n","protected":false},"excerpt":{"rendered":"","protected":false},"author":1,"featured_media":0,"parent":0,"menu_order":0,"comment_status":"closed","ping_status":"closed","template":"","meta":{"_monsterinsights_skip_tracking":false,"_monsterinsights_sitenote_active":false,"_monsterinsights_sitenote_note":"","_monsterinsights_sitenote_category":0,"footnotes":""},"class_list":["post-2920","page","type-page","status-publish","hentry"],"yoast_head":"<!-- This site is optimized with the Yoast SEO plugin v27.5 - https:\/\/yoast.com\/product\/yoast-seo-wordpress\/ -->\n<title>Faktoren des Haarausfalls - Medikemos Clinic<\/title>\n<meta name=\"robots\" content=\"index, follow, max-snippet:-1, max-image-preview:large, max-video-preview:-1\" \/>\n<link rel=\"canonical\" href=\"https:\/\/medikemosclinic.com\/de\/faktoren-des-haarausfalls\/\" \/>\n<meta property=\"og:locale\" content=\"de_DE\" \/>\n<meta property=\"og:type\" content=\"article\" \/>\n<meta property=\"og:title\" content=\"Faktoren des Haarausfalls - Medikemos Clinic\" \/>\n<meta property=\"og:url\" content=\"https:\/\/medikemosclinic.com\/de\/faktoren-des-haarausfalls\/\" \/>\n<meta property=\"og:site_name\" content=\"Medikemos Clinic\" \/>\n<meta property=\"article:publisher\" content=\"https:\/\/www.facebook.com\/medikemoshairtransplant\" \/>\n<meta property=\"article:modified_time\" content=\"2023-11-15T08:33:01+00:00\" \/>\n<meta name=\"twitter:card\" content=\"summary_large_image\" \/>\n<meta name=\"twitter:label1\" content=\"Gesch\u00e4tzte Lesezeit\" \/>\n\t<meta name=\"twitter:data1\" content=\"2\u00a0Minuten\" \/>\n<script type=\"application\/ld+json\" class=\"yoast-schema-graph\">{\"@context\":\"https:\\\/\\\/schema.org\",\"@graph\":[{\"@type\":\"WebPage\",\"@id\":\"https:\\\/\\\/medikemosclinic.com\\\/de\\\/faktoren-des-haarausfalls\\\/\",\"url\":\"https:\\\/\\\/medikemosclinic.com\\\/de\\\/faktoren-des-haarausfalls\\\/\",\"name\":\"Faktoren des Haarausfalls - Medikemos Clinic\",\"isPartOf\":{\"@id\":\"https:\\\/\\\/medikemosclinic.com\\\/#website\"},\"datePublished\":\"2018-09-13T21:20:57+00:00\",\"dateModified\":\"2023-11-15T08:33:01+00:00\",\"breadcrumb\":{\"@id\":\"https:\\\/\\\/medikemosclinic.com\\\/de\\\/faktoren-des-haarausfalls\\\/#breadcrumb\"},\"inLanguage\":\"de\",\"potentialAction\":[{\"@type\":\"ReadAction\",\"target\":[\"https:\\\/\\\/medikemosclinic.com\\\/de\\\/faktoren-des-haarausfalls\\\/\"]}]},{\"@type\":\"BreadcrumbList\",\"@id\":\"https:\\\/\\\/medikemosclinic.com\\\/de\\\/faktoren-des-haarausfalls\\\/#breadcrumb\",\"itemListElement\":[{\"@type\":\"ListItem\",\"position\":1,\"name\":\"Accueil\",\"item\":\"https:\\\/\\\/medikemosclinic.com\\\/de\\\/\"},{\"@type\":\"ListItem\",\"position\":2,\"name\":\"Faktoren des Haarausfalls\"}]},{\"@type\":\"WebSite\",\"@id\":\"https:\\\/\\\/medikemosclinic.com\\\/#website\",\"url\":\"https:\\\/\\\/medikemosclinic.com\\\/\",\"name\":\"Medikemos Clinic\",\"description\":\"Solution et traitement contre la chute de cheveux\",\"publisher\":{\"@id\":\"https:\\\/\\\/medikemosclinic.com\\\/#organization\"},\"potentialAction\":[{\"@type\":\"SearchAction\",\"target\":{\"@type\":\"EntryPoint\",\"urlTemplate\":\"https:\\\/\\\/medikemosclinic.com\\\/?s={search_term_string}\"},\"query-input\":{\"@type\":\"PropertyValueSpecification\",\"valueRequired\":true,\"valueName\":\"search_term_string\"}}],\"inLanguage\":\"de\"},{\"@type\":\"Organization\",\"@id\":\"https:\\\/\\\/medikemosclinic.com\\\/#organization\",\"name\":\"MeDiKemos Clinic\",\"url\":\"https:\\\/\\\/medikemosclinic.com\\\/\",\"logo\":{\"@type\":\"ImageObject\",\"inLanguage\":\"de\",\"@id\":\"https:\\\/\\\/medikemosclinic.com\\\/#\\\/schema\\\/logo\\\/image\\\/\",\"url\":\"https:\\\/\\\/medikemosclinic.com\\\/wp-content\\\/uploads\\\/2017\\\/03\\\/Logo-MDK-sticky-retina.png\",\"contentUrl\":\"https:\\\/\\\/medikemosclinic.com\\\/wp-content\\\/uploads\\\/2017\\\/03\\\/Logo-MDK-sticky-retina.png\",\"width\":130,\"height\":130,\"caption\":\"MeDiKemos Clinic\"},\"image\":{\"@id\":\"https:\\\/\\\/medikemosclinic.com\\\/#\\\/schema\\\/logo\\\/image\\\/\"},\"sameAs\":[\"https:\\\/\\\/www.facebook.com\\\/medikemoshairtransplant\",\"https:\\\/\\\/www.linkedin.com\\\/company\\\/medikemos-clinic\",\"https:\\\/\\\/www.youtube.com\\\/user\\\/MHairTransplantation\\\/\"]}]}<\/script>\n<!-- \/ Yoast SEO plugin. -->","yoast_head_json":{"title":"Faktoren des Haarausfalls - Medikemos Clinic","robots":{"index":"index","follow":"follow","max-snippet":"max-snippet:-1","max-image-preview":"max-image-preview:large","max-video-preview":"max-video-preview:-1"},"canonical":"https:\/\/medikemosclinic.com\/de\/faktoren-des-haarausfalls\/","og_locale":"de_DE","og_type":"article","og_title":"Faktoren des Haarausfalls - Medikemos Clinic","og_url":"https:\/\/medikemosclinic.com\/de\/faktoren-des-haarausfalls\/","og_site_name":"Medikemos Clinic","article_publisher":"https:\/\/www.facebook.com\/medikemoshairtransplant","article_modified_time":"2023-11-15T08:33:01+00:00","twitter_card":"summary_large_image","twitter_misc":{"Gesch\u00e4tzte Lesezeit":"2\u00a0Minuten"},"schema":{"@context":"https:\/\/schema.org","@graph":[{"@type":"WebPage","@id":"https:\/\/medikemosclinic.com\/de\/faktoren-des-haarausfalls\/","url":"https:\/\/medikemosclinic.com\/de\/faktoren-des-haarausfalls\/","name":"Faktoren des Haarausfalls - Medikemos Clinic","isPartOf":{"@id":"https:\/\/medikemosclinic.com\/#website"},"datePublished":"2018-09-13T21:20:57+00:00","dateModified":"2023-11-15T08:33:01+00:00","breadcrumb":{"@id":"https:\/\/medikemosclinic.com\/de\/faktoren-des-haarausfalls\/#breadcrumb"},"inLanguage":"de","potentialAction":[{"@type":"ReadAction","target":["https:\/\/medikemosclinic.com\/de\/faktoren-des-haarausfalls\/"]}]},{"@type":"BreadcrumbList","@id":"https:\/\/medikemosclinic.com\/de\/faktoren-des-haarausfalls\/#breadcrumb","itemListElement":[{"@type":"ListItem","position":1,"name":"Accueil","item":"https:\/\/medikemosclinic.com\/de\/"},{"@type":"ListItem","position":2,"name":"Faktoren des Haarausfalls"}]},{"@type":"WebSite","@id":"https:\/\/medikemosclinic.com\/#website","url":"https:\/\/medikemosclinic.com\/","name":"Medikemos Clinic","description":"Solution et traitement contre la chute de cheveux","publisher":{"@id":"https:\/\/medikemosclinic.com\/#organization"},"potentialAction":[{"@type":"SearchAction","target":{"@type":"EntryPoint","urlTemplate":"https:\/\/medikemosclinic.com\/?s={search_term_string}"},"query-input":{"@type":"PropertyValueSpecification","valueRequired":true,"valueName":"search_term_string"}}],"inLanguage":"de"},{"@type":"Organization","@id":"https:\/\/medikemosclinic.com\/#organization","name":"MeDiKemos Clinic","url":"https:\/\/medikemosclinic.com\/","logo":{"@type":"ImageObject","inLanguage":"de","@id":"https:\/\/medikemosclinic.com\/#\/schema\/logo\/image\/","url":"https:\/\/medikemosclinic.com\/wp-content\/uploads\/2017\/03\/Logo-MDK-sticky-retina.png","contentUrl":"https:\/\/medikemosclinic.com\/wp-content\/uploads\/2017\/03\/Logo-MDK-sticky-retina.png","width":130,"height":130,"caption":"MeDiKemos Clinic"},"image":{"@id":"https:\/\/medikemosclinic.com\/#\/schema\/logo\/image\/"},"sameAs":["https:\/\/www.facebook.com\/medikemoshairtransplant","https:\/\/www.linkedin.com\/company\/medikemos-clinic","https:\/\/www.youtube.com\/user\/MHairTransplantation\/"]}]}},"_links":{"self":[{"href":"https:\/\/medikemosclinic.com\/de\/wp-json\/wp\/v2\/pages\/2920","targetHints":{"allow":["GET"]}}],"collection":[{"href":"https:\/\/medikemosclinic.com\/de\/wp-json\/wp\/v2\/pages"}],"about":[{"href":"https:\/\/medikemosclinic.com\/de\/wp-json\/wp\/v2\/types\/page"}],"author":[{"embeddable":true,"href":"https:\/\/medikemosclinic.com\/de\/wp-json\/wp\/v2\/users\/1"}],"replies":[{"embeddable":true,"href":"https:\/\/medikemosclinic.com\/de\/wp-json\/wp\/v2\/comments?post=2920"}],"version-history":[{"count":2,"href":"https:\/\/medikemosclinic.com\/de\/wp-json\/wp\/v2\/pages\/2920\/revisions"}],"predecessor-version":[{"id":4420,"href":"https:\/\/medikemosclinic.com\/de\/wp-json\/wp\/v2\/pages\/2920\/revisions\/4420"}],"wp:attachment":[{"href":"https:\/\/medikemosclinic.com\/de\/wp-json\/wp\/v2\/media?parent=2920"}],"curies":[{"name":"wp","href":"https:\/\/api.w.org\/{rel}","templated":true}]}}