{"id":2930,"date":"2018-09-16T17:26:23","date_gmt":"2018-09-16T15:26:23","guid":{"rendered":"https:\/\/medikemosclinic.com\/?page_id=2930"},"modified":"2018-09-16T17:26:23","modified_gmt":"2018-09-16T15:26:23","slug":"glossar","status":"publish","type":"page","link":"https:\/\/medikemosclinic.com\/de\/glossar\/","title":{"rendered":"Glossar"},"content":{"rendered":"<div class=\"fusion-fullwidth fullwidth-box fusion-builder-row-1 nonhundred-percent-fullwidth non-hundred-percent-height-scrolling\" style=\"--awb-border-radius-top-left:0px;--awb-border-radius-top-right:0px;--awb-border-radius-bottom-right:0px;--awb-border-radius-bottom-left:0px;--awb-padding-top:20px;--awb-padding-bottom:20px;--awb-flex-wrap:wrap;\" ><div class=\"fusion-builder-row fusion-row\"><div class=\"fusion-layout-column fusion_builder_column fusion-builder-column-0 fusion_builder_column_1_1 1_1 fusion-one-full fusion-column-first fusion-column-last\" style=\"--awb-bg-size:cover;\"><div class=\"fusion-column-wrapper fusion-flex-column-wrapper-legacy\"><div class=\"accordian fusion-accordian\" style=\"--awb-border-size:1px;--awb-icon-size:13px;--awb-content-font-size:20px;--awb-icon-alignment:left;--awb-hover-color:#f9f9f9;--awb-border-color:#cccccc;--awb-background-color:#ffffff;--awb-divider-color:#e0dede;--awb-divider-hover-color:#e0dede;--awb-icon-color:#ffffff;--awb-title-color:#df4b37;--awb-content-color:#333333;--awb-icon-box-color:rgba(25,66,102,0.65);--awb-toggle-hover-accent-color:#194266;--awb-title-font-family:Arial, Helvetica, sans-serif;--awb-title-font-weight:400;--awb-title-font-style:normal;--awb-title-font-size:20px;--awb-content-font-family:Arial, Helvetica, sans-serif;--awb-content-font-style:normal;--awb-content-font-weight:400;\"><div class=\"panel-group fusion-toggle-icon-boxed\" id=\"accordion-2930-1\"><div class=\"fusion-panel panel-default panel-0b4025fa99e7a6848 fusion-toggle-has-divider\"><div class=\"panel-heading\"><h4 class=\"panel-title toggle\" id=\"toggle_0b4025fa99e7a6848\"><a aria-expanded=\"false\" aria-controls=\"0b4025fa99e7a6848\" role=\"button\" data-toggle=\"collapse\" data-parent=\"#accordion-2930-1\" data-target=\"#0b4025fa99e7a6848\" href=\"#0b4025fa99e7a6848\"><span class=\"fusion-toggle-icon-wrapper\" aria-hidden=\"true\"><i class=\"fa-fusion-box active-icon awb-icon-minus\" aria-hidden=\"true\"><\/i><i class=\"fa-fusion-box inactive-icon awb-icon-plus\" aria-hidden=\"true\"><\/i><\/span><span class=\"fusion-toggle-heading\">Dichte:<\/span><\/a><\/h4><\/div><div id=\"0b4025fa99e7a6848\" class=\"panel-collapse collapse \" aria-labelledby=\"toggle_0b4025fa99e7a6848\"><div class=\"panel-body toggle-content fusion-clearfix\">Anzahl der FUs \/ cm2<\/div><\/div><\/div><div class=\"fusion-panel panel-default panel-9d3dc4fcd111eb096 fusion-toggle-has-divider\"><div class=\"panel-heading\"><h4 class=\"panel-title toggle\" id=\"toggle_9d3dc4fcd111eb096\"><a aria-expanded=\"false\" aria-controls=\"9d3dc4fcd111eb096\" role=\"button\" data-toggle=\"collapse\" data-parent=\"#accordion-2930-1\" data-target=\"#9d3dc4fcd111eb096\" href=\"#9d3dc4fcd111eb096\"><span class=\"fusion-toggle-icon-wrapper\" aria-hidden=\"true\"><i class=\"fa-fusion-box active-icon awb-icon-minus\" aria-hidden=\"true\"><\/i><i class=\"fa-fusion-box inactive-icon awb-icon-plus\" aria-hidden=\"true\"><\/i><\/span><span class=\"fusion-toggle-heading\">FUE:<\/span><\/a><\/h4><\/div><div id=\"9d3dc4fcd111eb096\" class=\"panel-collapse collapse \" aria-labelledby=\"toggle_9d3dc4fcd111eb096\"><div class=\"panel-body toggle-content fusion-clearfix\">\n<p>Die Follicular Unit Extraction (FUE) wird mit einem chirurgischem Stanzer (einer hohlen Mikronadel) ausgef\u00fchrt. Dies ist eine revolution\u00e4re Technik, um Narben auf max. 1 mm Durchmesser zu minimieren (abh\u00e4ngig von der Gr\u00f6\u00dfe des Stanzers).<\/p>\n<\/div><\/div><\/div><div class=\"fusion-panel panel-default panel-20c4fab6a17ada5c9 fusion-toggle-has-divider\"><div class=\"panel-heading\"><h4 class=\"panel-title toggle\" id=\"toggle_20c4fab6a17ada5c9\"><a aria-expanded=\"false\" aria-controls=\"20c4fab6a17ada5c9\" role=\"button\" data-toggle=\"collapse\" data-parent=\"#accordion-2930-1\" data-target=\"#20c4fab6a17ada5c9\" href=\"#20c4fab6a17ada5c9\"><span class=\"fusion-toggle-icon-wrapper\" aria-hidden=\"true\"><i class=\"fa-fusion-box active-icon awb-icon-minus\" aria-hidden=\"true\"><\/i><i class=\"fa-fusion-box inactive-icon awb-icon-plus\" aria-hidden=\"true\"><\/i><\/span><span class=\"fusion-toggle-heading\">Elastizit\u00e4t:<\/span><\/a><\/h4><\/div><div id=\"20c4fab6a17ada5c9\" class=\"panel-collapse collapse \" aria-labelledby=\"toggle_20c4fab6a17ada5c9\"><div class=\"panel-body toggle-content fusion-clearfix\">Die Elastizit\u00e4t der Kopfhaut, bestimmt die Breite des Streifens, die entnommen werden sollt.<br \/>\nSchlecht: keine Beweglichkeit der Kopfhaut, maximale Extraktion: 1 cm<br \/>\nDurchschnittlich: Mobilit\u00e4t, welche die Extraktion eines Streifens von 1,1 bis 1,3 cm erm\u00f6glicht<br \/>\nGut: Extraktion eines Streifens &gt; 1,3 cm<\/div><\/div><\/div><div class=\"fusion-panel panel-default panel-13ccb7f11d258f836 fusion-toggle-has-divider\"><div class=\"panel-heading\"><h4 class=\"panel-title toggle\" id=\"toggle_13ccb7f11d258f836\"><a aria-expanded=\"false\" aria-controls=\"13ccb7f11d258f836\" role=\"button\" data-toggle=\"collapse\" data-parent=\"#accordion-2930-1\" data-target=\"#13ccb7f11d258f836\" href=\"#13ccb7f11d258f836\"><span class=\"fusion-toggle-icon-wrapper\" aria-hidden=\"true\"><i class=\"fa-fusion-box active-icon awb-icon-minus\" aria-hidden=\"true\"><\/i><i class=\"fa-fusion-box inactive-icon awb-icon-plus\" aria-hidden=\"true\"><\/i><\/span><span class=\"fusion-toggle-heading\">Micropunch\/chirurgischer Stanzer:<\/span><\/a><\/h4><\/div><div id=\"13ccb7f11d258f836\" class=\"panel-collapse collapse \" aria-labelledby=\"toggle_13ccb7f11d258f836\"><div class=\"panel-body toggle-content fusion-clearfix\">Zylindrisches Skalpell mit kreisf\u00f6rmiger Schneide mit einem Durchmesser von 0,75 bis 1 mm.<\/div><\/div><\/div><div class=\"fusion-panel panel-default panel-af11737534206a3bc fusion-toggle-has-divider\"><div class=\"panel-heading\"><h4 class=\"panel-title toggle\" id=\"toggle_af11737534206a3bc\"><a aria-expanded=\"false\" aria-controls=\"af11737534206a3bc\" role=\"button\" data-toggle=\"collapse\" data-parent=\"#accordion-2930-1\" data-target=\"#af11737534206a3bc\" href=\"#af11737534206a3bc\"><span class=\"fusion-toggle-icon-wrapper\" aria-hidden=\"true\"><i class=\"fa-fusion-box active-icon awb-icon-minus\" aria-hidden=\"true\"><\/i><i class=\"fa-fusion-box inactive-icon awb-icon-plus\" aria-hidden=\"true\"><\/i><\/span><span class=\"fusion-toggle-heading\">Platzierung:<\/span><\/a><\/h4><\/div><div id=\"af11737534206a3bc\" class=\"panel-collapse collapse \" aria-labelledby=\"toggle_af11737534206a3bc\"><div class=\"panel-body toggle-content fusion-clearfix\">Die Phase, in der die Transplantate in die Empf\u00e4ngerzone reimplantiert werden.<\/div><\/div><\/div><div class=\"fusion-panel panel-default panel-1ef6939109b0ae81e fusion-toggle-has-divider\"><div class=\"panel-heading\"><h4 class=\"panel-title toggle\" id=\"toggle_1ef6939109b0ae81e\"><a aria-expanded=\"false\" aria-controls=\"1ef6939109b0ae81e\" role=\"button\" data-toggle=\"collapse\" data-parent=\"#accordion-2930-1\" data-target=\"#1ef6939109b0ae81e\" href=\"#1ef6939109b0ae81e\"><span class=\"fusion-toggle-icon-wrapper\" aria-hidden=\"true\"><i class=\"fa-fusion-box active-icon awb-icon-minus\" aria-hidden=\"true\"><\/i><i class=\"fa-fusion-box inactive-icon awb-icon-plus\" aria-hidden=\"true\"><\/i><\/span><span class=\"fusion-toggle-heading\">Trichophytische Verschlusstechnik:<\/span><\/a><\/h4><\/div><div id=\"1ef6939109b0ae81e\" class=\"panel-collapse collapse \" aria-labelledby=\"toggle_1ef6939109b0ae81e\"><div class=\"panel-body toggle-content fusion-clearfix\">Eine spezielle Technik, um den Spenderbereich nach einem Streifen- \/ FUT-Transplantat zu schlie\u00dfen, was die Narbenbildung minimiert und das Nachwachsen der Haare im Spenderbereich erm\u00f6glicht.<\/div><\/div><\/div><div class=\"fusion-panel panel-default panel-4346665ef4d07b873 fusion-toggle-has-divider\"><div class=\"panel-heading\"><h4 class=\"panel-title toggle\" id=\"toggle_4346665ef4d07b873\"><a aria-expanded=\"false\" aria-controls=\"4346665ef4d07b873\" role=\"button\" data-toggle=\"collapse\" data-parent=\"#accordion-2930-1\" data-target=\"#4346665ef4d07b873\" href=\"#4346665ef4d07b873\"><span class=\"fusion-toggle-icon-wrapper\" aria-hidden=\"true\"><i class=\"fa-fusion-box active-icon awb-icon-minus\" aria-hidden=\"true\"><\/i><i class=\"fa-fusion-box inactive-icon awb-icon-plus\" aria-hidden=\"true\"><\/i><\/span><span class=\"fusion-toggle-heading\">Slivering:<\/span><\/a><\/h4><\/div><div id=\"4346665ef4d07b873\" class=\"panel-collapse collapse \" aria-labelledby=\"toggle_4346665ef4d07b873\"><div class=\"panel-body toggle-content fusion-clearfix\">Zerlegung des Streifens in d\u00fcnne Scheiben (die sogenannten \u201cSliver\u201d), die nur einige wenige follikul\u00e4re Einheiten enthalten, die ausgerichtet sind, um die Ernte zu erleichtern<\/div><\/div><\/div><div class=\"fusion-panel panel-default panel-2f171bc44595ab512 fusion-toggle-has-divider\"><div class=\"panel-heading\"><h4 class=\"panel-title toggle\" id=\"toggle_2f171bc44595ab512\"><a aria-expanded=\"false\" aria-controls=\"2f171bc44595ab512\" role=\"button\" data-toggle=\"collapse\" data-parent=\"#accordion-2930-1\" data-target=\"#2f171bc44595ab512\" href=\"#2f171bc44595ab512\"><span class=\"fusion-toggle-icon-wrapper\" aria-hidden=\"true\"><i class=\"fa-fusion-box active-icon awb-icon-minus\" aria-hidden=\"true\"><\/i><i class=\"fa-fusion-box inactive-icon awb-icon-plus\" aria-hidden=\"true\"><\/i><\/span><span class=\"fusion-toggle-heading\">Transection\/Durchtrennung:<\/span><\/a><\/h4><\/div><div id=\"2f171bc44595ab512\" class=\"panel-collapse collapse \" aria-labelledby=\"toggle_2f171bc44595ab512\"><div class=\"panel-body toggle-content fusion-clearfix\">Unbeabsichtigte Besch\u00e4digung des Follikels, was dazu f\u00fchrt, dass aus ihm kein neues Haar entstehen kann. Dies kann w\u00e4hrend der Probenahme (Streifen oder FUE), Slivering oder dem Schneiden auftreten. Die Extraktion der follikul\u00e4ren Einheiten wird unter einem Mikroskop durchgef\u00fchrt, um die Durchtrennungsrate zu minimieren. Die tolerierte Durchtrennungsrate liegt zwischen 4-5%.<\/div><\/div><\/div><div class=\"fusion-panel panel-default panel-9cb5792bb933fca84 fusion-toggle-has-divider\"><div class=\"panel-heading\"><h4 class=\"panel-title toggle\" id=\"toggle_9cb5792bb933fca84\"><a aria-expanded=\"false\" aria-controls=\"9cb5792bb933fca84\" role=\"button\" data-toggle=\"collapse\" data-parent=\"#accordion-2930-1\" data-target=\"#9cb5792bb933fca84\" href=\"#9cb5792bb933fca84\"><span class=\"fusion-toggle-icon-wrapper\" aria-hidden=\"true\"><i class=\"fa-fusion-box active-icon awb-icon-minus\" aria-hidden=\"true\"><\/i><i class=\"fa-fusion-box inactive-icon awb-icon-plus\" aria-hidden=\"true\"><\/i><\/span><span class=\"fusion-toggle-heading\">Spenderzone:<\/span><\/a><\/h4><\/div><div id=\"9cb5792bb933fca84\" class=\"panel-collapse collapse \" aria-labelledby=\"toggle_9cb5792bb933fca84\"><div class=\"panel-body toggle-content fusion-clearfix\">\n<p>Das einzige Haar, welches transplantiert werden kann, ist das Haar, das als dauerhaft angesehen wird (nicht von DHT betroffen). Daher gelten die Bereiche an den Seiten und der R\u00fcckseite des Kopfes als sicher f\u00fcr eine chirurgische Transplantation, um dauerhafte Ergebnisse zu erzielen.<\/p>\n<\/div><\/div><\/div><\/div><\/div><div class=\"fusion-clearfix\"><\/div><\/div><\/div><\/div><\/div>\n","protected":false},"excerpt":{"rendered":"","protected":false},"author":1,"featured_media":0,"parent":0,"menu_order":0,"comment_status":"closed","ping_status":"closed","template":"","meta":{"_monsterinsights_skip_tracking":false,"_monsterinsights_sitenote_active":false,"_monsterinsights_sitenote_note":"","_monsterinsights_sitenote_category":0,"footnotes":""},"class_list":["post-2930","page","type-page","status-publish","hentry"],"yoast_head":"<!-- This site is optimized with the Yoast SEO plugin v27.4 - https:\/\/yoast.com\/product\/yoast-seo-wordpress\/ -->\n<title>Glossar - Medikemos Clinic<\/title>\n<meta name=\"robots\" content=\"index, follow, max-snippet:-1, max-image-preview:large, max-video-preview:-1\" \/>\n<link rel=\"canonical\" href=\"https:\/\/medikemosclinic.com\/de\/glossar\/\" \/>\n<meta property=\"og:locale\" content=\"de_DE\" \/>\n<meta property=\"og:type\" content=\"article\" \/>\n<meta property=\"og:title\" content=\"Glossar - Medikemos Clinic\" \/>\n<meta property=\"og:url\" content=\"https:\/\/medikemosclinic.com\/de\/glossar\/\" \/>\n<meta property=\"og:site_name\" content=\"Medikemos Clinic\" \/>\n<meta property=\"article:publisher\" content=\"https:\/\/www.facebook.com\/medikemoshairtransplant\" \/>\n<meta name=\"twitter:card\" content=\"summary_large_image\" \/>\n<meta name=\"twitter:label1\" content=\"Gesch\u00e4tzte Lesezeit\" \/>\n\t<meta name=\"twitter:data1\" content=\"2\u00a0Minuten\" \/>\n<script type=\"application\/ld+json\" class=\"yoast-schema-graph\">{\"@context\":\"https:\\\/\\\/schema.org\",\"@graph\":[{\"@type\":\"WebPage\",\"@id\":\"https:\\\/\\\/medikemosclinic.com\\\/de\\\/glossar\\\/\",\"url\":\"https:\\\/\\\/medikemosclinic.com\\\/de\\\/glossar\\\/\",\"name\":\"Glossar - Medikemos Clinic\",\"isPartOf\":{\"@id\":\"https:\\\/\\\/medikemosclinic.com\\\/#website\"},\"datePublished\":\"2018-09-16T15:26:23+00:00\",\"breadcrumb\":{\"@id\":\"https:\\\/\\\/medikemosclinic.com\\\/de\\\/glossar\\\/#breadcrumb\"},\"inLanguage\":\"de\",\"potentialAction\":[{\"@type\":\"ReadAction\",\"target\":[\"https:\\\/\\\/medikemosclinic.com\\\/de\\\/glossar\\\/\"]}]},{\"@type\":\"BreadcrumbList\",\"@id\":\"https:\\\/\\\/medikemosclinic.com\\\/de\\\/glossar\\\/#breadcrumb\",\"itemListElement\":[{\"@type\":\"ListItem\",\"position\":1,\"name\":\"Accueil\",\"item\":\"https:\\\/\\\/medikemosclinic.com\\\/de\\\/\"},{\"@type\":\"ListItem\",\"position\":2,\"name\":\"Glossar\"}]},{\"@type\":\"WebSite\",\"@id\":\"https:\\\/\\\/medikemosclinic.com\\\/#website\",\"url\":\"https:\\\/\\\/medikemosclinic.com\\\/\",\"name\":\"Medikemos Clinic\",\"description\":\"Solution et traitement contre la chute de cheveux\",\"publisher\":{\"@id\":\"https:\\\/\\\/medikemosclinic.com\\\/#organization\"},\"potentialAction\":[{\"@type\":\"SearchAction\",\"target\":{\"@type\":\"EntryPoint\",\"urlTemplate\":\"https:\\\/\\\/medikemosclinic.com\\\/?s={search_term_string}\"},\"query-input\":{\"@type\":\"PropertyValueSpecification\",\"valueRequired\":true,\"valueName\":\"search_term_string\"}}],\"inLanguage\":\"de\"},{\"@type\":\"Organization\",\"@id\":\"https:\\\/\\\/medikemosclinic.com\\\/#organization\",\"name\":\"MeDiKemos Clinic\",\"url\":\"https:\\\/\\\/medikemosclinic.com\\\/\",\"logo\":{\"@type\":\"ImageObject\",\"inLanguage\":\"de\",\"@id\":\"https:\\\/\\\/medikemosclinic.com\\\/#\\\/schema\\\/logo\\\/image\\\/\",\"url\":\"https:\\\/\\\/medikemosclinic.com\\\/wp-content\\\/uploads\\\/2017\\\/03\\\/Logo-MDK-sticky-retina.png\",\"contentUrl\":\"https:\\\/\\\/medikemosclinic.com\\\/wp-content\\\/uploads\\\/2017\\\/03\\\/Logo-MDK-sticky-retina.png\",\"width\":130,\"height\":130,\"caption\":\"MeDiKemos Clinic\"},\"image\":{\"@id\":\"https:\\\/\\\/medikemosclinic.com\\\/#\\\/schema\\\/logo\\\/image\\\/\"},\"sameAs\":[\"https:\\\/\\\/www.facebook.com\\\/medikemoshairtransplant\",\"https:\\\/\\\/www.linkedin.com\\\/company\\\/medikemos-clinic\",\"https:\\\/\\\/www.youtube.com\\\/user\\\/MHairTransplantation\\\/\"]}]}<\/script>\n<!-- \/ Yoast SEO plugin. -->","yoast_head_json":{"title":"Glossar - Medikemos Clinic","robots":{"index":"index","follow":"follow","max-snippet":"max-snippet:-1","max-image-preview":"max-image-preview:large","max-video-preview":"max-video-preview:-1"},"canonical":"https:\/\/medikemosclinic.com\/de\/glossar\/","og_locale":"de_DE","og_type":"article","og_title":"Glossar - Medikemos Clinic","og_url":"https:\/\/medikemosclinic.com\/de\/glossar\/","og_site_name":"Medikemos Clinic","article_publisher":"https:\/\/www.facebook.com\/medikemoshairtransplant","twitter_card":"summary_large_image","twitter_misc":{"Gesch\u00e4tzte Lesezeit":"2\u00a0Minuten"},"schema":{"@context":"https:\/\/schema.org","@graph":[{"@type":"WebPage","@id":"https:\/\/medikemosclinic.com\/de\/glossar\/","url":"https:\/\/medikemosclinic.com\/de\/glossar\/","name":"Glossar - Medikemos Clinic","isPartOf":{"@id":"https:\/\/medikemosclinic.com\/#website"},"datePublished":"2018-09-16T15:26:23+00:00","breadcrumb":{"@id":"https:\/\/medikemosclinic.com\/de\/glossar\/#breadcrumb"},"inLanguage":"de","potentialAction":[{"@type":"ReadAction","target":["https:\/\/medikemosclinic.com\/de\/glossar\/"]}]},{"@type":"BreadcrumbList","@id":"https:\/\/medikemosclinic.com\/de\/glossar\/#breadcrumb","itemListElement":[{"@type":"ListItem","position":1,"name":"Accueil","item":"https:\/\/medikemosclinic.com\/de\/"},{"@type":"ListItem","position":2,"name":"Glossar"}]},{"@type":"WebSite","@id":"https:\/\/medikemosclinic.com\/#website","url":"https:\/\/medikemosclinic.com\/","name":"Medikemos Clinic","description":"Solution et traitement contre la chute de cheveux","publisher":{"@id":"https:\/\/medikemosclinic.com\/#organization"},"potentialAction":[{"@type":"SearchAction","target":{"@type":"EntryPoint","urlTemplate":"https:\/\/medikemosclinic.com\/?s={search_term_string}"},"query-input":{"@type":"PropertyValueSpecification","valueRequired":true,"valueName":"search_term_string"}}],"inLanguage":"de"},{"@type":"Organization","@id":"https:\/\/medikemosclinic.com\/#organization","name":"MeDiKemos Clinic","url":"https:\/\/medikemosclinic.com\/","logo":{"@type":"ImageObject","inLanguage":"de","@id":"https:\/\/medikemosclinic.com\/#\/schema\/logo\/image\/","url":"https:\/\/medikemosclinic.com\/wp-content\/uploads\/2017\/03\/Logo-MDK-sticky-retina.png","contentUrl":"https:\/\/medikemosclinic.com\/wp-content\/uploads\/2017\/03\/Logo-MDK-sticky-retina.png","width":130,"height":130,"caption":"MeDiKemos Clinic"},"image":{"@id":"https:\/\/medikemosclinic.com\/#\/schema\/logo\/image\/"},"sameAs":["https:\/\/www.facebook.com\/medikemoshairtransplant","https:\/\/www.linkedin.com\/company\/medikemos-clinic","https:\/\/www.youtube.com\/user\/MHairTransplantation\/"]}]}},"_links":{"self":[{"href":"https:\/\/medikemosclinic.com\/de\/wp-json\/wp\/v2\/pages\/2930","targetHints":{"allow":["GET"]}}],"collection":[{"href":"https:\/\/medikemosclinic.com\/de\/wp-json\/wp\/v2\/pages"}],"about":[{"href":"https:\/\/medikemosclinic.com\/de\/wp-json\/wp\/v2\/types\/page"}],"author":[{"embeddable":true,"href":"https:\/\/medikemosclinic.com\/de\/wp-json\/wp\/v2\/users\/1"}],"replies":[{"embeddable":true,"href":"https:\/\/medikemosclinic.com\/de\/wp-json\/wp\/v2\/comments?post=2930"}],"version-history":[{"count":1,"href":"https:\/\/medikemosclinic.com\/de\/wp-json\/wp\/v2\/pages\/2930\/revisions"}],"predecessor-version":[{"id":2931,"href":"https:\/\/medikemosclinic.com\/de\/wp-json\/wp\/v2\/pages\/2930\/revisions\/2931"}],"wp:attachment":[{"href":"https:\/\/medikemosclinic.com\/de\/wp-json\/wp\/v2\/media?parent=2930"}],"curies":[{"name":"wp","href":"https:\/\/api.w.org\/{rel}","templated":true}]}}