{"id":2616,"date":"2017-04-26T13:11:57","date_gmt":"2017-04-26T11:11:57","guid":{"rendered":"https:\/\/medikemosclinic.com\/?page_id=2616\/"},"modified":"2018-11-08T17:45:35","modified_gmt":"2018-11-08T16:45:35","slug":"medicacion","status":"publish","type":"page","link":"https:\/\/medikemosclinic.com\/es\/medicacion\/","title":{"rendered":"Medicaci\u00f3n"},"content":{"rendered":"<div class=\"fusion-fullwidth fullwidth-box fusion-builder-row-1 nonhundred-percent-fullwidth non-hundred-percent-height-scrolling\" style=\"--awb-border-radius-top-left:0px;--awb-border-radius-top-right:0px;--awb-border-radius-bottom-right:0px;--awb-border-radius-bottom-left:0px;--awb-padding-top:20px;--awb-padding-bottom:20px;--awb-flex-wrap:wrap;\" ><div class=\"fusion-builder-row fusion-row\"><div class=\"fusion-layout-column fusion_builder_column fusion-builder-column-0 fusion_builder_column_1_1 1_1 fusion-one-full fusion-column-first fusion-column-last\" style=\"--awb-bg-size:cover;\"><div class=\"fusion-column-wrapper fusion-flex-column-wrapper-legacy\"><div class=\"fusion-text fusion-text-1\"><h3>Medicamentos<\/h3>\n<p>Internet est\u00e1 repleto de productos que prometen combatir la ca\u00edda del pelo de manera f\u00e1cil, r\u00e1pida y econ\u00f3mica. \u00bfCu\u00e1ntas veces ha revisado en l\u00ednea y encontrado un anuncio de un remedio para la calvicie? Tratamientos con l\u00e1ser, extractos naturales de hierbas, polvos, bebidas, tinturas bot\u00e1nicas, potenciadores del crecimiento del pelo, complementos alimenticios, elixires &#8230; la lista de productos que prometen estimular el crecimiento del pelo es infinita. Sin embargo, la industria de la p\u00e9rdida de pelo en su conjunto vale miles de millones de euros, pero la verdad es que solo hay dos medicamentos para la ca\u00edda del pelo que funcionan.<\/p>\n<h3>Minoxidil<\/h3>\n<p>Uno de estos dos medicamentos se llama minoxidil y se comercializa bajo la marca Regaine\u00ae o Rogaine\u00ae (en EE. UU.). Desarrollado en los Estados Unidos, fue el primer producto para el tratamiento de la p\u00e9rdida de pelo aprobado por la Administraci\u00f3n de Alimentos y Medicamentos (FDA) en 1988. Originalmente estaba disponible en una soluci\u00f3n t\u00f3pica al 2% que, cuando se aplica al cuero cabelludo, ha sido demostrado ralentizar la p\u00e9rdida de pelo y promover el recrecimiento. Nueve a\u00f1os m\u00e1s tarde se aprob\u00f3 una versi\u00f3n m\u00e1s potente con un contenido de minoxidil del 5%, lo que impuls\u00f3 una asombrosa tasa de crecimiento del 45%, multiplicada por la de su predecesor. Minoxidil se comercializ\u00f3 originalmente para hombres, sin embargo, la f\u00f3rmula del 2% ahora tambi\u00e9n se usa para tratar la calvicie de patr\u00f3n femenino.<\/p>\n<p>Minoxidil es el \u00fanico medicamento recomendado para mujeres ya que la eficacia de Finasteride en mujeres es objeto de controversia y los efectos secundarios potenciales superan los beneficios.<\/p>\n<h3>Finasterida<\/h3>\n<p>Finasterida es el primer medicamento oral que obtuvo la aprobaci\u00f3n de la FDA para combatir la p\u00e9rdida de pelo en 1997. Es m\u00e1s efectivo que el minoxidil. Ha demostrado efectividad de aproximadamente 67%. Estudios posteriores han demostrado una tasa de respuesta a\u00fan mayor.<\/p>\n<p>Finasterida, comercializado bajo la marca Proscar\u00ae y Propecia\u00ae, entre otros, se lanz\u00f3 originalmente para combatir la HPB (hiperplasia benigna de pr\u00f3stata, una pr\u00f3stata agrandada). Esta es una condici\u00f3n causada por la deshidrotestosterona (DHT) que agranda la pr\u00f3stata en los hombres mayores que pasa a ser la misma hormona responsable de la p\u00e9rdida de pelo en los hombres. Finasterida bloquea la producci\u00f3n de DHT y es el \u00fanico medicamento oral aprobado que es efectivo en el tratamiento de calvicie de patr\u00f3n masculino.<\/p>\n<p>Tal vez crea que hay una opci\u00f3n entre hacer un trasplante de pelo y tomar medicamentos, sin embargo, este no es el caso. Si bien un trasplante de pelo le ayudar\u00e1 a restaurar parches ya calvos, no evita que otras \u00e1reas del cuero cabelludo se vean afectadas por la ca\u00edda del pelo.<\/p>\n<p>Por lo tanto, cuando se someta a tratamiento en Medikemos, el Dr. Lupanzula lo educar\u00e1 sobre sus elecciones y desarrollar\u00e1 un plan personalizado de restauraci\u00f3n del pelo para que pueda tener resultados duraderos.<\/p>\n<\/div><div class=\"fusion-clearfix\"><\/div><\/div><\/div><\/div><\/div>\n","protected":false},"excerpt":{"rendered":"","protected":false},"author":1,"featured_media":0,"parent":0,"menu_order":0,"comment_status":"closed","ping_status":"closed","template":"100-width.php","meta":{"_monsterinsights_skip_tracking":false,"_monsterinsights_sitenote_active":false,"_monsterinsights_sitenote_note":"","_monsterinsights_sitenote_category":0,"footnotes":""},"class_list":["post-2616","page","type-page","status-publish","hentry"],"yoast_head":"<!-- This site is optimized with the Yoast SEO plugin v27.5 - https:\/\/yoast.com\/product\/yoast-seo-wordpress\/ -->\n<title>Medicaci\u00f3n - Medikemos Clinic<\/title>\n<meta name=\"robots\" content=\"index, follow, max-snippet:-1, max-image-preview:large, max-video-preview:-1\" \/>\n<link rel=\"canonical\" href=\"https:\/\/medikemosclinic.com\/es\/medicacion\/\" \/>\n<meta property=\"og:locale\" content=\"es_ES\" \/>\n<meta property=\"og:type\" content=\"article\" \/>\n<meta property=\"og:title\" content=\"Medicaci\u00f3n - Medikemos Clinic\" \/>\n<meta property=\"og:url\" content=\"https:\/\/medikemosclinic.com\/es\/medicacion\/\" \/>\n<meta property=\"og:site_name\" content=\"Medikemos Clinic\" \/>\n<meta property=\"article:publisher\" content=\"https:\/\/www.facebook.com\/medikemoshairtransplant\" \/>\n<meta property=\"article:modified_time\" content=\"2018-11-08T16:45:35+00:00\" \/>\n<meta name=\"twitter:card\" content=\"summary_large_image\" \/>\n<meta name=\"twitter:label1\" content=\"Tiempo de lectura\" \/>\n\t<meta name=\"twitter:data1\" content=\"3 minutos\" \/>\n<script type=\"application\/ld+json\" class=\"yoast-schema-graph\">{\"@context\":\"https:\\\/\\\/schema.org\",\"@graph\":[{\"@type\":\"WebPage\",\"@id\":\"https:\\\/\\\/medikemosclinic.com\\\/es\\\/medicacion\\\/\",\"url\":\"https:\\\/\\\/medikemosclinic.com\\\/es\\\/medicacion\\\/\",\"name\":\"Medicaci\u00f3n - Medikemos Clinic\",\"isPartOf\":{\"@id\":\"https:\\\/\\\/medikemosclinic.com\\\/#website\"},\"datePublished\":\"2017-04-26T11:11:57+00:00\",\"dateModified\":\"2018-11-08T16:45:35+00:00\",\"breadcrumb\":{\"@id\":\"https:\\\/\\\/medikemosclinic.com\\\/es\\\/medicacion\\\/#breadcrumb\"},\"inLanguage\":\"es\",\"potentialAction\":[{\"@type\":\"ReadAction\",\"target\":[\"https:\\\/\\\/medikemosclinic.com\\\/es\\\/medicacion\\\/\"]}]},{\"@type\":\"BreadcrumbList\",\"@id\":\"https:\\\/\\\/medikemosclinic.com\\\/es\\\/medicacion\\\/#breadcrumb\",\"itemListElement\":[{\"@type\":\"ListItem\",\"position\":1,\"name\":\"Accueil\",\"item\":\"https:\\\/\\\/medikemosclinic.com\\\/es\\\/\"},{\"@type\":\"ListItem\",\"position\":2,\"name\":\"Medicaci\u00f3n\"}]},{\"@type\":\"WebSite\",\"@id\":\"https:\\\/\\\/medikemosclinic.com\\\/#website\",\"url\":\"https:\\\/\\\/medikemosclinic.com\\\/\",\"name\":\"Medikemos Clinic\",\"description\":\"Solution et traitement contre la chute de cheveux\",\"publisher\":{\"@id\":\"https:\\\/\\\/medikemosclinic.com\\\/#organization\"},\"potentialAction\":[{\"@type\":\"SearchAction\",\"target\":{\"@type\":\"EntryPoint\",\"urlTemplate\":\"https:\\\/\\\/medikemosclinic.com\\\/?s={search_term_string}\"},\"query-input\":{\"@type\":\"PropertyValueSpecification\",\"valueRequired\":true,\"valueName\":\"search_term_string\"}}],\"inLanguage\":\"es\"},{\"@type\":\"Organization\",\"@id\":\"https:\\\/\\\/medikemosclinic.com\\\/#organization\",\"name\":\"MeDiKemos Clinic\",\"url\":\"https:\\\/\\\/medikemosclinic.com\\\/\",\"logo\":{\"@type\":\"ImageObject\",\"inLanguage\":\"es\",\"@id\":\"https:\\\/\\\/medikemosclinic.com\\\/#\\\/schema\\\/logo\\\/image\\\/\",\"url\":\"https:\\\/\\\/medikemosclinic.com\\\/wp-content\\\/uploads\\\/2017\\\/03\\\/Logo-MDK-sticky-retina.png\",\"contentUrl\":\"https:\\\/\\\/medikemosclinic.com\\\/wp-content\\\/uploads\\\/2017\\\/03\\\/Logo-MDK-sticky-retina.png\",\"width\":130,\"height\":130,\"caption\":\"MeDiKemos Clinic\"},\"image\":{\"@id\":\"https:\\\/\\\/medikemosclinic.com\\\/#\\\/schema\\\/logo\\\/image\\\/\"},\"sameAs\":[\"https:\\\/\\\/www.facebook.com\\\/medikemoshairtransplant\",\"https:\\\/\\\/www.linkedin.com\\\/company\\\/medikemos-clinic\",\"https:\\\/\\\/www.youtube.com\\\/user\\\/MHairTransplantation\\\/\"]}]}<\/script>\n<!-- \/ Yoast SEO plugin. -->","yoast_head_json":{"title":"Medicaci\u00f3n - Medikemos Clinic","robots":{"index":"index","follow":"follow","max-snippet":"max-snippet:-1","max-image-preview":"max-image-preview:large","max-video-preview":"max-video-preview:-1"},"canonical":"https:\/\/medikemosclinic.com\/es\/medicacion\/","og_locale":"es_ES","og_type":"article","og_title":"Medicaci\u00f3n - Medikemos Clinic","og_url":"https:\/\/medikemosclinic.com\/es\/medicacion\/","og_site_name":"Medikemos Clinic","article_publisher":"https:\/\/www.facebook.com\/medikemoshairtransplant","article_modified_time":"2018-11-08T16:45:35+00:00","twitter_card":"summary_large_image","twitter_misc":{"Tiempo de lectura":"3 minutos"},"schema":{"@context":"https:\/\/schema.org","@graph":[{"@type":"WebPage","@id":"https:\/\/medikemosclinic.com\/es\/medicacion\/","url":"https:\/\/medikemosclinic.com\/es\/medicacion\/","name":"Medicaci\u00f3n - Medikemos Clinic","isPartOf":{"@id":"https:\/\/medikemosclinic.com\/#website"},"datePublished":"2017-04-26T11:11:57+00:00","dateModified":"2018-11-08T16:45:35+00:00","breadcrumb":{"@id":"https:\/\/medikemosclinic.com\/es\/medicacion\/#breadcrumb"},"inLanguage":"es","potentialAction":[{"@type":"ReadAction","target":["https:\/\/medikemosclinic.com\/es\/medicacion\/"]}]},{"@type":"BreadcrumbList","@id":"https:\/\/medikemosclinic.com\/es\/medicacion\/#breadcrumb","itemListElement":[{"@type":"ListItem","position":1,"name":"Accueil","item":"https:\/\/medikemosclinic.com\/es\/"},{"@type":"ListItem","position":2,"name":"Medicaci\u00f3n"}]},{"@type":"WebSite","@id":"https:\/\/medikemosclinic.com\/#website","url":"https:\/\/medikemosclinic.com\/","name":"Medikemos Clinic","description":"Solution et traitement contre la chute de cheveux","publisher":{"@id":"https:\/\/medikemosclinic.com\/#organization"},"potentialAction":[{"@type":"SearchAction","target":{"@type":"EntryPoint","urlTemplate":"https:\/\/medikemosclinic.com\/?s={search_term_string}"},"query-input":{"@type":"PropertyValueSpecification","valueRequired":true,"valueName":"search_term_string"}}],"inLanguage":"es"},{"@type":"Organization","@id":"https:\/\/medikemosclinic.com\/#organization","name":"MeDiKemos Clinic","url":"https:\/\/medikemosclinic.com\/","logo":{"@type":"ImageObject","inLanguage":"es","@id":"https:\/\/medikemosclinic.com\/#\/schema\/logo\/image\/","url":"https:\/\/medikemosclinic.com\/wp-content\/uploads\/2017\/03\/Logo-MDK-sticky-retina.png","contentUrl":"https:\/\/medikemosclinic.com\/wp-content\/uploads\/2017\/03\/Logo-MDK-sticky-retina.png","width":130,"height":130,"caption":"MeDiKemos Clinic"},"image":{"@id":"https:\/\/medikemosclinic.com\/#\/schema\/logo\/image\/"},"sameAs":["https:\/\/www.facebook.com\/medikemoshairtransplant","https:\/\/www.linkedin.com\/company\/medikemos-clinic","https:\/\/www.youtube.com\/user\/MHairTransplantation\/"]}]}},"_links":{"self":[{"href":"https:\/\/medikemosclinic.com\/es\/wp-json\/wp\/v2\/pages\/2616","targetHints":{"allow":["GET"]}}],"collection":[{"href":"https:\/\/medikemosclinic.com\/es\/wp-json\/wp\/v2\/pages"}],"about":[{"href":"https:\/\/medikemosclinic.com\/es\/wp-json\/wp\/v2\/types\/page"}],"author":[{"embeddable":true,"href":"https:\/\/medikemosclinic.com\/es\/wp-json\/wp\/v2\/users\/1"}],"replies":[{"embeddable":true,"href":"https:\/\/medikemosclinic.com\/es\/wp-json\/wp\/v2\/comments?post=2616"}],"version-history":[{"count":3,"href":"https:\/\/medikemosclinic.com\/es\/wp-json\/wp\/v2\/pages\/2616\/revisions"}],"predecessor-version":[{"id":3019,"href":"https:\/\/medikemosclinic.com\/es\/wp-json\/wp\/v2\/pages\/2616\/revisions\/3019"}],"wp:attachment":[{"href":"https:\/\/medikemosclinic.com\/es\/wp-json\/wp\/v2\/media?parent=2616"}],"curies":[{"name":"wp","href":"https:\/\/api.w.org\/{rel}","templated":true}]}}