{"id":2637,"date":"2017-04-26T14:17:27","date_gmt":"2017-04-26T12:17:27","guid":{"rendered":"https:\/\/medikemosclinic.com\/?page_id=2637\/"},"modified":"2018-11-08T17:17:50","modified_gmt":"2018-11-08T16:17:50","slug":"perdida-de-pelo-masculina","status":"publish","type":"page","link":"https:\/\/medikemosclinic.com\/es\/perdida-de-pelo-masculina\/","title":{"rendered":"Calvicie con patr\u00f3n masculino"},"content":{"rendered":"<p><div class=\"fusion-fullwidth fullwidth-box fusion-builder-row-1 nonhundred-percent-fullwidth non-hundred-percent-height-scrolling\" style=\"--awb-border-radius-top-left:0px;--awb-border-radius-top-right:0px;--awb-border-radius-bottom-right:0px;--awb-border-radius-bottom-left:0px;--awb-padding-top:20px;--awb-padding-bottom:20px;--awb-flex-wrap:wrap;\" ><div class=\"fusion-builder-row fusion-row\"><div class=\"fusion-layout-column fusion_builder_column fusion-builder-column-0 fusion_builder_column_1_1 1_1 fusion-one-full fusion-column-first fusion-column-last\" style=\"--awb-bg-size:cover;\"><div class=\"fusion-column-wrapper fusion-flex-column-wrapper-legacy\"><div class=\"fusion-text fusion-text-1\"><p><a title=\"Norwood Classification\" href=\"\/wp-content\/uploads\/2017\/03\/Norwood-Classification-B.jpg\" rel=\"prettyPhoto\"><img decoding=\"async\" class=\"alignright\" src=\"\/wp-content\/uploads\/2017\/03\/Norwood-Classification-S.jpg\" alt=\"Clasificaci\u00f3n de Norwood\" width=\"205\" height=\"159\"><\/a><\/p>\n<p>La p\u00e9rdida del pelo de patr\u00f3n masculino es conocida por varios nombres, incluida la <strong>alopecia androg\u00e9nica<\/strong> y la <strong>calvicie de patr\u00f3n masculino.<\/strong> La raz\u00f3n principal por la que los hombres sufren de p\u00e9rdida de pelo de patr\u00f3n masculino se debe a cambios hormonales en sus cuerpos, pero va m\u00e1s all\u00e1 de eso. Cualquier persona que padece alopecia androgen\u00e9tica tiene la predisposici\u00f3n gen\u00e9tica para tal reacci\u00f3n a problemas hormonales. Es un mito que los genes de la p\u00e9rdida del pelo solo se transmiten desde el lado materno de la familia, ya que uno o ambos padres pueden llevar la informaci\u00f3n gen\u00e9tica y transmitirla a su descendencia.<\/p>\n<\/div><div class=\"fusion-builder-row fusion-builder-row-inner fusion-row\"><div class=\"fusion-layout-column fusion_builder_column_inner fusion-builder-nested-column-0 fusion_builder_column_inner_1_3 1_3 fusion-one-third fusion-column-first\" style=\"--awb-bg-size:cover;width:33.333333333333%;width:calc(33.333333333333% - ( ( 4% + 4% ) * 0.33333333333333 ) );margin-right: 4%;\"><div class=\"fusion-column-wrapper fusion-flex-column-wrapper-legacy\"><div class=\"fusion-text fusion-text-2\">\t<div id=\"BAone-6a08ed44e0a2c\" class=\"baslider-main\" style=\"width:600px; border: 0px solid #ffffff;\">\n\t\t<ul class=\"slides-BAone-6a08ed44e0a2c\">\n\t\t\t\t\t<li class=\"baslideli\">\n\t\t\t\t<div class=\"beforeAfterSlidebar \">\n\t\t\t\t\t<div class=\"bottomImage\" >\n\t\t\t\t\t\t<img decoding=\"async\" src=\"https:\/\/medikemosclinic.com\/wp-content\/uploads\/2017\/03\/before-and-after-medikemos-3.jpg\" alt=\"Before-Medikemos\">\n\t\t\t\t\t<\/div>\n                    <div class=\"topImage\" style=\"border-left-color:#ffffff;-webkit-transition: 0ms;-moz-transition-duration: 0ms;-o-transition-duration: 0ms;-ms-transition-duration: 0ms;transition-duration: 0ms; \">\n\t\t\t\t\t\t<img decoding=\"async\" class=\"topImg\" style=\"-webkit-transition: 0ms;-moz-transition-duration: 0ms;-o-transition-duration: 0ms;-ms-transition-duration: 0ms;transition-duration: 0ms;\" src=\"https:\/\/medikemosclinic.com\/wp-content\/uploads\/2017\/03\/before-and-after-medikemos-4.jpg\" alt=\"After-Medikemos\">\n\t\t\t\t\t<\/div><h5 style=\"text-align:center;color:#ffffff !important;\"><span class=\"ba-before\" >Before<\/span><span class=\"ba-title\" style=\"font-size:13px; display:none !important;\">Medikemos<\/span><span class=\"ba-after\" >After<\/span><\/h5><\/div>\n\t\t\t<\/li>\n\t\t\t\t\t<\/ul>\n\t<\/div>\n\t<div class=\"ba-outside\" style=\"width:600px;display:none !important;\">\n\t\t<span id=\"slider-next-BAone-6a08ed44e0a2c\" class=\"slide-nex\"><\/span><span id=\"slider-prev-BAone-6a08ed44e0a2c\" class=\"slide-pre\"><\/span>\n\t<\/div>\n\t<div style=\"clear:both\"><\/div>\n\t\t<script type=\"text\/javascript\">\n\t\t(function($){\n\t\t\t\t\t\t\t\tvar bxslider_BAone;\n                $(document).ready(function(){\n                        var BAone_l = get_width('#BAone-6a08ed44e0a2c');\n                        var BAone_r = get_width('#BAone-6a08ed44e0a2c');\n                        var BAone_l = BAone_l-2;\n                        var BAone_r = BAone_r;\n                        var BAone_auto = false;\n                        var BAone_delay = '5000';\n                        var BAone_effect = 'fade';\n\t\t\t\t\t\tvar BAone_pager = false;\n                    \treset_images('BAone-6a08ed44e0a2c');\n                        bxslider_BAone = start_slider('BAone-6a08ed44e0a2c',BAone_delay, BAone_auto, BAone_effect, BAone_l, BAone_r, BAone_pager);\n                });\n                $(window).on(\"resize\", function(event){\n                    reset_images('BAone-6a08ed44e0a2c');\n                });\n\t\t\t\t$( \".wpb_accordion .wpb_accordion_wrapper\" ).on( \"accordionactivate\", function( event, ui ) {\n\t\t\t\t\tbxslider_BAone.redrawSlider();\n\t\t\t\t\treset_images('BAone-6a08ed44e0a2c');\n\t\t\t\t} );\n\t\t\t\t$(document).on(\"ultAdvancedTabClicked\", function(){\n\t\t\t\t\tbxslider_BAone.destroySlider();\n\t\t\t\t\tvar BAone_l = get_width('#BAone-6a08ed44e0a2c');\n\t\t\t\t\tvar BAone_r = get_width('#BAone-6a08ed44e0a2c');\n\t\t\t\t\tvar BAone_l = BAone_l-2;\n\t\t\t\t\tvar BAone_r = BAone_r;\n\t\t\t\t\tvar BAone_auto = false;\n\t\t\t\t\tvar BAone_delay = '5000';\n\t\t\t\t\tvar BAone_effect = 'fade';\n\t\t\t\t\tvar BAone_pager = false;\n\t\t\t\t\treset_images('BAone-6a08ed44e0a2c');\n\t\t\t\t\tstart_slider('BAone-6a08ed44e0a2c',BAone_delay, BAone_auto, BAone_effect, BAone_l, BAone_r, BAone_pager);\n\t\t\t\t});\n\t\t\t\t$(document).ajaxComplete(function(e, xhr, settings){\n\t\t\t\t\tvar BAone_l = get_width('#BAone-6a08ed44e0a2c');\n\t\t\t\t\tvar BAone_r = get_width('#BAone-6a08ed44e0a2c');\n\t\t\t\t\tvar BAone_l = BAone_l-2;\n\t\t\t\t\tvar BAone_r = BAone_r;\n\t\t\t\t\tvar BAone_auto = false;\n\t\t\t\t\tvar BAone_delay = '5000';\n\t\t\t\t\tvar BAone_effect = 'fade';\n\t\t\t\t\tvar BAone_pager = false;\n\t\t\t\t\treset_images('BAone-6a08ed44e0a2c');\n\t\t\t\t\tstart_slider('BAone-6a08ed44e0a2c',BAone_delay, BAone_auto, BAone_effect, BAone_l, BAone_r, BAone_pager);\n\t\t\t\t});\n\t\t})(jQuery);\n        <\/script>\n\t\n<\/div><div class=\"fusion-clearfix\"><\/div><\/div><\/div><div class=\"fusion-layout-column fusion_builder_column_inner fusion-builder-nested-column-1 fusion_builder_column_inner_1_3 1_3 fusion-one-third\" style=\"--awb-bg-size:cover;width:33.333333333333%;width:calc(33.333333333333% - ( ( 4% + 4% ) * 0.33333333333333 ) );margin-right: 4%;\"><div class=\"fusion-column-wrapper fusion-flex-column-wrapper-legacy\"><div class=\"fusion-text fusion-text-3\">\t<div id=\"BAtwo-6a08ed44e10a6\" class=\"baslider-main\" style=\"width:600px; border: 0px solid #ffffff;\">\n\t\t<ul class=\"slides-BAtwo-6a08ed44e10a6\">\n\t\t\t\t\t<li class=\"baslideli\">\n\t\t\t\t<div class=\"beforeAfterSlidebar \">\n\t\t\t\t\t<div class=\"bottomImage\" >\n\t\t\t\t\t\t<img decoding=\"async\" src=\"https:\/\/medikemosclinic.com\/wp-content\/uploads\/2017\/03\/before-and-after-medikemos-7.jpg\" alt=\"Before-Medikemos\">\n\t\t\t\t\t<\/div>\n                    <div class=\"topImage\" style=\"border-left-color:#ffffff;-webkit-transition: 0ms;-moz-transition-duration: 0ms;-o-transition-duration: 0ms;-ms-transition-duration: 0ms;transition-duration: 0ms; \">\n\t\t\t\t\t\t<img decoding=\"async\" class=\"topImg\" style=\"-webkit-transition: 0ms;-moz-transition-duration: 0ms;-o-transition-duration: 0ms;-ms-transition-duration: 0ms;transition-duration: 0ms;\" src=\"https:\/\/medikemosclinic.com\/wp-content\/uploads\/2017\/03\/before-and-after-medikemos-8.jpg\" alt=\"After-Medikemos\">\n\t\t\t\t\t<\/div><h5 style=\"text-align:center;color:#ffffff !important;\"><span class=\"ba-before\" >Before<\/span><span class=\"ba-title\" style=\"font-size:13px; display:none !important;\">Medikemos<\/span><span class=\"ba-after\" >After<\/span><\/h5><\/div>\n\t\t\t<\/li>\n\t\t\t\t\t<\/ul>\n\t<\/div>\n\t<div class=\"ba-outside\" style=\"width:600px;display:none !important;\">\n\t\t<span id=\"slider-next-BAtwo-6a08ed44e10a6\" class=\"slide-nex\"><\/span><span id=\"slider-prev-BAtwo-6a08ed44e10a6\" class=\"slide-pre\"><\/span>\n\t<\/div>\n\t<div style=\"clear:both\"><\/div>\n\t\t<script type=\"text\/javascript\">\n\t\t(function($){\n\t\t\t\t\t\t\t\tvar bxslider_BAtwo;\n                $(document).ready(function(){\n                        var BAtwo_l = get_width('#BAtwo-6a08ed44e10a6');\n                        var BAtwo_r = get_width('#BAtwo-6a08ed44e10a6');\n                        var BAtwo_l = BAtwo_l-2;\n                        var BAtwo_r = BAtwo_r;\n                        var BAtwo_auto = false;\n                        var BAtwo_delay = '5000';\n                        var BAtwo_effect = 'fade';\n\t\t\t\t\t\tvar BAtwo_pager = false;\n                    \treset_images('BAtwo-6a08ed44e10a6');\n                        bxslider_BAtwo = start_slider('BAtwo-6a08ed44e10a6',BAtwo_delay, BAtwo_auto, BAtwo_effect, BAtwo_l, BAtwo_r, BAtwo_pager);\n                });\n                $(window).on(\"resize\", function(event){\n                    reset_images('BAtwo-6a08ed44e10a6');\n                });\n\t\t\t\t$( \".wpb_accordion .wpb_accordion_wrapper\" ).on( \"accordionactivate\", function( event, ui ) {\n\t\t\t\t\tbxslider_BAtwo.redrawSlider();\n\t\t\t\t\treset_images('BAtwo-6a08ed44e10a6');\n\t\t\t\t} );\n\t\t\t\t$(document).on(\"ultAdvancedTabClicked\", function(){\n\t\t\t\t\tbxslider_BAtwo.destroySlider();\n\t\t\t\t\tvar BAtwo_l = get_width('#BAtwo-6a08ed44e10a6');\n\t\t\t\t\tvar BAtwo_r = get_width('#BAtwo-6a08ed44e10a6');\n\t\t\t\t\tvar BAtwo_l = BAtwo_l-2;\n\t\t\t\t\tvar BAtwo_r = BAtwo_r;\n\t\t\t\t\tvar BAtwo_auto = false;\n\t\t\t\t\tvar BAtwo_delay = '5000';\n\t\t\t\t\tvar BAtwo_effect = 'fade';\n\t\t\t\t\tvar BAtwo_pager = false;\n\t\t\t\t\treset_images('BAtwo-6a08ed44e10a6');\n\t\t\t\t\tstart_slider('BAtwo-6a08ed44e10a6',BAtwo_delay, BAtwo_auto, BAtwo_effect, BAtwo_l, BAtwo_r, BAtwo_pager);\n\t\t\t\t});\n\t\t\t\t$(document).ajaxComplete(function(e, xhr, settings){\n\t\t\t\t\tvar BAtwo_l = get_width('#BAtwo-6a08ed44e10a6');\n\t\t\t\t\tvar BAtwo_r = get_width('#BAtwo-6a08ed44e10a6');\n\t\t\t\t\tvar BAtwo_l = BAtwo_l-2;\n\t\t\t\t\tvar BAtwo_r = BAtwo_r;\n\t\t\t\t\tvar BAtwo_auto = false;\n\t\t\t\t\tvar BAtwo_delay = '5000';\n\t\t\t\t\tvar BAtwo_effect = 'fade';\n\t\t\t\t\tvar BAtwo_pager = false;\n\t\t\t\t\treset_images('BAtwo-6a08ed44e10a6');\n\t\t\t\t\tstart_slider('BAtwo-6a08ed44e10a6',BAtwo_delay, BAtwo_auto, BAtwo_effect, BAtwo_l, BAtwo_r, BAtwo_pager);\n\t\t\t\t});\n\t\t})(jQuery);\n        <\/script>\n\t\n<\/div><div class=\"fusion-clearfix\"><\/div><\/div><\/div><div class=\"fusion-layout-column fusion_builder_column_inner fusion-builder-nested-column-2 fusion_builder_column_inner_1_3 1_3 fusion-one-third fusion-column-last\" style=\"--awb-bg-size:cover;width:33.333333333333%;width:calc(33.333333333333% - ( ( 4% + 4% ) * 0.33333333333333 ) );\"><div class=\"fusion-column-wrapper fusion-flex-column-wrapper-legacy\"><div class=\"fusion-text fusion-text-4\">\t<div id=\"BAthree-6a08ed44e16b4\" class=\"baslider-main\" style=\"width:600px; border: 0px solid #ffffff;\">\n\t\t<ul class=\"slides-BAthree-6a08ed44e16b4\">\n\t\t\t\t\t<li class=\"baslideli\">\n\t\t\t\t<div class=\"beforeAfterSlidebar \">\n\t\t\t\t\t<div class=\"bottomImage\" >\n\t\t\t\t\t\t<img decoding=\"async\" src=\"https:\/\/medikemosclinic.com\/wp-content\/uploads\/2017\/03\/Medikemos-hair-transplantation-2002.jpg\" alt=\"Before-Medikemos\">\n\t\t\t\t\t<\/div>\n                    <div class=\"topImage\" style=\"border-left-color:#ffffff;-webkit-transition: 0ms;-moz-transition-duration: 0ms;-o-transition-duration: 0ms;-ms-transition-duration: 0ms;transition-duration: 0ms; \">\n\t\t\t\t\t\t<img decoding=\"async\" class=\"topImg\" style=\"-webkit-transition: 0ms;-moz-transition-duration: 0ms;-o-transition-duration: 0ms;-ms-transition-duration: 0ms;transition-duration: 0ms;\" src=\"https:\/\/medikemosclinic.com\/wp-content\/uploads\/2017\/03\/Medikemos-hair-transplantation-2012.jpg\" alt=\"After-Medikemos\">\n\t\t\t\t\t<\/div><h5 style=\"text-align:center;color:#ffffff !important;\"><span class=\"ba-before\" >Before<\/span><span class=\"ba-title\" style=\"font-size:13px; display:none !important;\">Medikemos<\/span><span class=\"ba-after\" >After<\/span><\/h5><\/div>\n\t\t\t<\/li>\n\t\t\t\t\t<\/ul>\n\t<\/div>\n\t<div class=\"ba-outside\" style=\"width:600px;display:none !important;\">\n\t\t<span id=\"slider-next-BAthree-6a08ed44e16b4\" class=\"slide-nex\"><\/span><span id=\"slider-prev-BAthree-6a08ed44e16b4\" class=\"slide-pre\"><\/span>\n\t<\/div>\n\t<div style=\"clear:both\"><\/div>\n\t\t<script type=\"text\/javascript\">\n\t\t(function($){\n\t\t\t\t\t\t\t\tvar bxslider_BAthree;\n                $(document).ready(function(){\n                        var BAthree_l = get_width('#BAthree-6a08ed44e16b4');\n                        var BAthree_r = get_width('#BAthree-6a08ed44e16b4');\n                        var BAthree_l = BAthree_l-2;\n                        var BAthree_r = BAthree_r;\n                        var BAthree_auto = false;\n                        var BAthree_delay = '5000';\n                        var BAthree_effect = 'fade';\n\t\t\t\t\t\tvar BAthree_pager = false;\n                    \treset_images('BAthree-6a08ed44e16b4');\n                        bxslider_BAthree = start_slider('BAthree-6a08ed44e16b4',BAthree_delay, BAthree_auto, BAthree_effect, BAthree_l, BAthree_r, BAthree_pager);\n                });\n                $(window).on(\"resize\", function(event){\n                    reset_images('BAthree-6a08ed44e16b4');\n                });\n\t\t\t\t$( \".wpb_accordion .wpb_accordion_wrapper\" ).on( \"accordionactivate\", function( event, ui ) {\n\t\t\t\t\tbxslider_BAthree.redrawSlider();\n\t\t\t\t\treset_images('BAthree-6a08ed44e16b4');\n\t\t\t\t} );\n\t\t\t\t$(document).on(\"ultAdvancedTabClicked\", function(){\n\t\t\t\t\tbxslider_BAthree.destroySlider();\n\t\t\t\t\tvar BAthree_l = get_width('#BAthree-6a08ed44e16b4');\n\t\t\t\t\tvar BAthree_r = get_width('#BAthree-6a08ed44e16b4');\n\t\t\t\t\tvar BAthree_l = BAthree_l-2;\n\t\t\t\t\tvar BAthree_r = BAthree_r;\n\t\t\t\t\tvar BAthree_auto = false;\n\t\t\t\t\tvar BAthree_delay = '5000';\n\t\t\t\t\tvar BAthree_effect = 'fade';\n\t\t\t\t\tvar BAthree_pager = false;\n\t\t\t\t\treset_images('BAthree-6a08ed44e16b4');\n\t\t\t\t\tstart_slider('BAthree-6a08ed44e16b4',BAthree_delay, BAthree_auto, BAthree_effect, BAthree_l, BAthree_r, BAthree_pager);\n\t\t\t\t});\n\t\t\t\t$(document).ajaxComplete(function(e, xhr, settings){\n\t\t\t\t\tvar BAthree_l = get_width('#BAthree-6a08ed44e16b4');\n\t\t\t\t\tvar BAthree_r = get_width('#BAthree-6a08ed44e16b4');\n\t\t\t\t\tvar BAthree_l = BAthree_l-2;\n\t\t\t\t\tvar BAthree_r = BAthree_r;\n\t\t\t\t\tvar BAthree_auto = false;\n\t\t\t\t\tvar BAthree_delay = '5000';\n\t\t\t\t\tvar BAthree_effect = 'fade';\n\t\t\t\t\tvar BAthree_pager = false;\n\t\t\t\t\treset_images('BAthree-6a08ed44e16b4');\n\t\t\t\t\tstart_slider('BAthree-6a08ed44e16b4',BAthree_delay, BAthree_auto, BAthree_effect, BAthree_l, BAthree_r, BAthree_pager);\n\t\t\t\t});\n\t\t})(jQuery);\n        <\/script>\n\t\n<\/div><div class=\"fusion-clearfix\"><\/div><\/div><\/div><\/div><div class=\"fusion-clearfix\"><\/div><\/div><\/div><\/div><\/div><div class=\"fusion-bg-parallax\" data-bg-align=\"center center\" data-direction=\"up\" data-mute=\"false\" data-opacity=\"100\" data-velocity=\"-0.3\" data-mobile-enabled=\"false\" data-break_parents=\"0\" data-bg-image=\"https:\/\/medikemosclinic.com\/wp-content\/uploads\/2017\/03\/Under-Stripe-BIGGER.jpg\" data-bg-repeat=\"false\" ><\/div><div class=\"fusion-fullwidth fullwidth-box fusion-builder-row-2 fusion-parallax-up nonhundred-percent-fullwidth non-hundred-percent-height-scrolling\" style=\"--awb-border-radius-top-left:0px;--awb-border-radius-top-right:0px;--awb-border-radius-bottom-right:0px;--awb-border-radius-bottom-left:0px;--awb-padding-top:35px;--awb-padding-bottom:35px;--awb-background-image:url(&quot;https:\/\/medikemosclinic.com\/wp-content\/uploads\/2017\/03\/Under-Stripe-BIGGER.jpg&quot;);--awb-background-size:cover;--awb-flex-wrap:wrap;\" ><div class=\"fusion-builder-row fusion-row\"><div class=\"fusion-layout-column fusion_builder_column fusion-builder-column-1 fusion_builder_column_1_1 1_1 fusion-one-full fusion-column-first fusion-column-last\" style=\"--awb-bg-size:cover;\"><div class=\"fusion-column-wrapper fusion-flex-column-wrapper-legacy\"><div class=\"fusion-text fusion-text-5\"><h3 style=\"text-align: center;\"><span style=\"color: #ffffff;\">\u00abPatr\u00f3n masculino de calvicie\u00bb significa que el pelo en el cuero cabelludo se vuelve visiblemente m\u00e1s fino con el tiempo. La p\u00e9rdida de pelo puede ser temporal o permanente.<\/span><\/h3>\n<\/div><div class=\"fusion-clearfix\"><\/div><\/div><\/div><\/div><\/div><\/p>\n","protected":false},"excerpt":{"rendered":"","protected":false},"author":1,"featured_media":0,"parent":0,"menu_order":0,"comment_status":"closed","ping_status":"closed","template":"100-width.php","meta":{"_monsterinsights_skip_tracking":false,"_monsterinsights_sitenote_active":false,"_monsterinsights_sitenote_note":"","_monsterinsights_sitenote_category":0,"footnotes":""},"class_list":["post-2637","page","type-page","status-publish","hentry"],"yoast_head":"<!-- This site is optimized with the Yoast SEO plugin v27.6 - https:\/\/yoast.com\/product\/yoast-seo-wordpress\/ -->\n<title>Calvicie con patr\u00f3n masculino - Medikemos Clinic<\/title>\n<meta name=\"robots\" content=\"index, follow, max-snippet:-1, max-image-preview:large, max-video-preview:-1\" \/>\n<link rel=\"canonical\" href=\"https:\/\/medikemosclinic.com\/es\/perdida-de-pelo-masculina\/\" \/>\n<meta property=\"og:locale\" content=\"es_ES\" \/>\n<meta property=\"og:type\" content=\"article\" \/>\n<meta property=\"og:title\" content=\"Calvicie con patr\u00f3n masculino - Medikemos Clinic\" \/>\n<meta property=\"og:url\" content=\"https:\/\/medikemosclinic.com\/es\/perdida-de-pelo-masculina\/\" \/>\n<meta property=\"og:site_name\" content=\"Medikemos Clinic\" \/>\n<meta property=\"article:publisher\" content=\"https:\/\/www.facebook.com\/medikemoshairtransplant\" \/>\n<meta property=\"article:modified_time\" content=\"2018-11-08T16:17:50+00:00\" \/>\n<meta property=\"og:image\" content=\"https:\/\/medikemosclinic.com\/wp-content\/uploads\/2017\/03\/Norwood-Classification-S.jpg\" \/>\n<meta name=\"twitter:card\" content=\"summary_large_image\" \/>\n<meta name=\"twitter:label1\" content=\"Tiempo de lectura\" \/>\n\t<meta name=\"twitter:data1\" content=\"4 minutos\" \/>\n<script type=\"application\/ld+json\" class=\"yoast-schema-graph\">{\"@context\":\"https:\\\/\\\/schema.org\",\"@graph\":[{\"@type\":\"WebPage\",\"@id\":\"https:\\\/\\\/medikemosclinic.com\\\/es\\\/perdida-de-pelo-masculina\\\/\",\"url\":\"https:\\\/\\\/medikemosclinic.com\\\/es\\\/perdida-de-pelo-masculina\\\/\",\"name\":\"Calvicie con patr\u00f3n masculino - Medikemos Clinic\",\"isPartOf\":{\"@id\":\"https:\\\/\\\/medikemosclinic.com\\\/#website\"},\"datePublished\":\"2017-04-26T12:17:27+00:00\",\"dateModified\":\"2018-11-08T16:17:50+00:00\",\"breadcrumb\":{\"@id\":\"https:\\\/\\\/medikemosclinic.com\\\/es\\\/perdida-de-pelo-masculina\\\/#breadcrumb\"},\"inLanguage\":\"es\",\"potentialAction\":[{\"@type\":\"ReadAction\",\"target\":[\"https:\\\/\\\/medikemosclinic.com\\\/es\\\/perdida-de-pelo-masculina\\\/\"]}]},{\"@type\":\"BreadcrumbList\",\"@id\":\"https:\\\/\\\/medikemosclinic.com\\\/es\\\/perdida-de-pelo-masculina\\\/#breadcrumb\",\"itemListElement\":[{\"@type\":\"ListItem\",\"position\":1,\"name\":\"Accueil\",\"item\":\"https:\\\/\\\/medikemosclinic.com\\\/es\\\/\"},{\"@type\":\"ListItem\",\"position\":2,\"name\":\"Calvicie con patr\u00f3n masculino\"}]},{\"@type\":\"WebSite\",\"@id\":\"https:\\\/\\\/medikemosclinic.com\\\/#website\",\"url\":\"https:\\\/\\\/medikemosclinic.com\\\/\",\"name\":\"Medikemos Clinic\",\"description\":\"Solution et traitement contre la chute de cheveux\",\"publisher\":{\"@id\":\"https:\\\/\\\/medikemosclinic.com\\\/#organization\"},\"potentialAction\":[{\"@type\":\"SearchAction\",\"target\":{\"@type\":\"EntryPoint\",\"urlTemplate\":\"https:\\\/\\\/medikemosclinic.com\\\/?s={search_term_string}\"},\"query-input\":{\"@type\":\"PropertyValueSpecification\",\"valueRequired\":true,\"valueName\":\"search_term_string\"}}],\"inLanguage\":\"es\"},{\"@type\":\"Organization\",\"@id\":\"https:\\\/\\\/medikemosclinic.com\\\/#organization\",\"name\":\"MeDiKemos Clinic\",\"url\":\"https:\\\/\\\/medikemosclinic.com\\\/\",\"logo\":{\"@type\":\"ImageObject\",\"inLanguage\":\"es\",\"@id\":\"https:\\\/\\\/medikemosclinic.com\\\/#\\\/schema\\\/logo\\\/image\\\/\",\"url\":\"https:\\\/\\\/medikemosclinic.com\\\/wp-content\\\/uploads\\\/2017\\\/03\\\/Logo-MDK-sticky-retina.png\",\"contentUrl\":\"https:\\\/\\\/medikemosclinic.com\\\/wp-content\\\/uploads\\\/2017\\\/03\\\/Logo-MDK-sticky-retina.png\",\"width\":130,\"height\":130,\"caption\":\"MeDiKemos Clinic\"},\"image\":{\"@id\":\"https:\\\/\\\/medikemosclinic.com\\\/#\\\/schema\\\/logo\\\/image\\\/\"},\"sameAs\":[\"https:\\\/\\\/www.facebook.com\\\/medikemoshairtransplant\",\"https:\\\/\\\/www.linkedin.com\\\/company\\\/medikemos-clinic\",\"https:\\\/\\\/www.youtube.com\\\/user\\\/MHairTransplantation\\\/\"]}]}<\/script>\n<!-- \/ Yoast SEO plugin. -->","yoast_head_json":{"title":"Calvicie con patr\u00f3n masculino - Medikemos Clinic","robots":{"index":"index","follow":"follow","max-snippet":"max-snippet:-1","max-image-preview":"max-image-preview:large","max-video-preview":"max-video-preview:-1"},"canonical":"https:\/\/medikemosclinic.com\/es\/perdida-de-pelo-masculina\/","og_locale":"es_ES","og_type":"article","og_title":"Calvicie con patr\u00f3n masculino - Medikemos Clinic","og_url":"https:\/\/medikemosclinic.com\/es\/perdida-de-pelo-masculina\/","og_site_name":"Medikemos Clinic","article_publisher":"https:\/\/www.facebook.com\/medikemoshairtransplant","article_modified_time":"2018-11-08T16:17:50+00:00","og_image":[{"url":"https:\/\/medikemosclinic.com\/wp-content\/uploads\/2017\/03\/Norwood-Classification-S.jpg","type":"","width":"","height":""}],"twitter_card":"summary_large_image","twitter_misc":{"Tiempo de lectura":"4 minutos"},"schema":{"@context":"https:\/\/schema.org","@graph":[{"@type":"WebPage","@id":"https:\/\/medikemosclinic.com\/es\/perdida-de-pelo-masculina\/","url":"https:\/\/medikemosclinic.com\/es\/perdida-de-pelo-masculina\/","name":"Calvicie con patr\u00f3n masculino - Medikemos Clinic","isPartOf":{"@id":"https:\/\/medikemosclinic.com\/#website"},"datePublished":"2017-04-26T12:17:27+00:00","dateModified":"2018-11-08T16:17:50+00:00","breadcrumb":{"@id":"https:\/\/medikemosclinic.com\/es\/perdida-de-pelo-masculina\/#breadcrumb"},"inLanguage":"es","potentialAction":[{"@type":"ReadAction","target":["https:\/\/medikemosclinic.com\/es\/perdida-de-pelo-masculina\/"]}]},{"@type":"BreadcrumbList","@id":"https:\/\/medikemosclinic.com\/es\/perdida-de-pelo-masculina\/#breadcrumb","itemListElement":[{"@type":"ListItem","position":1,"name":"Accueil","item":"https:\/\/medikemosclinic.com\/es\/"},{"@type":"ListItem","position":2,"name":"Calvicie con patr\u00f3n masculino"}]},{"@type":"WebSite","@id":"https:\/\/medikemosclinic.com\/#website","url":"https:\/\/medikemosclinic.com\/","name":"Medikemos Clinic","description":"Solution et traitement contre la chute de cheveux","publisher":{"@id":"https:\/\/medikemosclinic.com\/#organization"},"potentialAction":[{"@type":"SearchAction","target":{"@type":"EntryPoint","urlTemplate":"https:\/\/medikemosclinic.com\/?s={search_term_string}"},"query-input":{"@type":"PropertyValueSpecification","valueRequired":true,"valueName":"search_term_string"}}],"inLanguage":"es"},{"@type":"Organization","@id":"https:\/\/medikemosclinic.com\/#organization","name":"MeDiKemos Clinic","url":"https:\/\/medikemosclinic.com\/","logo":{"@type":"ImageObject","inLanguage":"es","@id":"https:\/\/medikemosclinic.com\/#\/schema\/logo\/image\/","url":"https:\/\/medikemosclinic.com\/wp-content\/uploads\/2017\/03\/Logo-MDK-sticky-retina.png","contentUrl":"https:\/\/medikemosclinic.com\/wp-content\/uploads\/2017\/03\/Logo-MDK-sticky-retina.png","width":130,"height":130,"caption":"MeDiKemos Clinic"},"image":{"@id":"https:\/\/medikemosclinic.com\/#\/schema\/logo\/image\/"},"sameAs":["https:\/\/www.facebook.com\/medikemoshairtransplant","https:\/\/www.linkedin.com\/company\/medikemos-clinic","https:\/\/www.youtube.com\/user\/MHairTransplantation\/"]}]}},"_links":{"self":[{"href":"https:\/\/medikemosclinic.com\/es\/wp-json\/wp\/v2\/pages\/2637","targetHints":{"allow":["GET"]}}],"collection":[{"href":"https:\/\/medikemosclinic.com\/es\/wp-json\/wp\/v2\/pages"}],"about":[{"href":"https:\/\/medikemosclinic.com\/es\/wp-json\/wp\/v2\/types\/page"}],"author":[{"embeddable":true,"href":"https:\/\/medikemosclinic.com\/es\/wp-json\/wp\/v2\/users\/1"}],"replies":[{"embeddable":true,"href":"https:\/\/medikemosclinic.com\/es\/wp-json\/wp\/v2\/comments?post=2637"}],"version-history":[{"count":6,"href":"https:\/\/medikemosclinic.com\/es\/wp-json\/wp\/v2\/pages\/2637\/revisions"}],"predecessor-version":[{"id":3013,"href":"https:\/\/medikemosclinic.com\/es\/wp-json\/wp\/v2\/pages\/2637\/revisions\/3013"}],"wp:attachment":[{"href":"https:\/\/medikemosclinic.com\/es\/wp-json\/wp\/v2\/media?parent=2637"}],"curies":[{"name":"wp","href":"https:\/\/api.w.org\/{rel}","templated":true}]}}