{"id":3025,"date":"2018-11-08T18:16:06","date_gmt":"2018-11-08T17:16:06","guid":{"rendered":"https:\/\/medikemosclinic.com\/?page_id=3025"},"modified":"2020-05-25T20:11:47","modified_gmt":"2020-05-25T18:11:47","slug":"fue","status":"publish","type":"page","link":"https:\/\/medikemosclinic.com\/es\/fue\/","title":{"rendered":"FUE"},"content":{"rendered":"<p><div class=\"fusion-fullwidth fullwidth-box fusion-builder-row-1 nonhundred-percent-fullwidth non-hundred-percent-height-scrolling\" style=\"--awb-border-radius-top-left:0px;--awb-border-radius-top-right:0px;--awb-border-radius-bottom-right:0px;--awb-border-radius-bottom-left:0px;--awb-padding-top:20px;--awb-padding-bottom:20px;--awb-flex-wrap:wrap;\" ><div class=\"fusion-builder-row fusion-row\"><div class=\"fusion-layout-column fusion_builder_column fusion-builder-column-0 fusion_builder_column_1_1 1_1 fusion-one-full fusion-column-first fusion-column-last\" style=\"--awb-bg-size:cover;\"><div class=\"fusion-column-wrapper fusion-flex-column-wrapper-legacy\"><div class=\"fusion-text fusion-text-1\"><h3>Descripci\u00f3n general de las diferentes posibilidades de trasplante de pelo FUE (Extracci\u00f3n de Unidades Foliculares)<\/h3>\n<p>Durante el llamado procedimiento FUE, el pelo se extrae uno por uno de la \u00abzona segura\u00bb, la llamada \u00abzona donante\u00bb. El pelo donante es resistente a la hormona dihidrotestosterona (DHT) que causa la ca\u00edda del pelo. Los fol\u00edculos se preparan cuidadosamente y se tratan antes de volver a colocarlos en el cuero cabelludo.<br \/>\nIncluso si se retira de las \u00e1reas seguras y se coloca donde se perdi\u00f3 el pelo debido a la DHT, el fol\u00edculo seguir\u00e1 siendo resistente a sus efectos y ser\u00e1 permanente.<\/p>\n<\/div><div class=\"fusion-video fusion-youtube youtubev\" style=\"--awb-max-width:600px;--awb-max-height:360px;\"><div class=\"video-shortcode\"><div class=\"fluid-width-video-wrapper\" style=\"padding-top:60%;\" ><iframe title=\"YouTube video player 1\" src=\"https:\/\/www.youtube.com\/embed\/BigJys6qhhc?wmode=transparent&autoplay=0\" width=\"600\" height=\"360\" allowfullscreen allow=\"autoplay; clipboard-write; encrypted-media; gyroscope; picture-in-picture;\"><\/iframe><\/div><\/div><\/div><div class=\"fusion-text fusion-text-2\"><h3>\u00bfQu\u00e9 es una unidad folicular?<\/h3>\n<p>Una unidad folicular es el t\u00e9rmino que describe las agrupaciones naturales de pelo que se encuentran en cada cuero cabelludo humano. Cada unidad folicular tendr\u00e1 de uno a cuatro pelos cada uno.<\/p>\n<\/div><div class=\"fusion-slider-sc fusion-flexslider-loading flexslider flexslider-hover-type-none youtubev\" data-slideshow_autoplay=\"1\" data-slideshow_smooth_height=\"0\" data-slideshow_speed=\"7000\" style=\"max-width:100%;height:100%;\"><ul class=\"slides\"><li class=\"image\"><span class=\"fusion-image-hover-element hover-type-none\"><img decoding=\"async\" src=\"https:\/\/medikemosclinic.com\/wp-content\/uploads\/2017\/03\/FUE1.jpg\" width=\"800\" height=\"500\" \/><\/span><\/li><li class=\"image\"><span class=\"fusion-image-hover-element hover-type-none\"><img decoding=\"async\" src=\"https:\/\/medikemosclinic.com\/wp-content\/uploads\/2017\/03\/FUE2.jpg\" width=\"800\" height=\"500\" \/><\/span><\/li><\/ul><\/div><div class=\"fusion-clearfix\"><\/div><\/div><\/div><\/div><\/div><div class=\"fusion-bg-parallax\" data-bg-align=\"center center\" data-direction=\"up\" data-mute=\"false\" data-opacity=\"100\" data-velocity=\"-0.3\" data-mobile-enabled=\"false\" data-break_parents=\"0\" data-bg-image=\"https:\/\/medikemosclinic.com\/wp-content\/uploads\/2017\/03\/Under-Stripe-BIGGER.jpg\" data-bg-repeat=\"false\" ><\/div><div class=\"fusion-fullwidth fullwidth-box fusion-builder-row-2 fusion-parallax-up nonhundred-percent-fullwidth non-hundred-percent-height-scrolling\" style=\"--awb-border-radius-top-left:0px;--awb-border-radius-top-right:0px;--awb-border-radius-bottom-right:0px;--awb-border-radius-bottom-left:0px;--awb-padding-top:35px;--awb-padding-bottom:35px;--awb-background-image:url(&quot;https:\/\/medikemosclinic.com\/wp-content\/uploads\/2017\/03\/Under-Stripe-BIGGER.jpg&quot;);--awb-background-size:cover;--awb-flex-wrap:wrap;\" ><div class=\"fusion-builder-row fusion-row\"><div class=\"fusion-layout-column fusion_builder_column fusion-builder-column-1 fusion_builder_column_1_1 1_1 fusion-one-full fusion-column-first fusion-column-last\" style=\"--awb-bg-size:cover;\"><div class=\"fusion-column-wrapper fusion-flex-column-wrapper-legacy\"><div class=\"fusion-text fusion-text-3\"><h3 style=\"text-align: center;\"><span style=\"color: #ffffff;\">\u00bfC\u00f3mo se realiza la t\u00e9cnica FUE?<\/span><\/h3>\n<\/div><div class=\"fusion-clearfix\"><\/div><\/div><\/div><\/div><\/div><div class=\"fusion-fullwidth fullwidth-box fusion-builder-row-3 nonhundred-percent-fullwidth non-hundred-percent-height-scrolling\" style=\"--awb-border-radius-top-left:0px;--awb-border-radius-top-right:0px;--awb-border-radius-bottom-right:0px;--awb-border-radius-bottom-left:0px;--awb-padding-top:20px;--awb-padding-bottom:20px;--awb-flex-wrap:wrap;\" ><div class=\"fusion-builder-row fusion-row\"><div class=\"fusion-layout-column fusion_builder_column fusion-builder-column-2 fusion_builder_column_1_1 1_1 fusion-one-full fusion-column-first fusion-column-last\" style=\"--awb-bg-size:cover;\"><div class=\"fusion-column-wrapper fusion-flex-column-wrapper-legacy\"><div class=\"fusion-text fusion-text-4\"><p>El Dr. Lupanzula es famoso por su t\u00e9cnica FUE manual, donde puede estar seguro de que solo el propio m\u00e9dico extraer\u00e1 las unidades foliculares en el \u00e1rea del donante.<\/p>\n<p>Las unidades foliculares se est\u00e1n retirando despu\u00e9s de la administraci\u00f3n de anestesia local.<br \/>\nSe utiliza un punz\u00f3n de cil\u00edndrico de 0,8 a 0,9 mm de di\u00e1metro para extraer cada unidad folicular del \u00e1rea segura en la parte posterior y en los lados de la cabeza.<br \/>\nLuego, nuestros t\u00e9cnicos preparan cuidadosamente las unidades extra\u00eddas y las revisan para detectar posibles da\u00f1os. Las unidades foliculares intactas luego se reimplantan en sitios preparados en el \u00e1rea receptora del escalpo.<\/p>\n<p>En contraste con el llamado procedimiento FUSS\/FUT\/TIRA, las unidades foliculares se est\u00e1n recolectando en un patr\u00f3n que hace que la detecci\u00f3n despu\u00e9s del procedimiento sea casi imposible, ya que los agujeros son peque\u00f1os y la extracci\u00f3n est\u00e1 dispersa. Por lo tanto, la cicatrizaci\u00f3n es limitada y casi invisible para el ojo.<\/p>\n<p><strong>Beneficios de la t\u00e9cnica FUE<\/strong><\/p>\n<ul>\n<li>10 d\u00edas despu\u00e9s de la cirug\u00eda, el \u00e1rea donante es virtualmente indetectable<\/li>\n<li>cicatrizaci\u00f3n m\u00ednima, casi invisible<\/li>\n<li>recuperaci\u00f3n r\u00e1pida<\/li>\n<li>menos doloroso que el FUSS\/FUT<\/li>\n<\/ul>\n<p><strong>Desventajas de la t\u00e9cnica FUE<\/strong><\/p>\n<ul>\n<li>trabajo intensivo<\/li>\n<li>mayor costo<\/li>\n<li>menor rendimiento que FUT\/TIRA, en una sola sesi\u00f3n<\/li>\n<\/ul>\n<div class=\"fusion-button-wrapper fusion-aligncenter\"><a class=\"fusion-button button-flat fusion-button-default-size button-default fusion-button-default button-1 fusion-button-default-span fusion-button-default-type\" target=\"_self\" href=\"https:\/\/medikemosclinic.com\/es\/videos\/\"><span class=\"fusion-button-text awb-button__text awb-button__text--default\">VIDEOS DE ANTES Y DESPU\u00c9S<\/span><\/a><\/div>\n<\/div><div class=\"fusion-clearfix\"><\/div><\/div><\/div><\/div><\/div><\/p>\n","protected":false},"excerpt":{"rendered":"","protected":false},"author":1,"featured_media":0,"parent":0,"menu_order":0,"comment_status":"closed","ping_status":"closed","template":"100-width.php","meta":{"_monsterinsights_skip_tracking":false,"_monsterinsights_sitenote_active":false,"_monsterinsights_sitenote_note":"","_monsterinsights_sitenote_category":0,"footnotes":""},"class_list":["post-3025","page","type-page","status-publish","hentry"],"yoast_head":"<!-- This site is optimized with the Yoast SEO plugin v27.6 - https:\/\/yoast.com\/product\/yoast-seo-wordpress\/ -->\n<title>FUE - Medikemos Clinic<\/title>\n<meta name=\"robots\" content=\"index, follow, max-snippet:-1, max-image-preview:large, max-video-preview:-1\" \/>\n<link rel=\"canonical\" href=\"https:\/\/medikemosclinic.com\/es\/fue\/\" \/>\n<meta property=\"og:locale\" content=\"es_ES\" \/>\n<meta property=\"og:type\" content=\"article\" \/>\n<meta property=\"og:title\" content=\"FUE - Medikemos Clinic\" \/>\n<meta property=\"og:url\" content=\"https:\/\/medikemosclinic.com\/es\/fue\/\" \/>\n<meta property=\"og:site_name\" content=\"Medikemos Clinic\" \/>\n<meta property=\"article:publisher\" content=\"https:\/\/www.facebook.com\/medikemoshairtransplant\" \/>\n<meta property=\"article:modified_time\" content=\"2020-05-25T18:11:47+00:00\" \/>\n<meta property=\"og:image\" content=\"https:\/\/medikemosclinic.com\/wp-content\/uploads\/2017\/03\/fue-hair-transplant-manual-punch-system.jpg\" \/>\n<meta name=\"twitter:card\" content=\"summary_large_image\" \/>\n<meta name=\"twitter:label1\" content=\"Tiempo de lectura\" \/>\n\t<meta name=\"twitter:data1\" content=\"12 minutos\" \/>\n<script type=\"application\/ld+json\" class=\"yoast-schema-graph\">{\"@context\":\"https:\\\/\\\/schema.org\",\"@graph\":[{\"@type\":\"WebPage\",\"@id\":\"https:\\\/\\\/medikemosclinic.com\\\/es\\\/fue\\\/\",\"url\":\"https:\\\/\\\/medikemosclinic.com\\\/es\\\/fue\\\/\",\"name\":\"FUE - Medikemos Clinic\",\"isPartOf\":{\"@id\":\"https:\\\/\\\/medikemosclinic.com\\\/#website\"},\"datePublished\":\"2018-11-08T17:16:06+00:00\",\"dateModified\":\"2020-05-25T18:11:47+00:00\",\"breadcrumb\":{\"@id\":\"https:\\\/\\\/medikemosclinic.com\\\/es\\\/fue\\\/#breadcrumb\"},\"inLanguage\":\"es\",\"potentialAction\":[{\"@type\":\"ReadAction\",\"target\":[\"https:\\\/\\\/medikemosclinic.com\\\/es\\\/fue\\\/\"]}]},{\"@type\":\"BreadcrumbList\",\"@id\":\"https:\\\/\\\/medikemosclinic.com\\\/es\\\/fue\\\/#breadcrumb\",\"itemListElement\":[{\"@type\":\"ListItem\",\"position\":1,\"name\":\"Accueil\",\"item\":\"https:\\\/\\\/medikemosclinic.com\\\/es\\\/\"},{\"@type\":\"ListItem\",\"position\":2,\"name\":\"FUE\"}]},{\"@type\":\"WebSite\",\"@id\":\"https:\\\/\\\/medikemosclinic.com\\\/#website\",\"url\":\"https:\\\/\\\/medikemosclinic.com\\\/\",\"name\":\"Medikemos Clinic\",\"description\":\"Solution et traitement contre la chute de cheveux\",\"publisher\":{\"@id\":\"https:\\\/\\\/medikemosclinic.com\\\/#organization\"},\"potentialAction\":[{\"@type\":\"SearchAction\",\"target\":{\"@type\":\"EntryPoint\",\"urlTemplate\":\"https:\\\/\\\/medikemosclinic.com\\\/?s={search_term_string}\"},\"query-input\":{\"@type\":\"PropertyValueSpecification\",\"valueRequired\":true,\"valueName\":\"search_term_string\"}}],\"inLanguage\":\"es\"},{\"@type\":\"Organization\",\"@id\":\"https:\\\/\\\/medikemosclinic.com\\\/#organization\",\"name\":\"MeDiKemos Clinic\",\"url\":\"https:\\\/\\\/medikemosclinic.com\\\/\",\"logo\":{\"@type\":\"ImageObject\",\"inLanguage\":\"es\",\"@id\":\"https:\\\/\\\/medikemosclinic.com\\\/#\\\/schema\\\/logo\\\/image\\\/\",\"url\":\"https:\\\/\\\/medikemosclinic.com\\\/wp-content\\\/uploads\\\/2017\\\/03\\\/Logo-MDK-sticky-retina.png\",\"contentUrl\":\"https:\\\/\\\/medikemosclinic.com\\\/wp-content\\\/uploads\\\/2017\\\/03\\\/Logo-MDK-sticky-retina.png\",\"width\":130,\"height\":130,\"caption\":\"MeDiKemos Clinic\"},\"image\":{\"@id\":\"https:\\\/\\\/medikemosclinic.com\\\/#\\\/schema\\\/logo\\\/image\\\/\"},\"sameAs\":[\"https:\\\/\\\/www.facebook.com\\\/medikemoshairtransplant\",\"https:\\\/\\\/www.linkedin.com\\\/company\\\/medikemos-clinic\",\"https:\\\/\\\/www.youtube.com\\\/user\\\/MHairTransplantation\\\/\"]}]}<\/script>\n<!-- \/ Yoast SEO plugin. -->","yoast_head_json":{"title":"FUE - Medikemos Clinic","robots":{"index":"index","follow":"follow","max-snippet":"max-snippet:-1","max-image-preview":"max-image-preview:large","max-video-preview":"max-video-preview:-1"},"canonical":"https:\/\/medikemosclinic.com\/es\/fue\/","og_locale":"es_ES","og_type":"article","og_title":"FUE - Medikemos Clinic","og_url":"https:\/\/medikemosclinic.com\/es\/fue\/","og_site_name":"Medikemos Clinic","article_publisher":"https:\/\/www.facebook.com\/medikemoshairtransplant","article_modified_time":"2020-05-25T18:11:47+00:00","og_image":[{"url":"https:\/\/medikemosclinic.com\/wp-content\/uploads\/2017\/03\/fue-hair-transplant-manual-punch-system.jpg","type":"","width":"","height":""}],"twitter_card":"summary_large_image","twitter_misc":{"Tiempo de lectura":"12 minutos"},"schema":{"@context":"https:\/\/schema.org","@graph":[{"@type":"WebPage","@id":"https:\/\/medikemosclinic.com\/es\/fue\/","url":"https:\/\/medikemosclinic.com\/es\/fue\/","name":"FUE - Medikemos Clinic","isPartOf":{"@id":"https:\/\/medikemosclinic.com\/#website"},"datePublished":"2018-11-08T17:16:06+00:00","dateModified":"2020-05-25T18:11:47+00:00","breadcrumb":{"@id":"https:\/\/medikemosclinic.com\/es\/fue\/#breadcrumb"},"inLanguage":"es","potentialAction":[{"@type":"ReadAction","target":["https:\/\/medikemosclinic.com\/es\/fue\/"]}]},{"@type":"BreadcrumbList","@id":"https:\/\/medikemosclinic.com\/es\/fue\/#breadcrumb","itemListElement":[{"@type":"ListItem","position":1,"name":"Accueil","item":"https:\/\/medikemosclinic.com\/es\/"},{"@type":"ListItem","position":2,"name":"FUE"}]},{"@type":"WebSite","@id":"https:\/\/medikemosclinic.com\/#website","url":"https:\/\/medikemosclinic.com\/","name":"Medikemos Clinic","description":"Solution et traitement contre la chute de cheveux","publisher":{"@id":"https:\/\/medikemosclinic.com\/#organization"},"potentialAction":[{"@type":"SearchAction","target":{"@type":"EntryPoint","urlTemplate":"https:\/\/medikemosclinic.com\/?s={search_term_string}"},"query-input":{"@type":"PropertyValueSpecification","valueRequired":true,"valueName":"search_term_string"}}],"inLanguage":"es"},{"@type":"Organization","@id":"https:\/\/medikemosclinic.com\/#organization","name":"MeDiKemos Clinic","url":"https:\/\/medikemosclinic.com\/","logo":{"@type":"ImageObject","inLanguage":"es","@id":"https:\/\/medikemosclinic.com\/#\/schema\/logo\/image\/","url":"https:\/\/medikemosclinic.com\/wp-content\/uploads\/2017\/03\/Logo-MDK-sticky-retina.png","contentUrl":"https:\/\/medikemosclinic.com\/wp-content\/uploads\/2017\/03\/Logo-MDK-sticky-retina.png","width":130,"height":130,"caption":"MeDiKemos Clinic"},"image":{"@id":"https:\/\/medikemosclinic.com\/#\/schema\/logo\/image\/"},"sameAs":["https:\/\/www.facebook.com\/medikemoshairtransplant","https:\/\/www.linkedin.com\/company\/medikemos-clinic","https:\/\/www.youtube.com\/user\/MHairTransplantation\/"]}]}},"_links":{"self":[{"href":"https:\/\/medikemosclinic.com\/es\/wp-json\/wp\/v2\/pages\/3025","targetHints":{"allow":["GET"]}}],"collection":[{"href":"https:\/\/medikemosclinic.com\/es\/wp-json\/wp\/v2\/pages"}],"about":[{"href":"https:\/\/medikemosclinic.com\/es\/wp-json\/wp\/v2\/types\/page"}],"author":[{"embeddable":true,"href":"https:\/\/medikemosclinic.com\/es\/wp-json\/wp\/v2\/users\/1"}],"replies":[{"embeddable":true,"href":"https:\/\/medikemosclinic.com\/es\/wp-json\/wp\/v2\/comments?post=3025"}],"version-history":[{"count":5,"href":"https:\/\/medikemosclinic.com\/es\/wp-json\/wp\/v2\/pages\/3025\/revisions"}],"predecessor-version":[{"id":3800,"href":"https:\/\/medikemosclinic.com\/es\/wp-json\/wp\/v2\/pages\/3025\/revisions\/3800"}],"wp:attachment":[{"href":"https:\/\/medikemosclinic.com\/es\/wp-json\/wp\/v2\/media?parent=3025"}],"curies":[{"name":"wp","href":"https:\/\/api.w.org\/{rel}","templated":true}]}}