{"id":3046,"date":"2018-11-08T19:15:29","date_gmt":"2018-11-08T18:15:29","guid":{"rendered":"https:\/\/medikemosclinic.com\/?page_id=3046"},"modified":"2018-11-08T19:17:06","modified_gmt":"2018-11-08T18:17:06","slug":"reparacion-de-cicatrices","status":"publish","type":"page","link":"https:\/\/medikemosclinic.com\/es\/reparacion-de-cicatrices\/","title":{"rendered":"Reparaci\u00f3n de cicatrices"},"content":{"rendered":"<div class=\"fusion-fullwidth fullwidth-box fusion-builder-row-1 nonhundred-percent-fullwidth non-hundred-percent-height-scrolling\" style=\"--awb-border-radius-top-left:0px;--awb-border-radius-top-right:0px;--awb-border-radius-bottom-right:0px;--awb-border-radius-bottom-left:0px;--awb-padding-top:20px;--awb-padding-bottom:20px;--awb-flex-wrap:wrap;\" ><div class=\"fusion-builder-row fusion-row\"><div class=\"fusion-layout-column fusion_builder_column fusion-builder-column-0 fusion_builder_column_1_1 1_1 fusion-one-full fusion-column-first fusion-column-last\" style=\"--awb-bg-size:cover;\"><div class=\"fusion-column-wrapper fusion-flex-column-wrapper-legacy\"><div class=\"fusion-text fusion-text-1\"><p><strong>La cobertura de cicatrices es otro punto fuerte del Dr. Lupanzula.<\/strong> Muchos de nuestros clientes acuden a nosotros para reducir la visibilidad de las cicatrices de cirug\u00edas previas.<br \/>\nCon el procedimiento FUSS (tambi\u00e9n conocido como tira o FUT) a cada paciente generalmen-te se le deja una cicatriz \u00ablineal\u00bb. A veces, las cicatrices son muy prominentes, incluso cuan-do el pelo no es muy corto o sin levantarlo. En este caso, el m\u00e9dico utilizar\u00e1 el procedimiento FUE para \u00abreparar\u00bb la cicatriz del \u00e1rea donde se recolect\u00f3 el pelo para el procedimiento FUSS.<\/p>\n<p>Hoy en d\u00eda la cirug\u00eda de FUSS o FUT es menos propensa a dejar una cicatriz gruesa y permite buenos resultados de trasplante capilar.<\/p>\n<p><strong>\u00bfLa reparaci\u00f3n capilar FUE es un procedi-miento \u00absin cicatrices\u00bb?<\/strong><\/p>\n<p>La cicatrizaci\u00f3n es una reacci\u00f3n natural del cuerpo cuando se realiza una incisi\u00f3n en la epi-dermis y la dermis. Por lo que el FUE no es exactamente \u00absin cicatriz\u00bb. Sin embargo, dado que los injertos se cosechan en diferentes \u00e1reas y la incisi\u00f3n es mucho m\u00e1s peque\u00f1a y menos dr\u00e1stica, las peque\u00f1as cicatrices generalmente no son visibles y se pueden usar peinados cor-tos sin que sea evidente que se ha realizado una restauraci\u00f3n capilar.<\/p>\n<\/div><div class=\"fusion-video fusion-youtube youtubev\" style=\"--awb-max-width:600px;--awb-max-height:360px;\"><div class=\"video-shortcode\"><div class=\"fluid-width-video-wrapper\" style=\"padding-top:60%;\" ><iframe title=\"YouTube video player 1\" src=\"https:\/\/www.youtube.com\/embed\/l3TY0z-zn3I?wmode=transparent&autoplay=0\" width=\"600\" height=\"360\" allowfullscreen allow=\"autoplay; clipboard-write; encrypted-media; gyroscope; picture-in-picture;\"><\/iframe><\/div><\/div><\/div><div class=\"fusion-clearfix\"><\/div><\/div><\/div><\/div><\/div>\n","protected":false},"excerpt":{"rendered":"","protected":false},"author":1,"featured_media":0,"parent":0,"menu_order":0,"comment_status":"closed","ping_status":"closed","template":"100-width.php","meta":{"_monsterinsights_skip_tracking":false,"_monsterinsights_sitenote_active":false,"_monsterinsights_sitenote_note":"","_monsterinsights_sitenote_category":0,"footnotes":""},"class_list":["post-3046","page","type-page","status-publish","hentry"],"yoast_head":"<!-- This site is optimized with the Yoast SEO plugin v27.4 - https:\/\/yoast.com\/product\/yoast-seo-wordpress\/ -->\n<title>Reparaci\u00f3n de cicatrices - Medikemos Clinic<\/title>\n<meta name=\"robots\" content=\"index, follow, max-snippet:-1, max-image-preview:large, max-video-preview:-1\" \/>\n<link rel=\"canonical\" href=\"https:\/\/medikemosclinic.com\/es\/reparacion-de-cicatrices\/\" \/>\n<meta property=\"og:locale\" content=\"es_ES\" \/>\n<meta property=\"og:type\" content=\"article\" \/>\n<meta property=\"og:title\" content=\"Reparaci\u00f3n de cicatrices - Medikemos Clinic\" \/>\n<meta property=\"og:url\" content=\"https:\/\/medikemosclinic.com\/es\/reparacion-de-cicatrices\/\" \/>\n<meta property=\"og:site_name\" content=\"Medikemos Clinic\" \/>\n<meta property=\"article:publisher\" content=\"https:\/\/www.facebook.com\/medikemoshairtransplant\" \/>\n<meta property=\"article:modified_time\" content=\"2018-11-08T18:17:06+00:00\" \/>\n<meta name=\"twitter:card\" content=\"summary_large_image\" \/>\n<meta name=\"twitter:label1\" content=\"Tiempo de lectura\" \/>\n\t<meta name=\"twitter:data1\" content=\"2 minutos\" \/>\n<script type=\"application\/ld+json\" class=\"yoast-schema-graph\">{\"@context\":\"https:\\\/\\\/schema.org\",\"@graph\":[{\"@type\":\"WebPage\",\"@id\":\"https:\\\/\\\/medikemosclinic.com\\\/es\\\/reparacion-de-cicatrices\\\/\",\"url\":\"https:\\\/\\\/medikemosclinic.com\\\/es\\\/reparacion-de-cicatrices\\\/\",\"name\":\"Reparaci\u00f3n de cicatrices - Medikemos Clinic\",\"isPartOf\":{\"@id\":\"https:\\\/\\\/medikemosclinic.com\\\/#website\"},\"datePublished\":\"2018-11-08T18:15:29+00:00\",\"dateModified\":\"2018-11-08T18:17:06+00:00\",\"breadcrumb\":{\"@id\":\"https:\\\/\\\/medikemosclinic.com\\\/es\\\/reparacion-de-cicatrices\\\/#breadcrumb\"},\"inLanguage\":\"es\",\"potentialAction\":[{\"@type\":\"ReadAction\",\"target\":[\"https:\\\/\\\/medikemosclinic.com\\\/es\\\/reparacion-de-cicatrices\\\/\"]}]},{\"@type\":\"BreadcrumbList\",\"@id\":\"https:\\\/\\\/medikemosclinic.com\\\/es\\\/reparacion-de-cicatrices\\\/#breadcrumb\",\"itemListElement\":[{\"@type\":\"ListItem\",\"position\":1,\"name\":\"Accueil\",\"item\":\"https:\\\/\\\/medikemosclinic.com\\\/es\\\/\"},{\"@type\":\"ListItem\",\"position\":2,\"name\":\"Reparaci\u00f3n de cicatrices\"}]},{\"@type\":\"WebSite\",\"@id\":\"https:\\\/\\\/medikemosclinic.com\\\/#website\",\"url\":\"https:\\\/\\\/medikemosclinic.com\\\/\",\"name\":\"Medikemos Clinic\",\"description\":\"Solution et traitement contre la chute de cheveux\",\"publisher\":{\"@id\":\"https:\\\/\\\/medikemosclinic.com\\\/#organization\"},\"potentialAction\":[{\"@type\":\"SearchAction\",\"target\":{\"@type\":\"EntryPoint\",\"urlTemplate\":\"https:\\\/\\\/medikemosclinic.com\\\/?s={search_term_string}\"},\"query-input\":{\"@type\":\"PropertyValueSpecification\",\"valueRequired\":true,\"valueName\":\"search_term_string\"}}],\"inLanguage\":\"es\"},{\"@type\":\"Organization\",\"@id\":\"https:\\\/\\\/medikemosclinic.com\\\/#organization\",\"name\":\"MeDiKemos Clinic\",\"url\":\"https:\\\/\\\/medikemosclinic.com\\\/\",\"logo\":{\"@type\":\"ImageObject\",\"inLanguage\":\"es\",\"@id\":\"https:\\\/\\\/medikemosclinic.com\\\/#\\\/schema\\\/logo\\\/image\\\/\",\"url\":\"https:\\\/\\\/medikemosclinic.com\\\/wp-content\\\/uploads\\\/2017\\\/03\\\/Logo-MDK-sticky-retina.png\",\"contentUrl\":\"https:\\\/\\\/medikemosclinic.com\\\/wp-content\\\/uploads\\\/2017\\\/03\\\/Logo-MDK-sticky-retina.png\",\"width\":130,\"height\":130,\"caption\":\"MeDiKemos Clinic\"},\"image\":{\"@id\":\"https:\\\/\\\/medikemosclinic.com\\\/#\\\/schema\\\/logo\\\/image\\\/\"},\"sameAs\":[\"https:\\\/\\\/www.facebook.com\\\/medikemoshairtransplant\",\"https:\\\/\\\/www.linkedin.com\\\/company\\\/medikemos-clinic\",\"https:\\\/\\\/www.youtube.com\\\/user\\\/MHairTransplantation\\\/\"]}]}<\/script>\n<!-- \/ Yoast SEO plugin. -->","yoast_head_json":{"title":"Reparaci\u00f3n de cicatrices - Medikemos Clinic","robots":{"index":"index","follow":"follow","max-snippet":"max-snippet:-1","max-image-preview":"max-image-preview:large","max-video-preview":"max-video-preview:-1"},"canonical":"https:\/\/medikemosclinic.com\/es\/reparacion-de-cicatrices\/","og_locale":"es_ES","og_type":"article","og_title":"Reparaci\u00f3n de cicatrices - Medikemos Clinic","og_url":"https:\/\/medikemosclinic.com\/es\/reparacion-de-cicatrices\/","og_site_name":"Medikemos Clinic","article_publisher":"https:\/\/www.facebook.com\/medikemoshairtransplant","article_modified_time":"2018-11-08T18:17:06+00:00","twitter_card":"summary_large_image","twitter_misc":{"Tiempo de lectura":"2 minutos"},"schema":{"@context":"https:\/\/schema.org","@graph":[{"@type":"WebPage","@id":"https:\/\/medikemosclinic.com\/es\/reparacion-de-cicatrices\/","url":"https:\/\/medikemosclinic.com\/es\/reparacion-de-cicatrices\/","name":"Reparaci\u00f3n de cicatrices - Medikemos Clinic","isPartOf":{"@id":"https:\/\/medikemosclinic.com\/#website"},"datePublished":"2018-11-08T18:15:29+00:00","dateModified":"2018-11-08T18:17:06+00:00","breadcrumb":{"@id":"https:\/\/medikemosclinic.com\/es\/reparacion-de-cicatrices\/#breadcrumb"},"inLanguage":"es","potentialAction":[{"@type":"ReadAction","target":["https:\/\/medikemosclinic.com\/es\/reparacion-de-cicatrices\/"]}]},{"@type":"BreadcrumbList","@id":"https:\/\/medikemosclinic.com\/es\/reparacion-de-cicatrices\/#breadcrumb","itemListElement":[{"@type":"ListItem","position":1,"name":"Accueil","item":"https:\/\/medikemosclinic.com\/es\/"},{"@type":"ListItem","position":2,"name":"Reparaci\u00f3n de cicatrices"}]},{"@type":"WebSite","@id":"https:\/\/medikemosclinic.com\/#website","url":"https:\/\/medikemosclinic.com\/","name":"Medikemos Clinic","description":"Solution et traitement contre la chute de cheveux","publisher":{"@id":"https:\/\/medikemosclinic.com\/#organization"},"potentialAction":[{"@type":"SearchAction","target":{"@type":"EntryPoint","urlTemplate":"https:\/\/medikemosclinic.com\/?s={search_term_string}"},"query-input":{"@type":"PropertyValueSpecification","valueRequired":true,"valueName":"search_term_string"}}],"inLanguage":"es"},{"@type":"Organization","@id":"https:\/\/medikemosclinic.com\/#organization","name":"MeDiKemos Clinic","url":"https:\/\/medikemosclinic.com\/","logo":{"@type":"ImageObject","inLanguage":"es","@id":"https:\/\/medikemosclinic.com\/#\/schema\/logo\/image\/","url":"https:\/\/medikemosclinic.com\/wp-content\/uploads\/2017\/03\/Logo-MDK-sticky-retina.png","contentUrl":"https:\/\/medikemosclinic.com\/wp-content\/uploads\/2017\/03\/Logo-MDK-sticky-retina.png","width":130,"height":130,"caption":"MeDiKemos Clinic"},"image":{"@id":"https:\/\/medikemosclinic.com\/#\/schema\/logo\/image\/"},"sameAs":["https:\/\/www.facebook.com\/medikemoshairtransplant","https:\/\/www.linkedin.com\/company\/medikemos-clinic","https:\/\/www.youtube.com\/user\/MHairTransplantation\/"]}]}},"_links":{"self":[{"href":"https:\/\/medikemosclinic.com\/es\/wp-json\/wp\/v2\/pages\/3046","targetHints":{"allow":["GET"]}}],"collection":[{"href":"https:\/\/medikemosclinic.com\/es\/wp-json\/wp\/v2\/pages"}],"about":[{"href":"https:\/\/medikemosclinic.com\/es\/wp-json\/wp\/v2\/types\/page"}],"author":[{"embeddable":true,"href":"https:\/\/medikemosclinic.com\/es\/wp-json\/wp\/v2\/users\/1"}],"replies":[{"embeddable":true,"href":"https:\/\/medikemosclinic.com\/es\/wp-json\/wp\/v2\/comments?post=3046"}],"version-history":[{"count":2,"href":"https:\/\/medikemosclinic.com\/es\/wp-json\/wp\/v2\/pages\/3046\/revisions"}],"predecessor-version":[{"id":3048,"href":"https:\/\/medikemosclinic.com\/es\/wp-json\/wp\/v2\/pages\/3046\/revisions\/3048"}],"wp:attachment":[{"href":"https:\/\/medikemosclinic.com\/es\/wp-json\/wp\/v2\/media?parent=3046"}],"curies":[{"name":"wp","href":"https:\/\/api.w.org\/{rel}","templated":true}]}}