{"id":3049,"date":"2018-11-08T19:28:32","date_gmt":"2018-11-08T18:28:32","guid":{"rendered":"https:\/\/medikemosclinic.com\/?page_id=3049"},"modified":"2018-11-08T19:28:32","modified_gmt":"2018-11-08T18:28:32","slug":"recuperacion","status":"publish","type":"page","link":"https:\/\/medikemosclinic.com\/es\/recuperacion\/","title":{"rendered":"Recuperaci\u00f3n"},"content":{"rendered":"<div class=\"fusion-fullwidth fullwidth-box fusion-builder-row-1 nonhundred-percent-fullwidth non-hundred-percent-height-scrolling\" style=\"--awb-border-radius-top-left:0px;--awb-border-radius-top-right:0px;--awb-border-radius-bottom-right:0px;--awb-border-radius-bottom-left:0px;--awb-padding-top:20px;--awb-padding-bottom:0px;--awb-flex-wrap:wrap;\" ><div class=\"fusion-builder-row fusion-row\"><div class=\"fusion-layout-column fusion_builder_column fusion-builder-column-0 fusion_builder_column_1_1 1_1 fusion-one-full fusion-column-first fusion-column-last\" style=\"--awb-bg-size:cover;--awb-margin-bottom:0px;\"><div class=\"fusion-column-wrapper fusion-flex-column-wrapper-legacy\"><div class=\"fusion-text fusion-text-1\"><p><strong>Su recuperaci\u00f3n es muy importante para nosotros y estamos a su disposici\u00f3n en cada paso del camino.<br \/>\nLe proporcionaremos un paquete completo de cuidado de trasplante capilar para llevar a casa despu\u00e9s de la operaci\u00f3n. El paquete de atenci\u00f3n incluye todo lo que necesita para asegurarse de que tanto la zona donante como la receptora est\u00e9n perfectamente cuidadas para obtener excelentes resultados.<\/strong><\/p>\n<p><img decoding=\"async\" class=\"size-full wp-image-1428 alignright\" src=\"\/wp-content\/uploads\/2017\/03\/Medikemos-45.jpg\" alt=\"medikemos-45\" width=\"250\" height=\"248\">Los primeros d\u00edas despu\u00e9s de su trasplante de pelo son cruciales para una recuperaci\u00f3n perfecta y eventualmente determinar\u00e1n el resultado general. Algunas de las recomendaciones que le damos a nuestros pacientes incluyen:<\/p>\n<ul>\n<li>abstenerse de tocar el \u00e1rea reci\u00e9n trasplantada, ya que esto podr\u00eda provocar el desalojo de los injertos o incluso contaminar el \u00e1rea con bacterias no deseadas.<\/li>\n<li>dormir en posici\u00f3n vertical (inclinaci\u00f3n de 45 grados) durante las primeras 2-3 noches para evitar la hinchaz\u00f3n<\/li>\n<\/ul>\n<p><strong>A largo plazo<\/strong><br \/>\n<strong>La primera semana de recuperaci\u00f3n del trasplante capilar<\/strong> puede experimentar cierta leve hinchaz\u00f3n y moderada molestia. Esto es perfectamente normal y esperado. Se le administrar\u00e1n algunos analg\u00e9sicos leves para ayudarlo a pasar por esta fase en caso de que lo necesite.<br \/>\nDe hecho, la mayor\u00eda de los pacientes no toman ning\u00fan medicamento para el dolor durante esta fase, sin embargo, la medicaci\u00f3n debe estar disponible cuando sea necesario.<br \/>\nPueden aparecer costras leves en la zona receptora, pero esto tambi\u00e9n es perfectamente normal y esperado. Si sigue las instrucciones post-OP, esto deber\u00eda cesar dentro de una semana.<\/p>\n<p><strong>La segunda semana despu\u00e9s del trasplante de pelo, <\/strong> el cuero cabelludo puede parecer m\u00e1s \u00abrosado\u00bb en las zonas receptora y donante, similar al color de la piel cuando se quema del sol.<br \/>\nEn la zona receptora puede parecer que hay un inicio de crecimiento, sin embargo, este no es el caso. Los pelos que fueron trasplantados est\u00e1n saliendo de la piel mientras los fol\u00edculos est\u00e1n intactos y seguros, y crecer\u00e1 pelo nuevo.<br \/>\nLa zona donante puede tener algunas costras, pero el pelo afeitado vuelve a crecer r\u00e1pidamente, cubriendo los puntos de extracci\u00f3n. Por lo tanto, la zona donante ya se ver\u00e1 intacta para el ojo no entrenado.<\/p>\n<p><strong>En la tercera semana despu\u00e9s del trasplante de pelo, <\/strong> es posible que note una irregularidad en la longitud del pelo y una densidad disminuida. Esto se debe a la llamada \u00abfase de desprendimiento\u00bb, que ocurre despu\u00e9s de casi todos los trasplantes de pelo, sin importar d\u00f3nde se haya realizado, y que continuar\u00e1 durante aproximadamente dos semanas m\u00e1s.<br \/>\nLa zona donante deber\u00eda verse perfectamente normal incluso despu\u00e9s de una inspecci\u00f3n minuciosa.<\/p>\n<p><strong>Un mes despu\u00e9s de la recuperaci\u00f3n del trasplante de pelo<\/strong> es cuando recibimos muchas preguntas, ya que la zona receptora todav\u00eda puede (pero no debe) tener un tinte ligeramente rojizo y como la mayor\u00eda del pelo se ha desprendido, puede parecer que no se hizo nada y el trasplante de pelo ha fracasado.<br \/>\nSin embargo, es ahora que comienza el crecimiento de pelo nuevo y debe ser paciente.<\/p>\n<p><strong>De dos a tres meses en la recuperaci\u00f3n de su trasplante de pelo<\/strong> puede comenzar a ver un crecimiento preliminar, sin embargo, la principal diferencia est\u00e9tica est\u00e1 por llegar.<br \/>\nEl promedio de la industria para el nuevo crecimiento es de tres a cuatro meses, pero nuestros pacientes tienden a tener un crecimiento m\u00e1s temprano que el promedio debido a una variedad de procedimientos especiales de nuestra cl\u00ednica.<\/p>\n<p><strong>\u00a1De cuatro a seis meses en la recuperaci\u00f3n de su trasplante capilar<\/strong> ya podr\u00e1 ver la diferencia!<\/p>\n<p>Habr\u00e1 un aumento notable en el crecimiento del pelo y una mejora cosm\u00e9tica general, sin embargo, la recuperaci\u00f3n del trasplante de pelo no termina aqu\u00ed. Tienes m\u00e1s mejoras que esperar, con m\u00e1s opciones para estilos de peinados y, por supuesto, una apariencia m\u00e1s joven.<\/p>\n<p><strong>De siete a nueve meses en la recuperaci\u00f3n del trasplante capilar,<\/strong> todos los pelos que van a crecer lo habr\u00e1n hecho, pero las mejoras continuar\u00e1n.<\/p>\n<p><strong>De diez a catorce meses despu\u00e9s de la restauraci\u00f3n de su pelo con el Dr. Lupanzula<\/strong> ver\u00e1 que su pelo est\u00e1 madurando. Esto significa que el cabello mejorar\u00e1 en textura y caracter\u00edsticas generales.<br \/>\nA menudo, despu\u00e9s de un trasplante capilar, el pelo que crece puede verse m\u00e1s oscuro, tener un di\u00e1metro m\u00e1s grueso y comportarse de manera diferente que el pelo nativo. Sin embargo, el pelo trasplantado se ablandar\u00e1 y relajar\u00e1 a medida que contin\u00fae creciendo. Esto es normal y esperado, y mejora con el tiempo.<\/p>\n<p><strong>Una vez que se complete la recuperaci\u00f3n,<\/strong> su pelo \u00abnuevo\u00bb ser\u00e1 indistinguible de su pelo \u00aboriginal\u00bb para todos los que lo rodean. Puede cortar, peinar y mantener el pelo de la manera que quiera, sin que nadie se d\u00e9 cuenta de que se ha sometido a un trasplante capilar.<\/p>\n<p><strong>\u00a1Por supuesto, se le dar\u00e1 una descripci\u00f3n detallada de c\u00f3mo cuidar su nuevo pelo y estamos ah\u00ed para apoyarlo cuando nos necesite!<\/strong><\/p>\n<\/div><div class=\"fusion-builder-row fusion-builder-row-inner fusion-row\"><div class=\"fusion-layout-column fusion_builder_column_inner fusion-builder-nested-column-0 fusion_builder_column_inner_1_2 1_2 fusion-one-half fusion-column-first fusion-column-no-min-height\" style=\"--awb-bg-size:cover;--awb-margin-top:0px;--awb-margin-bottom:0px;width:50%;width:calc(50% - ( ( 0px ) * 0.5 ) );margin-right: 0px;\"><div class=\"fusion-column-wrapper fusion-flex-column-wrapper-legacy\"><div class=\"fusion-slider-sc fusion-flexslider-loading flexslider flexslider-hover-type-none\" data-slideshow_autoplay=\"1\" data-slideshow_smooth_height=\"0\" data-slideshow_speed=\"7000\" style=\"max-width:100%;height:100%;\"><ul class=\"slides\"><li class=\"image\"><span class=\"fusion-image-hover-element hover-type-none\"><img decoding=\"async\" src=\"https:\/\/medikemosclinic.com\/wp-content\/uploads\/2017\/03\/hair-transplant-recovery-3175-FUE-1-.jpg\" width=\"1024\" height=\"678\" \/><\/span><\/li><li class=\"image\"><span class=\"fusion-image-hover-element hover-type-none\"><img decoding=\"async\" src=\"https:\/\/medikemosclinic.com\/wp-content\/uploads\/2017\/03\/hair-transplant-recovery-3175-FUE-3-.jpg\" width=\"1024\" height=\"678\" \/><\/span><\/li><\/ul><\/div><div class=\"fusion-clearfix\"><\/div><\/div><\/div><div class=\"fusion-layout-column fusion_builder_column_inner fusion-builder-nested-column-1 fusion_builder_column_inner_1_2 1_2 fusion-one-half fusion-column-last fusion-column-no-min-height\" style=\"--awb-bg-size:cover;--awb-margin-top:0px;--awb-margin-bottom:0px;width:50%;width:calc(50% - ( ( 0px ) * 0.5 ) );\"><div class=\"fusion-column-wrapper fusion-flex-column-wrapper-legacy\"><div class=\"fusion-slider-sc fusion-flexslider-loading flexslider flexslider-hover-type-none\" data-slideshow_autoplay=\"1\" data-slideshow_smooth_height=\"0\" data-slideshow_speed=\"7000\" style=\"max-width:100%;height:100%;\"><ul class=\"slides\"><li class=\"image\"><span class=\"fusion-image-hover-element hover-type-none\"><img decoding=\"async\" src=\"https:\/\/medikemosclinic.com\/wp-content\/uploads\/2017\/03\/hair-transplant-recovery-3175-FUE-2-.jpg\" width=\"1024\" height=\"678\" \/><\/span><\/li><li class=\"image\"><span class=\"fusion-image-hover-element hover-type-none\"><img decoding=\"async\" src=\"https:\/\/medikemosclinic.com\/wp-content\/uploads\/2017\/03\/hair-transplant-recovery-3175-FUE-4-.jpg\" width=\"1024\" height=\"678\" \/><\/span><\/li><\/ul><\/div><div class=\"fusion-clearfix\"><\/div><\/div><\/div><\/div><div class=\"fusion-clearfix\"><\/div><\/div><\/div><\/div><\/div>\n","protected":false},"excerpt":{"rendered":"","protected":false},"author":1,"featured_media":0,"parent":0,"menu_order":0,"comment_status":"closed","ping_status":"closed","template":"","meta":{"_monsterinsights_skip_tracking":false,"_monsterinsights_sitenote_active":false,"_monsterinsights_sitenote_note":"","_monsterinsights_sitenote_category":0,"footnotes":""},"class_list":["post-3049","page","type-page","status-publish","hentry"],"yoast_head":"<!-- This site is optimized with the Yoast SEO plugin v27.4 - https:\/\/yoast.com\/product\/yoast-seo-wordpress\/ -->\n<title>Recuperaci\u00f3n - Medikemos Clinic<\/title>\n<meta name=\"robots\" content=\"index, follow, max-snippet:-1, max-image-preview:large, max-video-preview:-1\" \/>\n<link rel=\"canonical\" href=\"https:\/\/medikemosclinic.com\/es\/recuperacion\/\" \/>\n<meta property=\"og:locale\" content=\"es_ES\" \/>\n<meta property=\"og:type\" content=\"article\" \/>\n<meta property=\"og:title\" content=\"Recuperaci\u00f3n - Medikemos Clinic\" \/>\n<meta property=\"og:url\" content=\"https:\/\/medikemosclinic.com\/es\/recuperacion\/\" \/>\n<meta property=\"og:site_name\" content=\"Medikemos Clinic\" \/>\n<meta property=\"article:publisher\" content=\"https:\/\/www.facebook.com\/medikemoshairtransplant\" \/>\n<meta property=\"og:image\" content=\"https:\/\/medikemosclinic.com\/wp-content\/uploads\/2017\/03\/Medikemos-45.jpg\" \/>\n<meta name=\"twitter:card\" content=\"summary_large_image\" \/>\n<meta name=\"twitter:label1\" content=\"Tiempo de lectura\" \/>\n\t<meta name=\"twitter:data1\" content=\"6 minutos\" \/>\n<script type=\"application\/ld+json\" class=\"yoast-schema-graph\">{\"@context\":\"https:\\\/\\\/schema.org\",\"@graph\":[{\"@type\":\"WebPage\",\"@id\":\"https:\\\/\\\/medikemosclinic.com\\\/es\\\/recuperacion\\\/\",\"url\":\"https:\\\/\\\/medikemosclinic.com\\\/es\\\/recuperacion\\\/\",\"name\":\"Recuperaci\u00f3n - Medikemos Clinic\",\"isPartOf\":{\"@id\":\"https:\\\/\\\/medikemosclinic.com\\\/#website\"},\"datePublished\":\"2018-11-08T18:28:32+00:00\",\"breadcrumb\":{\"@id\":\"https:\\\/\\\/medikemosclinic.com\\\/es\\\/recuperacion\\\/#breadcrumb\"},\"inLanguage\":\"es\",\"potentialAction\":[{\"@type\":\"ReadAction\",\"target\":[\"https:\\\/\\\/medikemosclinic.com\\\/es\\\/recuperacion\\\/\"]}]},{\"@type\":\"BreadcrumbList\",\"@id\":\"https:\\\/\\\/medikemosclinic.com\\\/es\\\/recuperacion\\\/#breadcrumb\",\"itemListElement\":[{\"@type\":\"ListItem\",\"position\":1,\"name\":\"Accueil\",\"item\":\"https:\\\/\\\/medikemosclinic.com\\\/es\\\/\"},{\"@type\":\"ListItem\",\"position\":2,\"name\":\"Recuperaci\u00f3n\"}]},{\"@type\":\"WebSite\",\"@id\":\"https:\\\/\\\/medikemosclinic.com\\\/#website\",\"url\":\"https:\\\/\\\/medikemosclinic.com\\\/\",\"name\":\"Medikemos Clinic\",\"description\":\"Solution et traitement contre la chute de cheveux\",\"publisher\":{\"@id\":\"https:\\\/\\\/medikemosclinic.com\\\/#organization\"},\"potentialAction\":[{\"@type\":\"SearchAction\",\"target\":{\"@type\":\"EntryPoint\",\"urlTemplate\":\"https:\\\/\\\/medikemosclinic.com\\\/?s={search_term_string}\"},\"query-input\":{\"@type\":\"PropertyValueSpecification\",\"valueRequired\":true,\"valueName\":\"search_term_string\"}}],\"inLanguage\":\"es\"},{\"@type\":\"Organization\",\"@id\":\"https:\\\/\\\/medikemosclinic.com\\\/#organization\",\"name\":\"MeDiKemos Clinic\",\"url\":\"https:\\\/\\\/medikemosclinic.com\\\/\",\"logo\":{\"@type\":\"ImageObject\",\"inLanguage\":\"es\",\"@id\":\"https:\\\/\\\/medikemosclinic.com\\\/#\\\/schema\\\/logo\\\/image\\\/\",\"url\":\"https:\\\/\\\/medikemosclinic.com\\\/wp-content\\\/uploads\\\/2017\\\/03\\\/Logo-MDK-sticky-retina.png\",\"contentUrl\":\"https:\\\/\\\/medikemosclinic.com\\\/wp-content\\\/uploads\\\/2017\\\/03\\\/Logo-MDK-sticky-retina.png\",\"width\":130,\"height\":130,\"caption\":\"MeDiKemos Clinic\"},\"image\":{\"@id\":\"https:\\\/\\\/medikemosclinic.com\\\/#\\\/schema\\\/logo\\\/image\\\/\"},\"sameAs\":[\"https:\\\/\\\/www.facebook.com\\\/medikemoshairtransplant\",\"https:\\\/\\\/www.linkedin.com\\\/company\\\/medikemos-clinic\",\"https:\\\/\\\/www.youtube.com\\\/user\\\/MHairTransplantation\\\/\"]}]}<\/script>\n<!-- \/ Yoast SEO plugin. -->","yoast_head_json":{"title":"Recuperaci\u00f3n - Medikemos Clinic","robots":{"index":"index","follow":"follow","max-snippet":"max-snippet:-1","max-image-preview":"max-image-preview:large","max-video-preview":"max-video-preview:-1"},"canonical":"https:\/\/medikemosclinic.com\/es\/recuperacion\/","og_locale":"es_ES","og_type":"article","og_title":"Recuperaci\u00f3n - Medikemos Clinic","og_url":"https:\/\/medikemosclinic.com\/es\/recuperacion\/","og_site_name":"Medikemos Clinic","article_publisher":"https:\/\/www.facebook.com\/medikemoshairtransplant","og_image":[{"url":"https:\/\/medikemosclinic.com\/wp-content\/uploads\/2017\/03\/Medikemos-45.jpg","type":"","width":"","height":""}],"twitter_card":"summary_large_image","twitter_misc":{"Tiempo de lectura":"6 minutos"},"schema":{"@context":"https:\/\/schema.org","@graph":[{"@type":"WebPage","@id":"https:\/\/medikemosclinic.com\/es\/recuperacion\/","url":"https:\/\/medikemosclinic.com\/es\/recuperacion\/","name":"Recuperaci\u00f3n - Medikemos Clinic","isPartOf":{"@id":"https:\/\/medikemosclinic.com\/#website"},"datePublished":"2018-11-08T18:28:32+00:00","breadcrumb":{"@id":"https:\/\/medikemosclinic.com\/es\/recuperacion\/#breadcrumb"},"inLanguage":"es","potentialAction":[{"@type":"ReadAction","target":["https:\/\/medikemosclinic.com\/es\/recuperacion\/"]}]},{"@type":"BreadcrumbList","@id":"https:\/\/medikemosclinic.com\/es\/recuperacion\/#breadcrumb","itemListElement":[{"@type":"ListItem","position":1,"name":"Accueil","item":"https:\/\/medikemosclinic.com\/es\/"},{"@type":"ListItem","position":2,"name":"Recuperaci\u00f3n"}]},{"@type":"WebSite","@id":"https:\/\/medikemosclinic.com\/#website","url":"https:\/\/medikemosclinic.com\/","name":"Medikemos Clinic","description":"Solution et traitement contre la chute de cheveux","publisher":{"@id":"https:\/\/medikemosclinic.com\/#organization"},"potentialAction":[{"@type":"SearchAction","target":{"@type":"EntryPoint","urlTemplate":"https:\/\/medikemosclinic.com\/?s={search_term_string}"},"query-input":{"@type":"PropertyValueSpecification","valueRequired":true,"valueName":"search_term_string"}}],"inLanguage":"es"},{"@type":"Organization","@id":"https:\/\/medikemosclinic.com\/#organization","name":"MeDiKemos Clinic","url":"https:\/\/medikemosclinic.com\/","logo":{"@type":"ImageObject","inLanguage":"es","@id":"https:\/\/medikemosclinic.com\/#\/schema\/logo\/image\/","url":"https:\/\/medikemosclinic.com\/wp-content\/uploads\/2017\/03\/Logo-MDK-sticky-retina.png","contentUrl":"https:\/\/medikemosclinic.com\/wp-content\/uploads\/2017\/03\/Logo-MDK-sticky-retina.png","width":130,"height":130,"caption":"MeDiKemos Clinic"},"image":{"@id":"https:\/\/medikemosclinic.com\/#\/schema\/logo\/image\/"},"sameAs":["https:\/\/www.facebook.com\/medikemoshairtransplant","https:\/\/www.linkedin.com\/company\/medikemos-clinic","https:\/\/www.youtube.com\/user\/MHairTransplantation\/"]}]}},"_links":{"self":[{"href":"https:\/\/medikemosclinic.com\/es\/wp-json\/wp\/v2\/pages\/3049","targetHints":{"allow":["GET"]}}],"collection":[{"href":"https:\/\/medikemosclinic.com\/es\/wp-json\/wp\/v2\/pages"}],"about":[{"href":"https:\/\/medikemosclinic.com\/es\/wp-json\/wp\/v2\/types\/page"}],"author":[{"embeddable":true,"href":"https:\/\/medikemosclinic.com\/es\/wp-json\/wp\/v2\/users\/1"}],"replies":[{"embeddable":true,"href":"https:\/\/medikemosclinic.com\/es\/wp-json\/wp\/v2\/comments?post=3049"}],"version-history":[{"count":1,"href":"https:\/\/medikemosclinic.com\/es\/wp-json\/wp\/v2\/pages\/3049\/revisions"}],"predecessor-version":[{"id":3050,"href":"https:\/\/medikemosclinic.com\/es\/wp-json\/wp\/v2\/pages\/3049\/revisions\/3050"}],"wp:attachment":[{"href":"https:\/\/medikemosclinic.com\/es\/wp-json\/wp\/v2\/media?parent=3049"}],"curies":[{"name":"wp","href":"https:\/\/api.w.org\/{rel}","templated":true}]}}