{"id":3059,"date":"2018-11-08T20:27:21","date_gmt":"2018-11-08T19:27:21","guid":{"rendered":"https:\/\/medikemosclinic.com\/?page_id=3059"},"modified":"2018-11-08T20:27:21","modified_gmt":"2018-11-08T19:27:21","slug":"glosario","status":"publish","type":"page","link":"https:\/\/medikemosclinic.com\/es\/glosario\/","title":{"rendered":"Glosario"},"content":{"rendered":"<div class=\"fusion-fullwidth fullwidth-box fusion-builder-row-1 nonhundred-percent-fullwidth non-hundred-percent-height-scrolling\" style=\"--awb-border-radius-top-left:0px;--awb-border-radius-top-right:0px;--awb-border-radius-bottom-right:0px;--awb-border-radius-bottom-left:0px;--awb-flex-wrap:wrap;\" ><div class=\"fusion-builder-row fusion-row\"><div class=\"fusion-layout-column fusion_builder_column fusion-builder-column-0 fusion_builder_column_1_1 1_1 fusion-one-full fusion-column-first fusion-column-last\" style=\"--awb-bg-size:cover;\"><div class=\"fusion-column-wrapper fusion-flex-column-wrapper-legacy\"><div class=\"accordian fusion-accordian\" style=\"--awb-border-size:1px;--awb-icon-size:13px;--awb-content-font-size:20px;--awb-icon-alignment:left;--awb-hover-color:#f9f9f9;--awb-border-color:#cccccc;--awb-background-color:#ffffff;--awb-divider-color:#e0dede;--awb-divider-hover-color:#e0dede;--awb-icon-color:#ffffff;--awb-title-color:#df4b37;--awb-content-color:#333333;--awb-icon-box-color:rgba(25,66,102,0.65);--awb-toggle-hover-accent-color:#194266;--awb-title-font-family:Arial, Helvetica, sans-serif;--awb-title-font-weight:400;--awb-title-font-style:normal;--awb-title-font-size:20px;--awb-content-font-family:Arial, Helvetica, sans-serif;--awb-content-font-style:normal;--awb-content-font-weight:400;\"><div class=\"panel-group fusion-toggle-icon-boxed\" id=\"accordion-3059-1\"><div class=\"fusion-panel panel-default panel-332b7211ca037f91b fusion-toggle-has-divider\"><div class=\"panel-heading\"><h4 class=\"panel-title toggle\" id=\"toggle_332b7211ca037f91b\"><a aria-expanded=\"false\" aria-controls=\"332b7211ca037f91b\" role=\"button\" data-toggle=\"collapse\" data-parent=\"#accordion-3059-1\" data-target=\"#332b7211ca037f91b\" href=\"#332b7211ca037f91b\"><span class=\"fusion-toggle-icon-wrapper\" aria-hidden=\"true\"><i class=\"fa-fusion-box active-icon awb-icon-minus\" aria-hidden=\"true\"><\/i><i class=\"fa-fusion-box inactive-icon awb-icon-plus\" aria-hidden=\"true\"><\/i><\/span><span class=\"fusion-toggle-heading\">Densidad:<\/span><\/a><\/h4><\/div><div id=\"332b7211ca037f91b\" class=\"panel-collapse collapse \" aria-labelledby=\"toggle_332b7211ca037f91b\"><div class=\"panel-body toggle-content fusion-clearfix\">\n<p>Cantidad de UF\u2019s \/ cm2<\/p>\n<\/div><\/div><\/div><div class=\"fusion-panel panel-default panel-39720867224c4c657 fusion-toggle-has-divider\"><div class=\"panel-heading\"><h4 class=\"panel-title toggle\" id=\"toggle_39720867224c4c657\"><a aria-expanded=\"false\" aria-controls=\"39720867224c4c657\" role=\"button\" data-toggle=\"collapse\" data-parent=\"#accordion-3059-1\" data-target=\"#39720867224c4c657\" href=\"#39720867224c4c657\"><span class=\"fusion-toggle-icon-wrapper\" aria-hidden=\"true\"><i class=\"fa-fusion-box active-icon awb-icon-minus\" aria-hidden=\"true\"><\/i><i class=\"fa-fusion-box inactive-icon awb-icon-plus\" aria-hidden=\"true\"><\/i><\/span><span class=\"fusion-toggle-heading\">FUE:<\/span><\/a><\/h4><\/div><div id=\"39720867224c4c657\" class=\"panel-collapse collapse \" aria-labelledby=\"toggle_39720867224c4c657\"><div class=\"panel-body toggle-content fusion-clearfix\">\n<p>La Extracci\u00f3n de Unidades Foliculares (FUE) se realiza mediante el uso de una micro perforadora. Esta es una t\u00e9cnica revolucionaria para minimizar las cicatrices, solo dejando cicatrices de hasta 1 mm de di\u00e1metro (dependiendo del tama\u00f1o del sacabocado quir\u00fargico).<\/p>\n<\/div><\/div><\/div><div class=\"fusion-panel panel-default panel-1388f8fc3d91ee2cd fusion-toggle-has-divider\"><div class=\"panel-heading\"><h4 class=\"panel-title toggle\" id=\"toggle_1388f8fc3d91ee2cd\"><a aria-expanded=\"false\" aria-controls=\"1388f8fc3d91ee2cd\" role=\"button\" data-toggle=\"collapse\" data-parent=\"#accordion-3059-1\" data-target=\"#1388f8fc3d91ee2cd\" href=\"#1388f8fc3d91ee2cd\"><span class=\"fusion-toggle-icon-wrapper\" aria-hidden=\"true\"><i class=\"fa-fusion-box active-icon awb-icon-minus\" aria-hidden=\"true\"><\/i><i class=\"fa-fusion-box inactive-icon awb-icon-plus\" aria-hidden=\"true\"><\/i><\/span><span class=\"fusion-toggle-heading\">Laxitud:<\/span><\/a><\/h4><\/div><div id=\"1388f8fc3d91ee2cd\" class=\"panel-collapse collapse \" aria-labelledby=\"toggle_1388f8fc3d91ee2cd\"><div class=\"panel-body toggle-content fusion-clearfix\">\n<p>La elasticidad del cuero cabelludo ayuda a evaluar el ancho de la tira que se tomar\u00e1.<\/p>\n<p>Malo: sin movilidad del cuero cabelludo, extracci\u00f3n m\u00e1xima: 1 cm<\/p>\n<p>Promedio: movilidad que permite la extracci\u00f3n de una franja de 1,1 a 1,3 cm<\/p>\n<p>Bueno: extracci\u00f3n de una tira > 1.3 cm<\/p>\n<\/div><\/div><\/div><div class=\"fusion-panel panel-default panel-9fe93f0ce8f27648c fusion-toggle-has-divider\"><div class=\"panel-heading\"><h4 class=\"panel-title toggle\" id=\"toggle_9fe93f0ce8f27648c\"><a aria-expanded=\"false\" aria-controls=\"9fe93f0ce8f27648c\" role=\"button\" data-toggle=\"collapse\" data-parent=\"#accordion-3059-1\" data-target=\"#9fe93f0ce8f27648c\" href=\"#9fe93f0ce8f27648c\"><span class=\"fusion-toggle-icon-wrapper\" aria-hidden=\"true\"><i class=\"fa-fusion-box active-icon awb-icon-minus\" aria-hidden=\"true\"><\/i><i class=\"fa-fusion-box inactive-icon awb-icon-plus\" aria-hidden=\"true\"><\/i><\/span><span class=\"fusion-toggle-heading\">micro perforadora:<\/span><\/a><\/h4><\/div><div id=\"9fe93f0ce8f27648c\" class=\"panel-collapse collapse \" aria-labelledby=\"toggle_9fe93f0ce8f27648c\"><div class=\"panel-body toggle-content fusion-clearfix\">\n<p>Bistur\u00ed cil\u00edndrico con un filo circular y un di\u00e1metro de 0,75 a 1 mm.<\/p>\n<\/div><\/div><\/div><div class=\"fusion-panel panel-default panel-5d21a30ec998bbc9d fusion-toggle-has-divider\"><div class=\"panel-heading\"><h4 class=\"panel-title toggle\" id=\"toggle_5d21a30ec998bbc9d\"><a aria-expanded=\"false\" aria-controls=\"5d21a30ec998bbc9d\" role=\"button\" data-toggle=\"collapse\" data-parent=\"#accordion-3059-1\" data-target=\"#5d21a30ec998bbc9d\" href=\"#5d21a30ec998bbc9d\"><span class=\"fusion-toggle-icon-wrapper\" aria-hidden=\"true\"><i class=\"fa-fusion-box active-icon awb-icon-minus\" aria-hidden=\"true\"><\/i><i class=\"fa-fusion-box inactive-icon awb-icon-plus\" aria-hidden=\"true\"><\/i><\/span><span class=\"fusion-toggle-heading\">Colocaci\u00f3n:<\/span><\/a><\/h4><\/div><div id=\"5d21a30ec998bbc9d\" class=\"panel-collapse collapse \" aria-labelledby=\"toggle_5d21a30ec998bbc9d\"><div class=\"panel-body toggle-content fusion-clearfix\">\n<p>La etapa donde los injertos se reimplantan en la zona receptora.<\/p>\n<\/div><\/div><\/div><div class=\"fusion-panel panel-default panel-b5e4c14f7a363bee3 fusion-toggle-has-divider\"><div class=\"panel-heading\"><h4 class=\"panel-title toggle\" id=\"toggle_b5e4c14f7a363bee3\"><a aria-expanded=\"false\" aria-controls=\"b5e4c14f7a363bee3\" role=\"button\" data-toggle=\"collapse\" data-parent=\"#accordion-3059-1\" data-target=\"#b5e4c14f7a363bee3\" href=\"#b5e4c14f7a363bee3\"><span class=\"fusion-toggle-icon-wrapper\" aria-hidden=\"true\"><i class=\"fa-fusion-box active-icon awb-icon-minus\" aria-hidden=\"true\"><\/i><i class=\"fa-fusion-box inactive-icon awb-icon-plus\" aria-hidden=\"true\"><\/i><\/span><span class=\"fusion-toggle-heading\">Cierre tricof\u00edtico:<\/span><\/a><\/h4><\/div><div id=\"b5e4c14f7a363bee3\" class=\"panel-collapse collapse \" aria-labelledby=\"toggle_b5e4c14f7a363bee3\"><div class=\"panel-body toggle-content fusion-clearfix\">\n<p>Una t\u00e9cnica especial para cerrar el \u00e1rea donante despu\u00e9s de un trasplante de tira \/ FUT que minimiza la cicatrizaci\u00f3n y permite la regeneraci\u00f3n del pelo en el \u00e1rea donante.<\/p>\n<\/div><\/div><\/div><div class=\"fusion-panel panel-default panel-1a605646f65995d94 fusion-toggle-has-divider\"><div class=\"panel-heading\"><h4 class=\"panel-title toggle\" id=\"toggle_1a605646f65995d94\"><a aria-expanded=\"false\" aria-controls=\"1a605646f65995d94\" role=\"button\" data-toggle=\"collapse\" data-parent=\"#accordion-3059-1\" data-target=\"#1a605646f65995d94\" href=\"#1a605646f65995d94\"><span class=\"fusion-toggle-icon-wrapper\" aria-hidden=\"true\"><i class=\"fa-fusion-box active-icon awb-icon-minus\" aria-hidden=\"true\"><\/i><i class=\"fa-fusion-box inactive-icon awb-icon-plus\" aria-hidden=\"true\"><\/i><\/span><span class=\"fusion-toggle-heading\">Slivering:<\/span><\/a><\/h4><\/div><div id=\"1a605646f65995d94\" class=\"panel-collapse collapse \" aria-labelledby=\"toggle_1a605646f65995d94\"><div class=\"panel-body toggle-content fusion-clearfix\">\n<p>Disecci\u00f3n de la tira en tiras delgadas que contienen solo unas pocas unidades foliculares alineadas para facilitar la recolecci\u00f3n.<\/p>\n<\/div><\/div><\/div><div class=\"fusion-panel panel-default panel-d13d10114e31e1e3c fusion-toggle-has-divider\"><div class=\"panel-heading\"><h4 class=\"panel-title toggle\" id=\"toggle_d13d10114e31e1e3c\"><a aria-expanded=\"false\" aria-controls=\"d13d10114e31e1e3c\" role=\"button\" data-toggle=\"collapse\" data-parent=\"#accordion-3059-1\" data-target=\"#d13d10114e31e1e3c\" href=\"#d13d10114e31e1e3c\"><span class=\"fusion-toggle-icon-wrapper\" aria-hidden=\"true\"><i class=\"fa-fusion-box active-icon awb-icon-minus\" aria-hidden=\"true\"><\/i><i class=\"fa-fusion-box inactive-icon awb-icon-plus\" aria-hidden=\"true\"><\/i><\/span><span class=\"fusion-toggle-heading\">Transecci\u00f3n:<\/span><\/a><\/h4><\/div><div id=\"d13d10114e31e1e3c\" class=\"panel-collapse collapse \" aria-labelledby=\"toggle_d13d10114e31e1e3c\"><div class=\"panel-body toggle-content fusion-clearfix\">\n<p>Da\u00f1o involuntario al fol\u00edculo, lo que resulta en la incapacidad de generar pelo nuevo. Esto puede ocurrir durante el muestreo (tira o FUE), \u201cslivering\u201d o recorte. La extracci\u00f3n de las unidades foliculares se realiza bajo un microscopio con el fin de minimizar la tasa de transecci\u00f3n. La tasa de transecci\u00f3n tolerada se encuentra entre 4-5%.<\/p>\n<\/div><\/div><\/div><div class=\"fusion-panel panel-default panel-1f4bde7e0c2248ef6 fusion-toggle-has-divider\"><div class=\"panel-heading\"><h4 class=\"panel-title toggle\" id=\"toggle_1f4bde7e0c2248ef6\"><a aria-expanded=\"false\" aria-controls=\"1f4bde7e0c2248ef6\" role=\"button\" data-toggle=\"collapse\" data-parent=\"#accordion-3059-1\" data-target=\"#1f4bde7e0c2248ef6\" href=\"#1f4bde7e0c2248ef6\"><span class=\"fusion-toggle-icon-wrapper\" aria-hidden=\"true\"><i class=\"fa-fusion-box active-icon awb-icon-minus\" aria-hidden=\"true\"><\/i><i class=\"fa-fusion-box inactive-icon awb-icon-plus\" aria-hidden=\"true\"><\/i><\/span><span class=\"fusion-toggle-heading\">\u00c1rea donante:<\/span><\/a><\/h4><\/div><div id=\"1f4bde7e0c2248ef6\" class=\"panel-collapse collapse \" aria-labelledby=\"toggle_1f4bde7e0c2248ef6\"><div class=\"panel-body toggle-content fusion-clearfix\">\n<p>El \u00fanico pelo adecuado para ser trasplantado es el pelo que est\u00e1 pensado para ser permanente (no afectado por DHT). Por lo tanto, las \u00e1reas ubicadas a los lados y la parte posterior del escalpo se consideran seguras para el trasplante quir\u00fargico con el fin de tener resultados duraderos.<\/p>\n<\/div><\/div><\/div><\/div><\/div><div class=\"fusion-clearfix\"><\/div><\/div><\/div><\/div><\/div>\n","protected":false},"excerpt":{"rendered":"","protected":false},"author":1,"featured_media":0,"parent":0,"menu_order":0,"comment_status":"closed","ping_status":"closed","template":"","meta":{"_monsterinsights_skip_tracking":false,"_monsterinsights_sitenote_active":false,"_monsterinsights_sitenote_note":"","_monsterinsights_sitenote_category":0,"footnotes":""},"class_list":["post-3059","page","type-page","status-publish","hentry"],"yoast_head":"<!-- This site is optimized with the Yoast SEO plugin v27.6 - https:\/\/yoast.com\/product\/yoast-seo-wordpress\/ -->\n<title>Glosario - Medikemos Clinic<\/title>\n<meta name=\"robots\" content=\"index, follow, max-snippet:-1, max-image-preview:large, max-video-preview:-1\" \/>\n<link rel=\"canonical\" href=\"https:\/\/medikemosclinic.com\/es\/glosario\/\" \/>\n<meta property=\"og:locale\" content=\"es_ES\" \/>\n<meta property=\"og:type\" content=\"article\" \/>\n<meta property=\"og:title\" content=\"Glosario - Medikemos Clinic\" \/>\n<meta property=\"og:url\" content=\"https:\/\/medikemosclinic.com\/es\/glosario\/\" \/>\n<meta property=\"og:site_name\" content=\"Medikemos Clinic\" \/>\n<meta property=\"article:publisher\" content=\"https:\/\/www.facebook.com\/medikemoshairtransplant\" \/>\n<meta name=\"twitter:card\" content=\"summary_large_image\" \/>\n<meta name=\"twitter:label1\" content=\"Tiempo de lectura\" \/>\n\t<meta name=\"twitter:data1\" content=\"3 minutos\" \/>\n<script type=\"application\/ld+json\" class=\"yoast-schema-graph\">{\"@context\":\"https:\\\/\\\/schema.org\",\"@graph\":[{\"@type\":\"WebPage\",\"@id\":\"https:\\\/\\\/medikemosclinic.com\\\/es\\\/glosario\\\/\",\"url\":\"https:\\\/\\\/medikemosclinic.com\\\/es\\\/glosario\\\/\",\"name\":\"Glosario - Medikemos Clinic\",\"isPartOf\":{\"@id\":\"https:\\\/\\\/medikemosclinic.com\\\/#website\"},\"datePublished\":\"2018-11-08T19:27:21+00:00\",\"breadcrumb\":{\"@id\":\"https:\\\/\\\/medikemosclinic.com\\\/es\\\/glosario\\\/#breadcrumb\"},\"inLanguage\":\"es\",\"potentialAction\":[{\"@type\":\"ReadAction\",\"target\":[\"https:\\\/\\\/medikemosclinic.com\\\/es\\\/glosario\\\/\"]}]},{\"@type\":\"BreadcrumbList\",\"@id\":\"https:\\\/\\\/medikemosclinic.com\\\/es\\\/glosario\\\/#breadcrumb\",\"itemListElement\":[{\"@type\":\"ListItem\",\"position\":1,\"name\":\"Accueil\",\"item\":\"https:\\\/\\\/medikemosclinic.com\\\/es\\\/\"},{\"@type\":\"ListItem\",\"position\":2,\"name\":\"Glosario\"}]},{\"@type\":\"WebSite\",\"@id\":\"https:\\\/\\\/medikemosclinic.com\\\/#website\",\"url\":\"https:\\\/\\\/medikemosclinic.com\\\/\",\"name\":\"Medikemos Clinic\",\"description\":\"Solution et traitement contre la chute de cheveux\",\"publisher\":{\"@id\":\"https:\\\/\\\/medikemosclinic.com\\\/#organization\"},\"potentialAction\":[{\"@type\":\"SearchAction\",\"target\":{\"@type\":\"EntryPoint\",\"urlTemplate\":\"https:\\\/\\\/medikemosclinic.com\\\/?s={search_term_string}\"},\"query-input\":{\"@type\":\"PropertyValueSpecification\",\"valueRequired\":true,\"valueName\":\"search_term_string\"}}],\"inLanguage\":\"es\"},{\"@type\":\"Organization\",\"@id\":\"https:\\\/\\\/medikemosclinic.com\\\/#organization\",\"name\":\"MeDiKemos Clinic\",\"url\":\"https:\\\/\\\/medikemosclinic.com\\\/\",\"logo\":{\"@type\":\"ImageObject\",\"inLanguage\":\"es\",\"@id\":\"https:\\\/\\\/medikemosclinic.com\\\/#\\\/schema\\\/logo\\\/image\\\/\",\"url\":\"https:\\\/\\\/medikemosclinic.com\\\/wp-content\\\/uploads\\\/2017\\\/03\\\/Logo-MDK-sticky-retina.png\",\"contentUrl\":\"https:\\\/\\\/medikemosclinic.com\\\/wp-content\\\/uploads\\\/2017\\\/03\\\/Logo-MDK-sticky-retina.png\",\"width\":130,\"height\":130,\"caption\":\"MeDiKemos Clinic\"},\"image\":{\"@id\":\"https:\\\/\\\/medikemosclinic.com\\\/#\\\/schema\\\/logo\\\/image\\\/\"},\"sameAs\":[\"https:\\\/\\\/www.facebook.com\\\/medikemoshairtransplant\",\"https:\\\/\\\/www.linkedin.com\\\/company\\\/medikemos-clinic\",\"https:\\\/\\\/www.youtube.com\\\/user\\\/MHairTransplantation\\\/\"]}]}<\/script>\n<!-- \/ Yoast SEO plugin. -->","yoast_head_json":{"title":"Glosario - Medikemos Clinic","robots":{"index":"index","follow":"follow","max-snippet":"max-snippet:-1","max-image-preview":"max-image-preview:large","max-video-preview":"max-video-preview:-1"},"canonical":"https:\/\/medikemosclinic.com\/es\/glosario\/","og_locale":"es_ES","og_type":"article","og_title":"Glosario - Medikemos Clinic","og_url":"https:\/\/medikemosclinic.com\/es\/glosario\/","og_site_name":"Medikemos Clinic","article_publisher":"https:\/\/www.facebook.com\/medikemoshairtransplant","twitter_card":"summary_large_image","twitter_misc":{"Tiempo de lectura":"3 minutos"},"schema":{"@context":"https:\/\/schema.org","@graph":[{"@type":"WebPage","@id":"https:\/\/medikemosclinic.com\/es\/glosario\/","url":"https:\/\/medikemosclinic.com\/es\/glosario\/","name":"Glosario - Medikemos Clinic","isPartOf":{"@id":"https:\/\/medikemosclinic.com\/#website"},"datePublished":"2018-11-08T19:27:21+00:00","breadcrumb":{"@id":"https:\/\/medikemosclinic.com\/es\/glosario\/#breadcrumb"},"inLanguage":"es","potentialAction":[{"@type":"ReadAction","target":["https:\/\/medikemosclinic.com\/es\/glosario\/"]}]},{"@type":"BreadcrumbList","@id":"https:\/\/medikemosclinic.com\/es\/glosario\/#breadcrumb","itemListElement":[{"@type":"ListItem","position":1,"name":"Accueil","item":"https:\/\/medikemosclinic.com\/es\/"},{"@type":"ListItem","position":2,"name":"Glosario"}]},{"@type":"WebSite","@id":"https:\/\/medikemosclinic.com\/#website","url":"https:\/\/medikemosclinic.com\/","name":"Medikemos Clinic","description":"Solution et traitement contre la chute de cheveux","publisher":{"@id":"https:\/\/medikemosclinic.com\/#organization"},"potentialAction":[{"@type":"SearchAction","target":{"@type":"EntryPoint","urlTemplate":"https:\/\/medikemosclinic.com\/?s={search_term_string}"},"query-input":{"@type":"PropertyValueSpecification","valueRequired":true,"valueName":"search_term_string"}}],"inLanguage":"es"},{"@type":"Organization","@id":"https:\/\/medikemosclinic.com\/#organization","name":"MeDiKemos Clinic","url":"https:\/\/medikemosclinic.com\/","logo":{"@type":"ImageObject","inLanguage":"es","@id":"https:\/\/medikemosclinic.com\/#\/schema\/logo\/image\/","url":"https:\/\/medikemosclinic.com\/wp-content\/uploads\/2017\/03\/Logo-MDK-sticky-retina.png","contentUrl":"https:\/\/medikemosclinic.com\/wp-content\/uploads\/2017\/03\/Logo-MDK-sticky-retina.png","width":130,"height":130,"caption":"MeDiKemos Clinic"},"image":{"@id":"https:\/\/medikemosclinic.com\/#\/schema\/logo\/image\/"},"sameAs":["https:\/\/www.facebook.com\/medikemoshairtransplant","https:\/\/www.linkedin.com\/company\/medikemos-clinic","https:\/\/www.youtube.com\/user\/MHairTransplantation\/"]}]}},"_links":{"self":[{"href":"https:\/\/medikemosclinic.com\/es\/wp-json\/wp\/v2\/pages\/3059","targetHints":{"allow":["GET"]}}],"collection":[{"href":"https:\/\/medikemosclinic.com\/es\/wp-json\/wp\/v2\/pages"}],"about":[{"href":"https:\/\/medikemosclinic.com\/es\/wp-json\/wp\/v2\/types\/page"}],"author":[{"embeddable":true,"href":"https:\/\/medikemosclinic.com\/es\/wp-json\/wp\/v2\/users\/1"}],"replies":[{"embeddable":true,"href":"https:\/\/medikemosclinic.com\/es\/wp-json\/wp\/v2\/comments?post=3059"}],"version-history":[{"count":1,"href":"https:\/\/medikemosclinic.com\/es\/wp-json\/wp\/v2\/pages\/3059\/revisions"}],"predecessor-version":[{"id":3060,"href":"https:\/\/medikemosclinic.com\/es\/wp-json\/wp\/v2\/pages\/3059\/revisions\/3060"}],"wp:attachment":[{"href":"https:\/\/medikemosclinic.com\/es\/wp-json\/wp\/v2\/media?parent=3059"}],"curies":[{"name":"wp","href":"https:\/\/api.w.org\/{rel}","templated":true}]}}