{"id":3467,"date":"2019-08-10T14:38:09","date_gmt":"2019-08-10T12:38:09","guid":{"rendered":"https:\/\/medikemosclinic.com\/?page_id=3467"},"modified":"2019-08-10T14:38:09","modified_gmt":"2019-08-10T12:38:09","slug":"pattern-femminile-della-perdita-di-capelli","status":"publish","type":"page","link":"https:\/\/medikemosclinic.com\/it\/pattern-femminile-della-perdita-di-capelli\/","title":{"rendered":"Pattern femminile della perdita di capelli"},"content":{"rendered":"<div class=\"fusion-fullwidth fullwidth-box fusion-builder-row-1 nonhundred-percent-fullwidth non-hundred-percent-height-scrolling\" style=\"--awb-border-radius-top-left:0px;--awb-border-radius-top-right:0px;--awb-border-radius-bottom-right:0px;--awb-border-radius-bottom-left:0px;--awb-padding-top:20px;--awb-padding-bottom:20px;--awb-flex-wrap:wrap;\" ><div class=\"fusion-builder-row fusion-row\"><div class=\"fusion-layout-column fusion_builder_column fusion-builder-column-0 fusion_builder_column_1_1 1_1 fusion-one-full fusion-column-first fusion-column-last\" style=\"--awb-bg-size:cover;\"><div class=\"fusion-column-wrapper fusion-flex-column-wrapper-legacy\"><div class=\"fusion-text fusion-text-1\"><p><a href=\"\/wp-content\/uploads\/2017\/03\/The-Ludwig-Scale-of-Womens-Hair-Loss-Big.jpg\" rel=\"prettyPhoto\"><img decoding=\"async\" class=\"alignright wp-image-1114 size-full\" title=\"The Ludwig Scale of Womens Hair Loss\" src=\"\/wp-content\/uploads\/2017\/03\/The-Ludwig-Scale-of-Womens-Hair-Loss-Small.jpg\" alt=\"Ludwig\" width=\"200\" height=\"222\"><\/a><\/p>\n<p>Anche le donne sono affette da alopecia androgenetica come gli uomini, ma di solito non hanno gli stessi schemi degli uomini. Lo schema femminile di perdita di capelli colpisce fino al 40% delle donne quando compiono 50 anni.<br \/>Quando le donne sperimentano l&#8217;alopecia androgenetica di solito \u00e8 un diradamento diffuso in tutte le aree del cuoio capelluto. Non colpisce solo la parte superiore, anteriore e posteriore del cuoio capelluto, ma anche i lati sopra le orecchie e persino nella parte posteriore, sotto la cosiddetta &#8220;corona&#8221;, la tipica area donatrice dei pazienti di sesso maschile. Le donne generalmente non soffrono di calvizie completa, ma comunque l&#8217;impatto sociale pu\u00f2 essere abbastanza significativo poich\u00e9 la perdita di capelli femminile non \u00e8 socialmente accettata come la perdita di capelli maschile.<\/p>\n<p>Mentre l&#8217;area inferiore della corona \u00e8 un&#8217;area donatrice &#8220;sicura&#8221; per il trapianto di capelli maschile, dato che generalmente non \u00e8 influenzata dal DHT, \u00e8 molto pi\u00f9 difficile trovare un\u2019area donatrice adeguata nelle pazienti di sesso femminile. Tuttavia, molte donne hanno aree donatrici sicure che possono essere utilizzate per il trapianto.<\/p>\n<p><strong>Il dott. Lupanzula \u00e8 felice di consultarsi con te per vedere se un trapianto di capelli con la tecnica FUE sarebbe appropriato o meno per il tuo caso specifico e se potrebbe darti i risultati desiderati.<\/strong><\/p>\n<\/div><div class=\"fusion-builder-row fusion-builder-row-inner fusion-row\"><div class=\"fusion-layout-column fusion_builder_column_inner fusion-builder-nested-column-0 fusion_builder_column_inner_1_2 1_2 fusion-one-half fusion-column-first\" style=\"--awb-bg-size:cover;width:50%;width:calc(50% - ( ( 4% ) * 0.5 ) );margin-right: 4%;\"><div class=\"fusion-column-wrapper fusion-flex-column-wrapper-legacy\"><div class=\"fusion-text fusion-text-2\">\t<div id=\"BAfour-69f606872dceb\" class=\"baslider-main\" style=\"width:600px; border: 0px solid #ffffff;\">\n\t\t<ul class=\"slides-BAfour-69f606872dceb\">\n\t\t\t\t\t<li class=\"baslideli\">\n\t\t\t\t<div class=\"beforeAfterSlidebar \">\n\t\t\t\t\t<div class=\"bottomImage\" >\n\t\t\t\t\t\t<img decoding=\"async\" src=\"https:\/\/medikemosclinic.com\/wp-content\/uploads\/2017\/03\/before.jpg\" alt=\"Before-Medikemos\">\n\t\t\t\t\t<\/div>\n                    <div class=\"topImage\" style=\"border-left-color:#ffffff;-webkit-transition: 0ms;-moz-transition-duration: 0ms;-o-transition-duration: 0ms;-ms-transition-duration: 0ms;transition-duration: 0ms; \">\n\t\t\t\t\t\t<img decoding=\"async\" class=\"topImg\" style=\"-webkit-transition: 0ms;-moz-transition-duration: 0ms;-o-transition-duration: 0ms;-ms-transition-duration: 0ms;transition-duration: 0ms;\" src=\"https:\/\/medikemosclinic.com\/wp-content\/uploads\/2017\/03\/After.jpg\" alt=\"After-Medikemos\">\n\t\t\t\t\t<\/div><h5 style=\"text-align:center;color:#ffffff !important;\"><span class=\"ba-before\" >Before<\/span><span class=\"ba-title\" style=\"font-size:13px; display:none !important;\">Medikemos<\/span><span class=\"ba-after\" >After<\/span><\/h5><\/div>\n\t\t\t<\/li>\n\t\t\t\t\t<\/ul>\n\t<\/div>\n\t<div class=\"ba-outside\" style=\"width:600px;display:none !important;\">\n\t\t<span id=\"slider-next-BAfour-69f606872dceb\" class=\"slide-nex\"><\/span><span id=\"slider-prev-BAfour-69f606872dceb\" class=\"slide-pre\"><\/span>\n\t<\/div>\n\t<div style=\"clear:both\"><\/div>\n\t\t<script type=\"text\/javascript\">\n\t\t(function($){\n\t\t\t\t\t\t\t\tvar bxslider_BAfour;\n                $(document).ready(function(){\n                        var BAfour_l = get_width('#BAfour-69f606872dceb');\n                        var BAfour_r = get_width('#BAfour-69f606872dceb');\n                        var BAfour_l = BAfour_l-2;\n                        var BAfour_r = BAfour_r;\n                        var BAfour_auto = false;\n                        var BAfour_delay = '5000';\n                        var BAfour_effect = 'fade';\n\t\t\t\t\t\tvar BAfour_pager = false;\n                    \treset_images('BAfour-69f606872dceb');\n                        bxslider_BAfour = start_slider('BAfour-69f606872dceb',BAfour_delay, BAfour_auto, BAfour_effect, BAfour_l, BAfour_r, BAfour_pager);\n                });\n                $(window).on(\"resize\", function(event){\n                    reset_images('BAfour-69f606872dceb');\n                });\n\t\t\t\t$( \".wpb_accordion .wpb_accordion_wrapper\" ).on( \"accordionactivate\", function( event, ui ) {\n\t\t\t\t\tbxslider_BAfour.redrawSlider();\n\t\t\t\t\treset_images('BAfour-69f606872dceb');\n\t\t\t\t} );\n\t\t\t\t$(document).on(\"ultAdvancedTabClicked\", function(){\n\t\t\t\t\tbxslider_BAfour.destroySlider();\n\t\t\t\t\tvar BAfour_l = get_width('#BAfour-69f606872dceb');\n\t\t\t\t\tvar BAfour_r = get_width('#BAfour-69f606872dceb');\n\t\t\t\t\tvar BAfour_l = BAfour_l-2;\n\t\t\t\t\tvar BAfour_r = BAfour_r;\n\t\t\t\t\tvar BAfour_auto = false;\n\t\t\t\t\tvar BAfour_delay = '5000';\n\t\t\t\t\tvar BAfour_effect = 'fade';\n\t\t\t\t\tvar BAfour_pager = false;\n\t\t\t\t\treset_images('BAfour-69f606872dceb');\n\t\t\t\t\tstart_slider('BAfour-69f606872dceb',BAfour_delay, BAfour_auto, BAfour_effect, BAfour_l, BAfour_r, BAfour_pager);\n\t\t\t\t});\n\t\t\t\t$(document).ajaxComplete(function(e, xhr, settings){\n\t\t\t\t\tvar BAfour_l = get_width('#BAfour-69f606872dceb');\n\t\t\t\t\tvar BAfour_r = get_width('#BAfour-69f606872dceb');\n\t\t\t\t\tvar BAfour_l = BAfour_l-2;\n\t\t\t\t\tvar BAfour_r = BAfour_r;\n\t\t\t\t\tvar BAfour_auto = false;\n\t\t\t\t\tvar BAfour_delay = '5000';\n\t\t\t\t\tvar BAfour_effect = 'fade';\n\t\t\t\t\tvar BAfour_pager = false;\n\t\t\t\t\treset_images('BAfour-69f606872dceb');\n\t\t\t\t\tstart_slider('BAfour-69f606872dceb',BAfour_delay, BAfour_auto, BAfour_effect, BAfour_l, BAfour_r, BAfour_pager);\n\t\t\t\t});\n\t\t})(jQuery);\n        <\/script>\n\t\n<\/div><div class=\"fusion-clearfix\"><\/div><\/div><\/div><div class=\"fusion-layout-column fusion_builder_column_inner fusion-builder-nested-column-1 fusion_builder_column_inner_1_2 1_2 fusion-one-half fusion-column-last\" style=\"--awb-bg-size:cover;width:50%;width:calc(50% - ( ( 4% ) * 0.5 ) );\"><div class=\"fusion-column-wrapper fusion-flex-column-wrapper-legacy\"><div class=\"fusion-text fusion-text-3\">\t<div id=\"BAfive-69f606872e40f\" class=\"baslider-main\" style=\"width:600px; border: 0px solid #ffffff;\">\n\t\t<ul class=\"slides-BAfive-69f606872e40f\">\n\t\t\t\t\t<li class=\"baslideli\">\n\t\t\t\t<div class=\"beforeAfterSlidebar \">\n\t\t\t\t\t<div class=\"bottomImage\" >\n\t\t\t\t\t\t<img decoding=\"async\" src=\"https:\/\/medikemosclinic.com\/wp-content\/uploads\/2017\/03\/before2.jpg\" alt=\"Before-Medikemos\">\n\t\t\t\t\t<\/div>\n                    <div class=\"topImage\" style=\"border-left-color:#ffffff;-webkit-transition: 0ms;-moz-transition-duration: 0ms;-o-transition-duration: 0ms;-ms-transition-duration: 0ms;transition-duration: 0ms; \">\n\t\t\t\t\t\t<img decoding=\"async\" class=\"topImg\" style=\"-webkit-transition: 0ms;-moz-transition-duration: 0ms;-o-transition-duration: 0ms;-ms-transition-duration: 0ms;transition-duration: 0ms;\" src=\"https:\/\/medikemosclinic.com\/wp-content\/uploads\/2017\/03\/after2.jpg\" alt=\"After-Medikemos\">\n\t\t\t\t\t<\/div><h5 style=\"text-align:center;color:#ffffff !important;\"><span class=\"ba-before\" >Before<\/span><span class=\"ba-title\" style=\"font-size:13px; \">Medikemos<\/span><span class=\"ba-after\" >After<\/span><\/h5><\/div>\n\t\t\t<\/li>\n\t\t\t\t\t<\/ul>\n\t<\/div>\n\t<div class=\"ba-outside\" style=\"width:600px;display:none !important;\">\n\t\t<span id=\"slider-next-BAfive-69f606872e40f\" class=\"slide-nex\"><\/span><span id=\"slider-prev-BAfive-69f606872e40f\" class=\"slide-pre\"><\/span>\n\t<\/div>\n\t<div style=\"clear:both\"><\/div>\n\t\t<script type=\"text\/javascript\">\n\t\t(function($){\n\t\t\t\t\t\t\t\tvar bxslider_BAfive;\n                $(document).ready(function(){\n                        var BAfive_l = get_width('#BAfive-69f606872e40f');\n                        var BAfive_r = get_width('#BAfive-69f606872e40f');\n                        var BAfive_l = BAfive_l-2;\n                        var BAfive_r = BAfive_r;\n                        var BAfive_auto = false;\n                        var BAfive_delay = '5000';\n                        var BAfive_effect = 'fade';\n\t\t\t\t\t\tvar BAfive_pager = false;\n                    \treset_images('BAfive-69f606872e40f');\n                        bxslider_BAfive = start_slider('BAfive-69f606872e40f',BAfive_delay, BAfive_auto, BAfive_effect, BAfive_l, BAfive_r, BAfive_pager);\n                });\n                $(window).on(\"resize\", function(event){\n                    reset_images('BAfive-69f606872e40f');\n                });\n\t\t\t\t$( \".wpb_accordion .wpb_accordion_wrapper\" ).on( \"accordionactivate\", function( event, ui ) {\n\t\t\t\t\tbxslider_BAfive.redrawSlider();\n\t\t\t\t\treset_images('BAfive-69f606872e40f');\n\t\t\t\t} );\n\t\t\t\t$(document).on(\"ultAdvancedTabClicked\", function(){\n\t\t\t\t\tbxslider_BAfive.destroySlider();\n\t\t\t\t\tvar BAfive_l = get_width('#BAfive-69f606872e40f');\n\t\t\t\t\tvar BAfive_r = get_width('#BAfive-69f606872e40f');\n\t\t\t\t\tvar BAfive_l = BAfive_l-2;\n\t\t\t\t\tvar BAfive_r = BAfive_r;\n\t\t\t\t\tvar BAfive_auto = false;\n\t\t\t\t\tvar BAfive_delay = '5000';\n\t\t\t\t\tvar BAfive_effect = 'fade';\n\t\t\t\t\tvar BAfive_pager = false;\n\t\t\t\t\treset_images('BAfive-69f606872e40f');\n\t\t\t\t\tstart_slider('BAfive-69f606872e40f',BAfive_delay, BAfive_auto, BAfive_effect, BAfive_l, BAfive_r, BAfive_pager);\n\t\t\t\t});\n\t\t\t\t$(document).ajaxComplete(function(e, xhr, settings){\n\t\t\t\t\tvar BAfive_l = get_width('#BAfive-69f606872e40f');\n\t\t\t\t\tvar BAfive_r = get_width('#BAfive-69f606872e40f');\n\t\t\t\t\tvar BAfive_l = BAfive_l-2;\n\t\t\t\t\tvar BAfive_r = BAfive_r;\n\t\t\t\t\tvar BAfive_auto = false;\n\t\t\t\t\tvar BAfive_delay = '5000';\n\t\t\t\t\tvar BAfive_effect = 'fade';\n\t\t\t\t\tvar BAfive_pager = false;\n\t\t\t\t\treset_images('BAfive-69f606872e40f');\n\t\t\t\t\tstart_slider('BAfive-69f606872e40f',BAfive_delay, BAfive_auto, BAfive_effect, BAfive_l, BAfive_r, BAfive_pager);\n\t\t\t\t});\n\t\t})(jQuery);\n        <\/script>\n\t\n<\/div><div class=\"fusion-clearfix\"><\/div><\/div><\/div><\/div><div class=\"fusion-clearfix\"><\/div><\/div><\/div><\/div><\/div>\n","protected":false},"excerpt":{"rendered":"","protected":false},"author":1,"featured_media":0,"parent":0,"menu_order":0,"comment_status":"closed","ping_status":"closed","template":"100-width.php","meta":{"_monsterinsights_skip_tracking":false,"_monsterinsights_sitenote_active":false,"_monsterinsights_sitenote_note":"","_monsterinsights_sitenote_category":0,"footnotes":""},"class_list":["post-3467","page","type-page","status-publish","hentry"],"yoast_head":"<!-- This site is optimized with the Yoast SEO plugin v27.5 - https:\/\/yoast.com\/product\/yoast-seo-wordpress\/ -->\n<title>Pattern femminile della perdita di capelli - Medikemos Clinic<\/title>\n<meta name=\"robots\" content=\"index, follow, max-snippet:-1, max-image-preview:large, max-video-preview:-1\" \/>\n<link rel=\"canonical\" href=\"https:\/\/medikemosclinic.com\/it\/pattern-femminile-della-perdita-di-capelli\/\" \/>\n<meta property=\"og:locale\" content=\"it_IT\" \/>\n<meta property=\"og:type\" content=\"article\" \/>\n<meta property=\"og:title\" content=\"Pattern femminile della perdita di capelli - Medikemos Clinic\" \/>\n<meta property=\"og:url\" content=\"https:\/\/medikemosclinic.com\/it\/pattern-femminile-della-perdita-di-capelli\/\" \/>\n<meta property=\"og:site_name\" content=\"Medikemos Clinic\" \/>\n<meta property=\"article:publisher\" content=\"https:\/\/www.facebook.com\/medikemoshairtransplant\" \/>\n<meta property=\"og:image\" content=\"https:\/\/medikemosclinic.com\/wp-content\/uploads\/2017\/03\/The-Ludwig-Scale-of-Womens-Hair-Loss-Small.jpg\" \/>\n<meta name=\"twitter:card\" content=\"summary_large_image\" \/>\n<meta name=\"twitter:label1\" content=\"Tempo di lettura stimato\" \/>\n\t<meta name=\"twitter:data1\" content=\"3 minuti\" \/>\n<script type=\"application\/ld+json\" class=\"yoast-schema-graph\">{\"@context\":\"https:\\\/\\\/schema.org\",\"@graph\":[{\"@type\":\"WebPage\",\"@id\":\"https:\\\/\\\/medikemosclinic.com\\\/it\\\/pattern-femminile-della-perdita-di-capelli\\\/\",\"url\":\"https:\\\/\\\/medikemosclinic.com\\\/it\\\/pattern-femminile-della-perdita-di-capelli\\\/\",\"name\":\"Pattern femminile della perdita di capelli - Medikemos Clinic\",\"isPartOf\":{\"@id\":\"https:\\\/\\\/medikemosclinic.com\\\/#website\"},\"datePublished\":\"2019-08-10T12:38:09+00:00\",\"breadcrumb\":{\"@id\":\"https:\\\/\\\/medikemosclinic.com\\\/it\\\/pattern-femminile-della-perdita-di-capelli\\\/#breadcrumb\"},\"inLanguage\":\"it-IT\",\"potentialAction\":[{\"@type\":\"ReadAction\",\"target\":[\"https:\\\/\\\/medikemosclinic.com\\\/it\\\/pattern-femminile-della-perdita-di-capelli\\\/\"]}]},{\"@type\":\"BreadcrumbList\",\"@id\":\"https:\\\/\\\/medikemosclinic.com\\\/it\\\/pattern-femminile-della-perdita-di-capelli\\\/#breadcrumb\",\"itemListElement\":[{\"@type\":\"ListItem\",\"position\":1,\"name\":\"Accueil\",\"item\":\"https:\\\/\\\/medikemosclinic.com\\\/it\\\/\"},{\"@type\":\"ListItem\",\"position\":2,\"name\":\"Pattern femminile della perdita di capelli\"}]},{\"@type\":\"WebSite\",\"@id\":\"https:\\\/\\\/medikemosclinic.com\\\/#website\",\"url\":\"https:\\\/\\\/medikemosclinic.com\\\/\",\"name\":\"Medikemos Clinic\",\"description\":\"Solution et traitement contre la chute de cheveux\",\"publisher\":{\"@id\":\"https:\\\/\\\/medikemosclinic.com\\\/#organization\"},\"potentialAction\":[{\"@type\":\"SearchAction\",\"target\":{\"@type\":\"EntryPoint\",\"urlTemplate\":\"https:\\\/\\\/medikemosclinic.com\\\/?s={search_term_string}\"},\"query-input\":{\"@type\":\"PropertyValueSpecification\",\"valueRequired\":true,\"valueName\":\"search_term_string\"}}],\"inLanguage\":\"it-IT\"},{\"@type\":\"Organization\",\"@id\":\"https:\\\/\\\/medikemosclinic.com\\\/#organization\",\"name\":\"MeDiKemos Clinic\",\"url\":\"https:\\\/\\\/medikemosclinic.com\\\/\",\"logo\":{\"@type\":\"ImageObject\",\"inLanguage\":\"it-IT\",\"@id\":\"https:\\\/\\\/medikemosclinic.com\\\/#\\\/schema\\\/logo\\\/image\\\/\",\"url\":\"https:\\\/\\\/medikemosclinic.com\\\/wp-content\\\/uploads\\\/2017\\\/03\\\/Logo-MDK-sticky-retina.png\",\"contentUrl\":\"https:\\\/\\\/medikemosclinic.com\\\/wp-content\\\/uploads\\\/2017\\\/03\\\/Logo-MDK-sticky-retina.png\",\"width\":130,\"height\":130,\"caption\":\"MeDiKemos Clinic\"},\"image\":{\"@id\":\"https:\\\/\\\/medikemosclinic.com\\\/#\\\/schema\\\/logo\\\/image\\\/\"},\"sameAs\":[\"https:\\\/\\\/www.facebook.com\\\/medikemoshairtransplant\",\"https:\\\/\\\/www.linkedin.com\\\/company\\\/medikemos-clinic\",\"https:\\\/\\\/www.youtube.com\\\/user\\\/MHairTransplantation\\\/\"]}]}<\/script>\n<!-- \/ Yoast SEO plugin. -->","yoast_head_json":{"title":"Pattern femminile della perdita di capelli - Medikemos Clinic","robots":{"index":"index","follow":"follow","max-snippet":"max-snippet:-1","max-image-preview":"max-image-preview:large","max-video-preview":"max-video-preview:-1"},"canonical":"https:\/\/medikemosclinic.com\/it\/pattern-femminile-della-perdita-di-capelli\/","og_locale":"it_IT","og_type":"article","og_title":"Pattern femminile della perdita di capelli - Medikemos Clinic","og_url":"https:\/\/medikemosclinic.com\/it\/pattern-femminile-della-perdita-di-capelli\/","og_site_name":"Medikemos Clinic","article_publisher":"https:\/\/www.facebook.com\/medikemoshairtransplant","og_image":[{"url":"https:\/\/medikemosclinic.com\/wp-content\/uploads\/2017\/03\/The-Ludwig-Scale-of-Womens-Hair-Loss-Small.jpg","type":"","width":"","height":""}],"twitter_card":"summary_large_image","twitter_misc":{"Tempo di lettura stimato":"3 minuti"},"schema":{"@context":"https:\/\/schema.org","@graph":[{"@type":"WebPage","@id":"https:\/\/medikemosclinic.com\/it\/pattern-femminile-della-perdita-di-capelli\/","url":"https:\/\/medikemosclinic.com\/it\/pattern-femminile-della-perdita-di-capelli\/","name":"Pattern femminile della perdita di capelli - Medikemos Clinic","isPartOf":{"@id":"https:\/\/medikemosclinic.com\/#website"},"datePublished":"2019-08-10T12:38:09+00:00","breadcrumb":{"@id":"https:\/\/medikemosclinic.com\/it\/pattern-femminile-della-perdita-di-capelli\/#breadcrumb"},"inLanguage":"it-IT","potentialAction":[{"@type":"ReadAction","target":["https:\/\/medikemosclinic.com\/it\/pattern-femminile-della-perdita-di-capelli\/"]}]},{"@type":"BreadcrumbList","@id":"https:\/\/medikemosclinic.com\/it\/pattern-femminile-della-perdita-di-capelli\/#breadcrumb","itemListElement":[{"@type":"ListItem","position":1,"name":"Accueil","item":"https:\/\/medikemosclinic.com\/it\/"},{"@type":"ListItem","position":2,"name":"Pattern femminile della perdita di capelli"}]},{"@type":"WebSite","@id":"https:\/\/medikemosclinic.com\/#website","url":"https:\/\/medikemosclinic.com\/","name":"Medikemos Clinic","description":"Solution et traitement contre la chute de cheveux","publisher":{"@id":"https:\/\/medikemosclinic.com\/#organization"},"potentialAction":[{"@type":"SearchAction","target":{"@type":"EntryPoint","urlTemplate":"https:\/\/medikemosclinic.com\/?s={search_term_string}"},"query-input":{"@type":"PropertyValueSpecification","valueRequired":true,"valueName":"search_term_string"}}],"inLanguage":"it-IT"},{"@type":"Organization","@id":"https:\/\/medikemosclinic.com\/#organization","name":"MeDiKemos Clinic","url":"https:\/\/medikemosclinic.com\/","logo":{"@type":"ImageObject","inLanguage":"it-IT","@id":"https:\/\/medikemosclinic.com\/#\/schema\/logo\/image\/","url":"https:\/\/medikemosclinic.com\/wp-content\/uploads\/2017\/03\/Logo-MDK-sticky-retina.png","contentUrl":"https:\/\/medikemosclinic.com\/wp-content\/uploads\/2017\/03\/Logo-MDK-sticky-retina.png","width":130,"height":130,"caption":"MeDiKemos Clinic"},"image":{"@id":"https:\/\/medikemosclinic.com\/#\/schema\/logo\/image\/"},"sameAs":["https:\/\/www.facebook.com\/medikemoshairtransplant","https:\/\/www.linkedin.com\/company\/medikemos-clinic","https:\/\/www.youtube.com\/user\/MHairTransplantation\/"]}]}},"_links":{"self":[{"href":"https:\/\/medikemosclinic.com\/it\/wp-json\/wp\/v2\/pages\/3467","targetHints":{"allow":["GET"]}}],"collection":[{"href":"https:\/\/medikemosclinic.com\/it\/wp-json\/wp\/v2\/pages"}],"about":[{"href":"https:\/\/medikemosclinic.com\/it\/wp-json\/wp\/v2\/types\/page"}],"author":[{"embeddable":true,"href":"https:\/\/medikemosclinic.com\/it\/wp-json\/wp\/v2\/users\/1"}],"replies":[{"embeddable":true,"href":"https:\/\/medikemosclinic.com\/it\/wp-json\/wp\/v2\/comments?post=3467"}],"version-history":[{"count":1,"href":"https:\/\/medikemosclinic.com\/it\/wp-json\/wp\/v2\/pages\/3467\/revisions"}],"predecessor-version":[{"id":3468,"href":"https:\/\/medikemosclinic.com\/it\/wp-json\/wp\/v2\/pages\/3467\/revisions\/3468"}],"wp:attachment":[{"href":"https:\/\/medikemosclinic.com\/it\/wp-json\/wp\/v2\/media?parent=3467"}],"curies":[{"name":"wp","href":"https:\/\/api.w.org\/{rel}","templated":true}]}}