{"id":3469,"date":"2019-08-10T14:46:38","date_gmt":"2019-08-10T12:46:38","guid":{"rendered":"https:\/\/medikemosclinic.com\/?page_id=3469"},"modified":"2019-08-10T14:49:18","modified_gmt":"2019-08-10T12:49:18","slug":"ciclo-del-capello","status":"publish","type":"page","link":"https:\/\/medikemosclinic.com\/it\/ciclo-del-capello\/","title":{"rendered":"Ciclo del capello"},"content":{"rendered":"<div class=\"fusion-fullwidth fullwidth-box fusion-builder-row-1 nonhundred-percent-fullwidth non-hundred-percent-height-scrolling\" style=\"--awb-border-radius-top-left:0px;--awb-border-radius-top-right:0px;--awb-border-radius-bottom-right:0px;--awb-border-radius-bottom-left:0px;--awb-padding-top:20px;--awb-padding-bottom:20px;--awb-flex-wrap:wrap;\" ><div class=\"fusion-builder-row fusion-row\"><div class=\"fusion-layout-column fusion_builder_column fusion-builder-column-0 fusion_builder_column_1_1 1_1 fusion-one-full fusion-column-first fusion-column-last\" style=\"--awb-bg-size:cover;\"><div class=\"fusion-column-wrapper fusion-flex-column-wrapper-legacy\"><div class=\"fusion-text fusion-text-1\"><p>I capelli crescono in cicli ed \u00e8 un processo lento. Per completare un ciclo, possono essere necessari dai 3 ai 5 anni.<br \/>\nLe tre fasi della crescita dei capelli<\/p>\n<\/div><div class=\"fusion-image-element in-legacy-container\" style=\"--awb-caption-title-font-family:var(--h2_typography-font-family);--awb-caption-title-font-weight:var(--h2_typography-font-weight);--awb-caption-title-font-style:var(--h2_typography-font-style);--awb-caption-title-size:var(--h2_typography-font-size);--awb-caption-title-transform:var(--h2_typography-text-transform);--awb-caption-title-line-height:var(--h2_typography-line-height);--awb-caption-title-letter-spacing:var(--h2_typography-letter-spacing);\"><span class=\" fusion-imageframe imageframe-none imageframe-1 hover-type-none\"><a href=\"https:\/\/medikemosclinic.com\/wp-content\/uploads\/2017\/03\/anagen-catagen-telogen-B.jpg\" class=\"fusion-lightbox\" data-rel=\"iLightbox[c36b06035d82a08ebfa]\" data-title=\"anagen-catagen-telogen-B\" title=\"anagen-catagen-telogen\"><img decoding=\"async\" width=\"389\" height=\"240\" alt=\"anagen-catagen-telogen\" src=\"https:\/\/medikemosclinic.com\/wp-content\/uploads\/2017\/03\/anagen-catagen-telogen-1.jpg\" class=\"img-responsive wp-image-2201\" srcset=\"https:\/\/medikemosclinic.com\/wp-content\/uploads\/2017\/03\/anagen-catagen-telogen-1-200x123.jpg 200w, https:\/\/medikemosclinic.com\/wp-content\/uploads\/2017\/03\/anagen-catagen-telogen-1.jpg 389w\" sizes=\"(max-width: 1190px) 100vw, 389px\" \/><\/a><\/span><\/div><div class=\"fusion-text fusion-text-2\"><h3>Anagen<\/h3>\n<p><strong>Questa fase &#8220;attiva&#8221; del ciclo di crescita \u00e8 anche la pi\u00f9 lunga.<\/strong> Nel corso di tre\/cinque anni, i capelli crescono un po\u2019 ogni giorno. Una volta completata questa parte del ciclo, il follicolo entrer\u00e0 nella cosiddetta fase catagen:<\/p>\n<h3>Catagen<\/h3>\n<p><strong>Questa fase dura solo poche settimane.<\/strong><br \/>\nQuesta \u00e8 la parte del ciclo di crescita dei capelli in cui la parte inferiore del follicolo pilifero, di solito chiamata &#8220;bulbo&#8221;, si contrae e si separa dal flusso sanguigno nel cuoio capelluto. Mentre sarebbe logico supporre che il follicolo sia morto, dal momento che non ha un apporto di sangue, in realt\u00e0 non lo \u00e8. Sta entrando in uno stato di riposo.<\/p>\n<h3>Telogen<\/h3>\n<p><strong>La fase successiva \u00e8 la cosiddetta fase telogen, che pu\u00f2 causare ansia in molte persone.<\/strong> Quando i capelli passano dalla fase catagen alla fase telogen, il follicolo rilascia il fusto del capello e i capelli si staccano dal cuoio capelluto.<br \/>\nGeneralmente il follicolo si rigenera, si ricollega all&#8217;apporto di sangue nel cuoio capelluto e forma un nuovo capello. Il ciclo viene quindi ripetuto, a meno che non venga interrotto, ovvero quando si verificano diradamento o addirittura calvizie.<\/p>\n<p>\u00c8 perfettamente normale e non dovremmo preoccuparci che tra il 10% e il 15% di tutti i capelli sia nella fase telogen, in cui ogni giorno si perdono tra 100 e 200 capelli.<\/p>\n<\/div><div class=\"accordian fusion-accordian\" style=\"--awb-border-size:1px;--awb-icon-size:13px;--awb-content-font-size:20px;--awb-icon-alignment:left;--awb-hover-color:#f9f9f9;--awb-border-color:#cccccc;--awb-background-color:#ffffff;--awb-divider-color:#e0dede;--awb-divider-hover-color:#e0dede;--awb-icon-color:#ffffff;--awb-title-color:#df4b37;--awb-content-color:#333333;--awb-icon-box-color:rgba(25,66,102,0.65);--awb-toggle-hover-accent-color:#194266;--awb-title-font-family:Arial, Helvetica, sans-serif;--awb-title-font-weight:400;--awb-title-font-style:normal;--awb-title-font-size:20px;--awb-content-font-family:Arial, Helvetica, sans-serif;--awb-content-font-style:normal;--awb-content-font-weight:400;\"><div class=\"panel-group fusion-toggle-icon-boxed\" id=\"accordion-3469-1\"><div class=\"fusion-panel panel-default panel-b1a8e632934753f98 fusion-toggle-has-divider\"><div class=\"panel-heading\"><h4 class=\"panel-title toggle\" id=\"toggle_b1a8e632934753f98\"><a aria-expanded=\"false\" aria-controls=\"b1a8e632934753f98\" role=\"button\" data-toggle=\"collapse\" data-parent=\"#accordion-3469-1\" data-target=\"#b1a8e632934753f98\" href=\"#b1a8e632934753f98\"><span class=\"fusion-toggle-icon-wrapper\" aria-hidden=\"true\"><i class=\"fa-fusion-box active-icon awb-icon-minus\" aria-hidden=\"true\"><\/i><i class=\"fa-fusion-box inactive-icon awb-icon-plus\" aria-hidden=\"true\"><\/i><\/span><span class=\"fusion-toggle-heading\">Quando dovresti preoccuparti?<\/span><\/a><\/h4><\/div><div id=\"b1a8e632934753f98\" class=\"panel-collapse collapse \" aria-labelledby=\"toggle_b1a8e632934753f98\"><div class=\"panel-body toggle-content fusion-clearfix\">\n<p>Quando hai notato che i capelli si stanno assottigliando, hai gi\u00e0 perso circa il 50% dei capelli nell&#8217;area visibilmente interessata. Il 50%!!!<br \/>\nCome pu\u00f2 essere? Tutto ha a che fare con la percezione visiva.<\/p>\n<p>Spesso, la lunghezza dei capelli copre le aree colpite dalla caduta dei capelli, almeno in una certa misura. Tuttavia, una volta superata una certa soglia, la lunghezza non pu\u00f2 pi\u00f9 compensare la densit\u00e0 e la perdita di capelli diventa visibile.<\/p>\n<p>Pertanto, nella maggior parte dei casi, la perdita eccessiva di capelli resta appena percettibile fino a quando il diradamento non \u00e8 diventato piuttosto grave.<\/p>\n<\/div><\/div><\/div><div class=\"fusion-panel panel-default panel-c589c000325cb7078 fusion-toggle-has-divider\"><div class=\"panel-heading\"><h4 class=\"panel-title toggle\" id=\"toggle_c589c000325cb7078\"><a aria-expanded=\"false\" aria-controls=\"c589c000325cb7078\" role=\"button\" data-toggle=\"collapse\" data-parent=\"#accordion-3469-1\" data-target=\"#c589c000325cb7078\" href=\"#c589c000325cb7078\"><span class=\"fusion-toggle-icon-wrapper\" aria-hidden=\"true\"><i class=\"fa-fusion-box active-icon awb-icon-minus\" aria-hidden=\"true\"><\/i><i class=\"fa-fusion-box inactive-icon awb-icon-plus\" aria-hidden=\"true\"><\/i><\/span><span class=\"fusion-toggle-heading\">Che cosa causa la caduta dei capelli?<\/span><\/a><\/h4><\/div><div id=\"c589c000325cb7078\" class=\"panel-collapse collapse \" aria-labelledby=\"toggle_c589c000325cb7078\"><div class=\"panel-body toggle-content fusion-clearfix\">L&#8217;alopecia androgenetica \u00e8 causata da un ormone noto come diidrotestosterone (DHT). Questo ormone aderisce a livello cellulare al bulbo del follicolo e influenza il modo in cui il follicolo riceve nutrimento. Nel corso del tempo, il follicolo non si riprender\u00e0 dalla fase telogen in modo cos\u00ec robusto come quando non era affetto dal DHT. La fase di crescita anagen si accorcia e il fusto del capello non cresce abbastanza o non matura fino al suo diametro completo. Questo fenomeno \u00e8 noto come miniaturizzazione del follicolo pilifero. Nel mondo della perdita dei capelli e del ripristino, i capelli sani sono noti come &#8220;capelli terminali&#8221;, mentre quelli colpiti dal DHT sono chiamati &#8220;capelli miniaturizzati\u201d.<\/div><\/div><\/div><div class=\"fusion-panel panel-default panel-5e2883573cc777682 fusion-toggle-has-divider\"><div class=\"panel-heading\"><h4 class=\"panel-title toggle\" id=\"toggle_5e2883573cc777682\"><a aria-expanded=\"false\" aria-controls=\"5e2883573cc777682\" role=\"button\" data-toggle=\"collapse\" data-parent=\"#accordion-3469-1\" data-target=\"#5e2883573cc777682\" href=\"#5e2883573cc777682\"><span class=\"fusion-toggle-icon-wrapper\" aria-hidden=\"true\"><i class=\"fa-fusion-box active-icon awb-icon-minus\" aria-hidden=\"true\"><\/i><i class=\"fa-fusion-box inactive-icon awb-icon-plus\" aria-hidden=\"true\"><\/i><\/span><span class=\"fusion-toggle-heading\">Come faccio a sapere se i miei capelli sono miniaturizzati?<\/span><\/a><\/h4><\/div><div id=\"5e2883573cc777682\" class=\"panel-collapse collapse \" aria-labelledby=\"toggle_5e2883573cc777682\"><div class=\"panel-body toggle-content fusion-clearfix\">\n<p>I primi segni si manifestano con i capelli che non crescono pi\u00f9 come prima. Pu\u00f2 anche succedere di sentirli pi\u00f9 sottili quando ci si pettina. Tuttavia, quando ti rendi conto di questi cambiamenti, probabilmente hai gi\u00e0 raggiunto uno stadio avanzato di perdita di capelli. Pertanto, \u00e8 meglio contattare un professionista esperto per aiutarti a capire se sei affetto dalla miniaturizzazione del follicolo pilifero. Gli esperti includono dermatologi, medici per il trapianto di capelli o di personale qualificato che lavori in cliniche specializzate in trapianto di capelli. Con l&#8217;aiuto di microscopi tecnici possono scoprire se i follicoli dei capelli sono miniaturizzati o se \u00e8 qualche altra causa a influenzare il loro aspetto.<\/p>\n<p>Tuttavia, quando senti che questo confronto \u00e8 necessario, gli effetti del DHT di solito hanno gi\u00e0 raggiunto uno stadio avanzato cui sono visibili. Quindi, se senti che i tuoi capelli sono radi, non cos\u00ec voluminosi come prima e che hanno cambiato consistenza, ti consigliamo di consultare uno specialista nel ripristino dei capelli in modo da studiare un piano individuale.<\/p>\n<\/div><\/div><\/div><\/div><\/div><div class=\"fusion-clearfix\"><\/div><\/div><\/div><\/div><\/div>\n","protected":false},"excerpt":{"rendered":"","protected":false},"author":1,"featured_media":0,"parent":0,"menu_order":0,"comment_status":"closed","ping_status":"closed","template":"","meta":{"_monsterinsights_skip_tracking":false,"_monsterinsights_sitenote_active":false,"_monsterinsights_sitenote_note":"","_monsterinsights_sitenote_category":0,"footnotes":""},"class_list":["post-3469","page","type-page","status-publish","hentry"],"yoast_head":"<!-- This site is optimized with the Yoast SEO plugin v27.6 - https:\/\/yoast.com\/product\/yoast-seo-wordpress\/ -->\n<title>Ciclo del capello - Medikemos Clinic<\/title>\n<meta name=\"robots\" content=\"index, follow, max-snippet:-1, max-image-preview:large, max-video-preview:-1\" \/>\n<link rel=\"canonical\" href=\"https:\/\/medikemosclinic.com\/it\/ciclo-del-capello\/\" \/>\n<meta property=\"og:locale\" content=\"it_IT\" \/>\n<meta property=\"og:type\" content=\"article\" \/>\n<meta property=\"og:title\" content=\"Ciclo del capello - Medikemos Clinic\" \/>\n<meta property=\"og:url\" content=\"https:\/\/medikemosclinic.com\/it\/ciclo-del-capello\/\" \/>\n<meta property=\"og:site_name\" content=\"Medikemos Clinic\" \/>\n<meta property=\"article:publisher\" content=\"https:\/\/www.facebook.com\/medikemoshairtransplant\" \/>\n<meta property=\"article:modified_time\" content=\"2019-08-10T12:49:18+00:00\" \/>\n<meta name=\"twitter:card\" content=\"summary_large_image\" \/>\n<meta name=\"twitter:label1\" content=\"Tempo di lettura stimato\" \/>\n\t<meta name=\"twitter:data1\" content=\"5 minuti\" \/>\n<script type=\"application\/ld+json\" class=\"yoast-schema-graph\">{\"@context\":\"https:\\\/\\\/schema.org\",\"@graph\":[{\"@type\":\"WebPage\",\"@id\":\"https:\\\/\\\/medikemosclinic.com\\\/it\\\/ciclo-del-capello\\\/\",\"url\":\"https:\\\/\\\/medikemosclinic.com\\\/it\\\/ciclo-del-capello\\\/\",\"name\":\"Ciclo del capello - Medikemos Clinic\",\"isPartOf\":{\"@id\":\"https:\\\/\\\/medikemosclinic.com\\\/#website\"},\"datePublished\":\"2019-08-10T12:46:38+00:00\",\"dateModified\":\"2019-08-10T12:49:18+00:00\",\"breadcrumb\":{\"@id\":\"https:\\\/\\\/medikemosclinic.com\\\/it\\\/ciclo-del-capello\\\/#breadcrumb\"},\"inLanguage\":\"it-IT\",\"potentialAction\":[{\"@type\":\"ReadAction\",\"target\":[\"https:\\\/\\\/medikemosclinic.com\\\/it\\\/ciclo-del-capello\\\/\"]}]},{\"@type\":\"BreadcrumbList\",\"@id\":\"https:\\\/\\\/medikemosclinic.com\\\/it\\\/ciclo-del-capello\\\/#breadcrumb\",\"itemListElement\":[{\"@type\":\"ListItem\",\"position\":1,\"name\":\"Accueil\",\"item\":\"https:\\\/\\\/medikemosclinic.com\\\/it\\\/\"},{\"@type\":\"ListItem\",\"position\":2,\"name\":\"Ciclo del capello\"}]},{\"@type\":\"WebSite\",\"@id\":\"https:\\\/\\\/medikemosclinic.com\\\/#website\",\"url\":\"https:\\\/\\\/medikemosclinic.com\\\/\",\"name\":\"Medikemos Clinic\",\"description\":\"Solution et traitement contre la chute de cheveux\",\"publisher\":{\"@id\":\"https:\\\/\\\/medikemosclinic.com\\\/#organization\"},\"potentialAction\":[{\"@type\":\"SearchAction\",\"target\":{\"@type\":\"EntryPoint\",\"urlTemplate\":\"https:\\\/\\\/medikemosclinic.com\\\/?s={search_term_string}\"},\"query-input\":{\"@type\":\"PropertyValueSpecification\",\"valueRequired\":true,\"valueName\":\"search_term_string\"}}],\"inLanguage\":\"it-IT\"},{\"@type\":\"Organization\",\"@id\":\"https:\\\/\\\/medikemosclinic.com\\\/#organization\",\"name\":\"MeDiKemos Clinic\",\"url\":\"https:\\\/\\\/medikemosclinic.com\\\/\",\"logo\":{\"@type\":\"ImageObject\",\"inLanguage\":\"it-IT\",\"@id\":\"https:\\\/\\\/medikemosclinic.com\\\/#\\\/schema\\\/logo\\\/image\\\/\",\"url\":\"https:\\\/\\\/medikemosclinic.com\\\/wp-content\\\/uploads\\\/2017\\\/03\\\/Logo-MDK-sticky-retina.png\",\"contentUrl\":\"https:\\\/\\\/medikemosclinic.com\\\/wp-content\\\/uploads\\\/2017\\\/03\\\/Logo-MDK-sticky-retina.png\",\"width\":130,\"height\":130,\"caption\":\"MeDiKemos Clinic\"},\"image\":{\"@id\":\"https:\\\/\\\/medikemosclinic.com\\\/#\\\/schema\\\/logo\\\/image\\\/\"},\"sameAs\":[\"https:\\\/\\\/www.facebook.com\\\/medikemoshairtransplant\",\"https:\\\/\\\/www.linkedin.com\\\/company\\\/medikemos-clinic\",\"https:\\\/\\\/www.youtube.com\\\/user\\\/MHairTransplantation\\\/\"]}]}<\/script>\n<!-- \/ Yoast SEO plugin. -->","yoast_head_json":{"title":"Ciclo del capello - Medikemos Clinic","robots":{"index":"index","follow":"follow","max-snippet":"max-snippet:-1","max-image-preview":"max-image-preview:large","max-video-preview":"max-video-preview:-1"},"canonical":"https:\/\/medikemosclinic.com\/it\/ciclo-del-capello\/","og_locale":"it_IT","og_type":"article","og_title":"Ciclo del capello - Medikemos Clinic","og_url":"https:\/\/medikemosclinic.com\/it\/ciclo-del-capello\/","og_site_name":"Medikemos Clinic","article_publisher":"https:\/\/www.facebook.com\/medikemoshairtransplant","article_modified_time":"2019-08-10T12:49:18+00:00","twitter_card":"summary_large_image","twitter_misc":{"Tempo di lettura stimato":"5 minuti"},"schema":{"@context":"https:\/\/schema.org","@graph":[{"@type":"WebPage","@id":"https:\/\/medikemosclinic.com\/it\/ciclo-del-capello\/","url":"https:\/\/medikemosclinic.com\/it\/ciclo-del-capello\/","name":"Ciclo del capello - Medikemos Clinic","isPartOf":{"@id":"https:\/\/medikemosclinic.com\/#website"},"datePublished":"2019-08-10T12:46:38+00:00","dateModified":"2019-08-10T12:49:18+00:00","breadcrumb":{"@id":"https:\/\/medikemosclinic.com\/it\/ciclo-del-capello\/#breadcrumb"},"inLanguage":"it-IT","potentialAction":[{"@type":"ReadAction","target":["https:\/\/medikemosclinic.com\/it\/ciclo-del-capello\/"]}]},{"@type":"BreadcrumbList","@id":"https:\/\/medikemosclinic.com\/it\/ciclo-del-capello\/#breadcrumb","itemListElement":[{"@type":"ListItem","position":1,"name":"Accueil","item":"https:\/\/medikemosclinic.com\/it\/"},{"@type":"ListItem","position":2,"name":"Ciclo del capello"}]},{"@type":"WebSite","@id":"https:\/\/medikemosclinic.com\/#website","url":"https:\/\/medikemosclinic.com\/","name":"Medikemos Clinic","description":"Solution et traitement contre la chute de cheveux","publisher":{"@id":"https:\/\/medikemosclinic.com\/#organization"},"potentialAction":[{"@type":"SearchAction","target":{"@type":"EntryPoint","urlTemplate":"https:\/\/medikemosclinic.com\/?s={search_term_string}"},"query-input":{"@type":"PropertyValueSpecification","valueRequired":true,"valueName":"search_term_string"}}],"inLanguage":"it-IT"},{"@type":"Organization","@id":"https:\/\/medikemosclinic.com\/#organization","name":"MeDiKemos Clinic","url":"https:\/\/medikemosclinic.com\/","logo":{"@type":"ImageObject","inLanguage":"it-IT","@id":"https:\/\/medikemosclinic.com\/#\/schema\/logo\/image\/","url":"https:\/\/medikemosclinic.com\/wp-content\/uploads\/2017\/03\/Logo-MDK-sticky-retina.png","contentUrl":"https:\/\/medikemosclinic.com\/wp-content\/uploads\/2017\/03\/Logo-MDK-sticky-retina.png","width":130,"height":130,"caption":"MeDiKemos Clinic"},"image":{"@id":"https:\/\/medikemosclinic.com\/#\/schema\/logo\/image\/"},"sameAs":["https:\/\/www.facebook.com\/medikemoshairtransplant","https:\/\/www.linkedin.com\/company\/medikemos-clinic","https:\/\/www.youtube.com\/user\/MHairTransplantation\/"]}]}},"_links":{"self":[{"href":"https:\/\/medikemosclinic.com\/it\/wp-json\/wp\/v2\/pages\/3469","targetHints":{"allow":["GET"]}}],"collection":[{"href":"https:\/\/medikemosclinic.com\/it\/wp-json\/wp\/v2\/pages"}],"about":[{"href":"https:\/\/medikemosclinic.com\/it\/wp-json\/wp\/v2\/types\/page"}],"author":[{"embeddable":true,"href":"https:\/\/medikemosclinic.com\/it\/wp-json\/wp\/v2\/users\/1"}],"replies":[{"embeddable":true,"href":"https:\/\/medikemosclinic.com\/it\/wp-json\/wp\/v2\/comments?post=3469"}],"version-history":[{"count":2,"href":"https:\/\/medikemosclinic.com\/it\/wp-json\/wp\/v2\/pages\/3469\/revisions"}],"predecessor-version":[{"id":3471,"href":"https:\/\/medikemosclinic.com\/it\/wp-json\/wp\/v2\/pages\/3469\/revisions\/3471"}],"wp:attachment":[{"href":"https:\/\/medikemosclinic.com\/it\/wp-json\/wp\/v2\/media?parent=3469"}],"curies":[{"name":"wp","href":"https:\/\/api.w.org\/{rel}","templated":true}]}}