{"id":3472,"date":"2019-08-10T14:57:08","date_gmt":"2019-08-10T12:57:08","guid":{"rendered":"https:\/\/medikemosclinic.com\/?page_id=3472"},"modified":"2019-08-10T14:57:08","modified_gmt":"2019-08-10T12:57:08","slug":"farmaci-per-la-perdita-di-capelli","status":"publish","type":"page","link":"https:\/\/medikemosclinic.com\/it\/farmaci-per-la-perdita-di-capelli\/","title":{"rendered":"Farmaci per la perdita di capelli"},"content":{"rendered":"<div class=\"fusion-fullwidth fullwidth-box fusion-builder-row-1 nonhundred-percent-fullwidth non-hundred-percent-height-scrolling\" style=\"--awb-border-radius-top-left:0px;--awb-border-radius-top-right:0px;--awb-border-radius-bottom-right:0px;--awb-border-radius-bottom-left:0px;--awb-padding-top:20px;--awb-padding-bottom:20px;--awb-flex-wrap:wrap;\" ><div class=\"fusion-builder-row fusion-row\"><div class=\"fusion-layout-column fusion_builder_column fusion-builder-column-0 fusion_builder_column_1_1 1_1 fusion-one-full fusion-column-first fusion-column-last\" style=\"--awb-bg-size:cover;\"><div class=\"fusion-column-wrapper fusion-flex-column-wrapper-legacy\"><div class=\"fusion-text fusion-text-1\"><h3>Farmaci per la perdita di capelli<\/h3>\n<p>Internet \u00e8 pieno di prodotti che promettono di combattere la caduta dei capelli in modo facile, veloce ed economico. Quante volte hai cercato online e hai trovato una pubblicit\u00e0 per un rimedio contro la calvizie? Trattamenti laser, estratti naturali di erbe, polveri, bevande, tinture botaniche, stimolatori della crescita dei capelli, integratori alimentari, elisir &#8230; l&#8217;elenco di prodotti che promettono di stimolare la crescita dei capelli \u00e8 infinito. L\u2019industria della perdita di capelli nel suo complesso vale miliardi di euro, ma la verit\u00e0 \u00e8 che ci sono solo due farmaci per la perdita dei capelli che hanno dimostrato di funzionare.<\/p>\n<h3>Minoxidil<\/h3>\n<p>Uno di questi due farmaci \u00e8 chiamato minoxidil ed \u00e8 commercializzato con il marchio Regaine\u00ae o Rogaine\u00ae (negli Stati Uniti). Sviluppato negli Stati Uniti, \u00e8 stato il primo prodotto a trattare la perdita di capelli approvato dalla Food and Drug Administration (FDA) nel 1988. In origine era disponibile in una soluzione topica al 2% che, applicata al cuoio capelluto, ha dimostrato di rallentare la caduta dei capelli e promuovere la ricrescita. Nove anni dopo \u00e8 stata approvata una versione pi\u00f9 potente con un contenuto di minoxidil del 5%, aumentando il tasso di ricrescita del suo predecessore di un sorprendente 45%. Il minoxidil \u00e8 stato inizialmente commercializzato per gli uomini, ma la formula al 2% \u00e8 ora utilizzata anche per il trattamento della calvizie femminile.<\/p>\n<p><strong>Il minoxidil \u00e8 l&#8217;unico farmaco raccomandato per le donne poich\u00e9 l&#8217;efficacia di Finasteride nelle donne \u00e8 oggetto di controversie e i potenziali effetti collaterali superano i benefici.<\/strong><\/p>\n<h3>Finasteride<\/h3>\n<p>La finasteride blocca la produzione di DHT ed \u00e8 l&#8217;unico farmaco orale approvato che sia efficace nel trattamento della calvizie maschile.<br \/>Forse pensi che ci sia una scelta tra fare un trapianto di capelli e assumere farmaci, ma non \u00e8 cos\u00ec. Anche se un trapianto di capelli aiuter\u00e0 a ripristinare le zone che sono gi\u00e0 calve, non impedisce alle altre zone del cuoio capelluto di essere colpite dalla caduta dei capelli.<\/p>\n<p><strong>Pertanto, quando ci si sottopone a un trattamento presso Medikemos, il Dr. Lupanzula istruir\u00e0 sulle varie opzioni e svilupper\u00e0 un piano personalizzato di ripristino dei capelli in modo da poter avere risultati duraturi.<\/strong><\/p>\n<\/div><div class=\"fusion-clearfix\"><\/div><\/div><\/div><\/div><\/div>\n","protected":false},"excerpt":{"rendered":"","protected":false},"author":1,"featured_media":0,"parent":0,"menu_order":0,"comment_status":"closed","ping_status":"closed","template":"100-width.php","meta":{"_monsterinsights_skip_tracking":false,"_monsterinsights_sitenote_active":false,"_monsterinsights_sitenote_note":"","_monsterinsights_sitenote_category":0,"footnotes":""},"class_list":["post-3472","page","type-page","status-publish","hentry"],"yoast_head":"<!-- This site is optimized with the Yoast SEO plugin v27.4 - https:\/\/yoast.com\/product\/yoast-seo-wordpress\/ -->\n<title>Farmaci per la perdita di capelli - Medikemos Clinic<\/title>\n<meta name=\"robots\" content=\"index, follow, max-snippet:-1, max-image-preview:large, max-video-preview:-1\" \/>\n<link rel=\"canonical\" href=\"https:\/\/medikemosclinic.com\/it\/farmaci-per-la-perdita-di-capelli\/\" \/>\n<meta property=\"og:locale\" content=\"it_IT\" \/>\n<meta property=\"og:type\" content=\"article\" \/>\n<meta property=\"og:title\" content=\"Farmaci per la perdita di capelli - Medikemos Clinic\" \/>\n<meta property=\"og:url\" content=\"https:\/\/medikemosclinic.com\/it\/farmaci-per-la-perdita-di-capelli\/\" \/>\n<meta property=\"og:site_name\" content=\"Medikemos Clinic\" \/>\n<meta property=\"article:publisher\" content=\"https:\/\/www.facebook.com\/medikemoshairtransplant\" \/>\n<meta name=\"twitter:card\" content=\"summary_large_image\" \/>\n<meta name=\"twitter:label1\" content=\"Tempo di lettura stimato\" \/>\n\t<meta name=\"twitter:data1\" content=\"2 minuti\" \/>\n<script type=\"application\/ld+json\" class=\"yoast-schema-graph\">{\"@context\":\"https:\\\/\\\/schema.org\",\"@graph\":[{\"@type\":\"WebPage\",\"@id\":\"https:\\\/\\\/medikemosclinic.com\\\/it\\\/farmaci-per-la-perdita-di-capelli\\\/\",\"url\":\"https:\\\/\\\/medikemosclinic.com\\\/it\\\/farmaci-per-la-perdita-di-capelli\\\/\",\"name\":\"Farmaci per la perdita di capelli - Medikemos Clinic\",\"isPartOf\":{\"@id\":\"https:\\\/\\\/medikemosclinic.com\\\/#website\"},\"datePublished\":\"2019-08-10T12:57:08+00:00\",\"breadcrumb\":{\"@id\":\"https:\\\/\\\/medikemosclinic.com\\\/it\\\/farmaci-per-la-perdita-di-capelli\\\/#breadcrumb\"},\"inLanguage\":\"it-IT\",\"potentialAction\":[{\"@type\":\"ReadAction\",\"target\":[\"https:\\\/\\\/medikemosclinic.com\\\/it\\\/farmaci-per-la-perdita-di-capelli\\\/\"]}]},{\"@type\":\"BreadcrumbList\",\"@id\":\"https:\\\/\\\/medikemosclinic.com\\\/it\\\/farmaci-per-la-perdita-di-capelli\\\/#breadcrumb\",\"itemListElement\":[{\"@type\":\"ListItem\",\"position\":1,\"name\":\"Accueil\",\"item\":\"https:\\\/\\\/medikemosclinic.com\\\/it\\\/\"},{\"@type\":\"ListItem\",\"position\":2,\"name\":\"Farmaci per la perdita di capelli\"}]},{\"@type\":\"WebSite\",\"@id\":\"https:\\\/\\\/medikemosclinic.com\\\/#website\",\"url\":\"https:\\\/\\\/medikemosclinic.com\\\/\",\"name\":\"Medikemos Clinic\",\"description\":\"Solution et traitement contre la chute de cheveux\",\"publisher\":{\"@id\":\"https:\\\/\\\/medikemosclinic.com\\\/#organization\"},\"potentialAction\":[{\"@type\":\"SearchAction\",\"target\":{\"@type\":\"EntryPoint\",\"urlTemplate\":\"https:\\\/\\\/medikemosclinic.com\\\/?s={search_term_string}\"},\"query-input\":{\"@type\":\"PropertyValueSpecification\",\"valueRequired\":true,\"valueName\":\"search_term_string\"}}],\"inLanguage\":\"it-IT\"},{\"@type\":\"Organization\",\"@id\":\"https:\\\/\\\/medikemosclinic.com\\\/#organization\",\"name\":\"MeDiKemos Clinic\",\"url\":\"https:\\\/\\\/medikemosclinic.com\\\/\",\"logo\":{\"@type\":\"ImageObject\",\"inLanguage\":\"it-IT\",\"@id\":\"https:\\\/\\\/medikemosclinic.com\\\/#\\\/schema\\\/logo\\\/image\\\/\",\"url\":\"https:\\\/\\\/medikemosclinic.com\\\/wp-content\\\/uploads\\\/2017\\\/03\\\/Logo-MDK-sticky-retina.png\",\"contentUrl\":\"https:\\\/\\\/medikemosclinic.com\\\/wp-content\\\/uploads\\\/2017\\\/03\\\/Logo-MDK-sticky-retina.png\",\"width\":130,\"height\":130,\"caption\":\"MeDiKemos Clinic\"},\"image\":{\"@id\":\"https:\\\/\\\/medikemosclinic.com\\\/#\\\/schema\\\/logo\\\/image\\\/\"},\"sameAs\":[\"https:\\\/\\\/www.facebook.com\\\/medikemoshairtransplant\",\"https:\\\/\\\/www.linkedin.com\\\/company\\\/medikemos-clinic\",\"https:\\\/\\\/www.youtube.com\\\/user\\\/MHairTransplantation\\\/\"]}]}<\/script>\n<!-- \/ Yoast SEO plugin. -->","yoast_head_json":{"title":"Farmaci per la perdita di capelli - Medikemos Clinic","robots":{"index":"index","follow":"follow","max-snippet":"max-snippet:-1","max-image-preview":"max-image-preview:large","max-video-preview":"max-video-preview:-1"},"canonical":"https:\/\/medikemosclinic.com\/it\/farmaci-per-la-perdita-di-capelli\/","og_locale":"it_IT","og_type":"article","og_title":"Farmaci per la perdita di capelli - Medikemos Clinic","og_url":"https:\/\/medikemosclinic.com\/it\/farmaci-per-la-perdita-di-capelli\/","og_site_name":"Medikemos Clinic","article_publisher":"https:\/\/www.facebook.com\/medikemoshairtransplant","twitter_card":"summary_large_image","twitter_misc":{"Tempo di lettura stimato":"2 minuti"},"schema":{"@context":"https:\/\/schema.org","@graph":[{"@type":"WebPage","@id":"https:\/\/medikemosclinic.com\/it\/farmaci-per-la-perdita-di-capelli\/","url":"https:\/\/medikemosclinic.com\/it\/farmaci-per-la-perdita-di-capelli\/","name":"Farmaci per la perdita di capelli - Medikemos Clinic","isPartOf":{"@id":"https:\/\/medikemosclinic.com\/#website"},"datePublished":"2019-08-10T12:57:08+00:00","breadcrumb":{"@id":"https:\/\/medikemosclinic.com\/it\/farmaci-per-la-perdita-di-capelli\/#breadcrumb"},"inLanguage":"it-IT","potentialAction":[{"@type":"ReadAction","target":["https:\/\/medikemosclinic.com\/it\/farmaci-per-la-perdita-di-capelli\/"]}]},{"@type":"BreadcrumbList","@id":"https:\/\/medikemosclinic.com\/it\/farmaci-per-la-perdita-di-capelli\/#breadcrumb","itemListElement":[{"@type":"ListItem","position":1,"name":"Accueil","item":"https:\/\/medikemosclinic.com\/it\/"},{"@type":"ListItem","position":2,"name":"Farmaci per la perdita di capelli"}]},{"@type":"WebSite","@id":"https:\/\/medikemosclinic.com\/#website","url":"https:\/\/medikemosclinic.com\/","name":"Medikemos Clinic","description":"Solution et traitement contre la chute de cheveux","publisher":{"@id":"https:\/\/medikemosclinic.com\/#organization"},"potentialAction":[{"@type":"SearchAction","target":{"@type":"EntryPoint","urlTemplate":"https:\/\/medikemosclinic.com\/?s={search_term_string}"},"query-input":{"@type":"PropertyValueSpecification","valueRequired":true,"valueName":"search_term_string"}}],"inLanguage":"it-IT"},{"@type":"Organization","@id":"https:\/\/medikemosclinic.com\/#organization","name":"MeDiKemos Clinic","url":"https:\/\/medikemosclinic.com\/","logo":{"@type":"ImageObject","inLanguage":"it-IT","@id":"https:\/\/medikemosclinic.com\/#\/schema\/logo\/image\/","url":"https:\/\/medikemosclinic.com\/wp-content\/uploads\/2017\/03\/Logo-MDK-sticky-retina.png","contentUrl":"https:\/\/medikemosclinic.com\/wp-content\/uploads\/2017\/03\/Logo-MDK-sticky-retina.png","width":130,"height":130,"caption":"MeDiKemos Clinic"},"image":{"@id":"https:\/\/medikemosclinic.com\/#\/schema\/logo\/image\/"},"sameAs":["https:\/\/www.facebook.com\/medikemoshairtransplant","https:\/\/www.linkedin.com\/company\/medikemos-clinic","https:\/\/www.youtube.com\/user\/MHairTransplantation\/"]}]}},"_links":{"self":[{"href":"https:\/\/medikemosclinic.com\/it\/wp-json\/wp\/v2\/pages\/3472","targetHints":{"allow":["GET"]}}],"collection":[{"href":"https:\/\/medikemosclinic.com\/it\/wp-json\/wp\/v2\/pages"}],"about":[{"href":"https:\/\/medikemosclinic.com\/it\/wp-json\/wp\/v2\/types\/page"}],"author":[{"embeddable":true,"href":"https:\/\/medikemosclinic.com\/it\/wp-json\/wp\/v2\/users\/1"}],"replies":[{"embeddable":true,"href":"https:\/\/medikemosclinic.com\/it\/wp-json\/wp\/v2\/comments?post=3472"}],"version-history":[{"count":1,"href":"https:\/\/medikemosclinic.com\/it\/wp-json\/wp\/v2\/pages\/3472\/revisions"}],"predecessor-version":[{"id":3473,"href":"https:\/\/medikemosclinic.com\/it\/wp-json\/wp\/v2\/pages\/3472\/revisions\/3473"}],"wp:attachment":[{"href":"https:\/\/medikemosclinic.com\/it\/wp-json\/wp\/v2\/media?parent=3472"}],"curies":[{"name":"wp","href":"https:\/\/api.w.org\/{rel}","templated":true}]}}